{"id":5597,"date":"2024-04-09T12:00:30","date_gmt":"2024-04-09T10:00:30","guid":{"rendered":"https:\/\/www.loreedusabia.com\/?post_type=product&#038;p=5597"},"modified":"2025-10-30T11:15:02","modified_gmt":"2025-10-30T10:15:02","slug":"sea-cep-sun","status":"publish","type":"product","link":"https:\/\/www.loreedusabia.com\/fr\/produit\/sea-cep-sun\/","title":{"rendered":"Sea, Cep &#038; Sun"},"content":{"rendered":"<h2>L&rsquo;anecdote :<\/h2>\n<h6>Vin solidaire, une partie des b\u00e9n\u00e9fices de la vente de cette cuv\u00e9e est revers\u00e9s \u00e0 \u00ab\u00a0Toit Nepal Carbon Blanc\u00a0\u00bb association aidant \u00e0 la scolarisation d&rsquo;enfants d\u00e9favoris\u00e9s au N\u00e9pal.<\/h6>\n","protected":false},"excerpt":{"rendered":"<h5><span style=\"color: #808080;\">IGP Val de Loire<\/span><\/h5>\n<p>Cette cuv\u00e9e, qui s\u2019exprime sur la fra\u00eecheur et la salinit\u00e9, est issue d\u2019un assemblage de diff\u00e9rentes parcelles de Groleau Gris et de Chenin. C\u2019est un vin sur le fruit qui accompagnera \u00e0 merveille vos ap\u00e9ritifs ou vos fruits de mer<\/p>\n","protected":false},"featured_media":5859,"template":"","meta":{"_acf_changed":false},"product_brand":[],"product_cat":[69],"product_tag":[],"class_list":{"0":"post-5597","1":"product","2":"type-product","3":"status-publish","4":"has-post-thumbnail","6":"product_cat-nos-vins-blancs","8":"first","9":"outofstock","10":"taxable","11":"shipping-taxable","12":"purchasable","13":"product-type-variable","14":"has-default-attributes"},"acf":[],"yoast_head":"<!-- This site is optimized with the Yoast SEO plugin v24.3 - https:\/\/yoast.com\/wordpress\/plugins\/seo\/ -->\n<title>Sea, Cep &amp; Sun - L&#039;Or\u00e9e du Sabia - Vigneron Oc\u00e9anique<\/title>\n<meta name=\"description\" content=\"Sea, Cep &amp; Sun, assemblage de Chenin et de Groleau Gris vin blanc sec fruit\u00e9 avec des notes salines, pour accompagner les fruits de mers\" \/>\n<meta name=\"robots\" content=\"index, follow, max-snippet:-1, max-image-preview:large, max-video-preview:-1\" \/>\n<link rel=\"canonical\" href=\"https:\/\/www.loreedusabia.com\/fr\/produit\/sea-cep-sun\/\" \/>\n<meta property=\"og:locale\" content=\"fr_FR\" \/>\n<meta property=\"og:type\" content=\"article\" \/>\n<meta property=\"og:title\" content=\"Sea, Cep &amp; Sun - L&#039;Or\u00e9e du Sabia - Vigneron Oc\u00e9anique\" \/>\n<meta property=\"og:description\" content=\"Sea, Cep &amp; Sun, assemblage de Chenin et de Groleau Gris vin blanc sec fruit\u00e9 avec des notes salines, pour accompagner les fruits de mers\" \/>\n<meta property=\"og:url\" content=\"https:\/\/www.loreedusabia.com\/fr\/produit\/sea-cep-sun\/\" \/>\n<meta property=\"og:site_name\" content=\"L&#039;Or\u00e9e du Sabia - Vigneron Oc\u00e9anique\" \/>\n<meta property=\"article:modified_time\" content=\"2025-10-30T10:15:02+00:00\" \/>\n<meta property=\"og:image\" content=\"https:\/\/www.loreedusabia.com\/wp-content\/uploads\/2025\/06\/SCS-24.png\" \/>\n\t<meta property=\"og:image:width\" content=\"894\" \/>\n\t<meta property=\"og:image:height\" content=\"870\" \/>\n\t<meta property=\"og:image:type\" content=\"image\/png\" \/>\n<meta name=\"twitter:card\" content=\"summary_large_image\" \/>\n<meta name=\"twitter:label1\" content=\"Dur\u00e9e de lecture estim\u00e9e\" \/>\n\t<meta name=\"twitter:data1\" content=\"1 minute\" \/>\n<script type=\"application\/ld+json\" class=\"yoast-schema-graph\">{\"@context\":\"https:\/\/schema.org\",\"@graph\":[{\"@type\":\"WebPage\",\"@id\":\"https:\/\/www.loreedusabia.com\/fr\/produit\/sea-cep-sun\/\",\"url\":\"https:\/\/www.loreedusabia.com\/fr\/produit\/sea-cep-sun\/\",\"name\":\"Sea, Cep & Sun - L&#039;Or\u00e9e du Sabia - Vigneron Oc\u00e9anique\",\"isPartOf\":{\"@id\":\"https:\/\/www.loreedusabia.com\/fr\/#website\"},\"primaryImageOfPage\":{\"@id\":\"https:\/\/www.loreedusabia.com\/fr\/produit\/sea-cep-sun\/#primaryimage\"},\"image\":{\"@id\":\"https:\/\/www.loreedusabia.com\/fr\/produit\/sea-cep-sun\/#primaryimage\"},\"thumbnailUrl\":\"https:\/\/www.loreedusabia.com\/wp-content\/uploads\/2025\/06\/SCS-24.png\",\"datePublished\":\"2024-04-09T10:00:30+00:00\",\"dateModified\":\"2025-10-30T10:15:02+00:00\",\"description\":\"Sea, Cep & Sun, assemblage de Chenin et de Groleau Gris vin blanc sec fruit\u00e9 avec des notes salines, pour accompagner les fruits de mers\",\"breadcrumb\":{\"@id\":\"https:\/\/www.loreedusabia.com\/fr\/produit\/sea-cep-sun\/#breadcrumb\"},\"inLanguage\":\"fr-FR\",\"potentialAction\":[{\"@type\":\"ReadAction\",\"target\":[\"https:\/\/www.loreedusabia.com\/fr\/produit\/sea-cep-sun\/\"]}]},{\"@type\":\"ImageObject\",\"inLanguage\":\"fr-FR\",\"@id\":\"https:\/\/www.loreedusabia.com\/fr\/produit\/sea-cep-sun\/#primaryimage\",\"url\":\"https:\/\/www.loreedusabia.com\/wp-content\/uploads\/2025\/06\/SCS-24.png\",\"contentUrl\":\"https:\/\/www.loreedusabia.com\/wp-content\/uploads\/2025\/06\/SCS-24.png\",\"width\":894,\"height\":870},{\"@type\":\"BreadcrumbList\",\"@id\":\"https:\/\/www.loreedusabia.com\/fr\/produit\/sea-cep-sun\/#breadcrumb\",\"itemListElement\":[{\"@type\":\"ListItem\",\"position\":1,\"name\":\"Accueil\",\"item\":\"https:\/\/www.loreedusabia.com\/fr\/\"},{\"@type\":\"ListItem\",\"position\":2,\"name\":\"Shop\",\"item\":\"https:\/\/www.loreedusabia.com\/en\/shop\/\"},{\"@type\":\"ListItem\",\"position\":3,\"name\":\"Sea, Cep &#038; Sun\"}]},{\"@type\":\"WebSite\",\"@id\":\"https:\/\/www.loreedusabia.com\/fr\/#website\",\"url\":\"https:\/\/www.loreedusabia.com\/fr\/\",\"name\":\"L&#039;Or\u00e9e du Sabia - Vigneron Oc\u00e9anique\",\"description\":\"Brem-Sur-Mer - Vend\u00e9e\",\"publisher\":{\"@id\":\"https:\/\/www.loreedusabia.com\/fr\/#organization\"},\"potentialAction\":[{\"@type\":\"SearchAction\",\"target\":{\"@type\":\"EntryPoint\",\"urlTemplate\":\"https:\/\/www.loreedusabia.com\/fr\/?s={search_term_string}\"},\"query-input\":{\"@type\":\"PropertyValueSpecification\",\"valueRequired\":true,\"valueName\":\"search_term_string\"}}],\"inLanguage\":\"fr-FR\"},{\"@type\":\"Organization\",\"@id\":\"https:\/\/www.loreedusabia.com\/fr\/#organization\",\"name\":\"L'Or\u00e9e du Sabia\",\"url\":\"https:\/\/www.loreedusabia.com\/fr\/\",\"logo\":{\"@type\":\"ImageObject\",\"inLanguage\":\"fr-FR\",\"@id\":\"https:\/\/www.loreedusabia.com\/fr\/#\/schema\/logo\/image\/\",\"url\":\"https:\/\/www.loreedusabia.com\/wp-content\/uploads\/2020\/04\/logo_vert-oree-du-sabia@2x.png\",\"contentUrl\":\"https:\/\/www.loreedusabia.com\/wp-content\/uploads\/2020\/04\/logo_vert-oree-du-sabia@2x.png\",\"width\":600,\"height\":75,\"caption\":\"L'Or\u00e9e du Sabia\"},\"image\":{\"@id\":\"https:\/\/www.loreedusabia.com\/fr\/#\/schema\/logo\/image\/\"}}]}<\/script>\n<!-- \/ Yoast SEO plugin. -->","yoast_head_json":{"title":"Sea, Cep & Sun - L&#039;Or\u00e9e du Sabia - Vigneron Oc\u00e9anique","description":"Sea, Cep & Sun, assemblage de Chenin et de Groleau Gris vin blanc sec fruit\u00e9 avec des notes salines, pour accompagner les fruits de mers","robots":{"index":"index","follow":"follow","max-snippet":"max-snippet:-1","max-image-preview":"max-image-preview:large","max-video-preview":"max-video-preview:-1"},"canonical":"https:\/\/www.loreedusabia.com\/fr\/produit\/sea-cep-sun\/","og_locale":"fr_FR","og_type":"article","og_title":"Sea, Cep & Sun - L&#039;Or\u00e9e du Sabia - Vigneron Oc\u00e9anique","og_description":"Sea, Cep & Sun, assemblage de Chenin et de Groleau Gris vin blanc sec fruit\u00e9 avec des notes salines, pour accompagner les fruits de mers","og_url":"https:\/\/www.loreedusabia.com\/fr\/produit\/sea-cep-sun\/","og_site_name":"L&#039;Or\u00e9e du Sabia - Vigneron Oc\u00e9anique","article_modified_time":"2025-10-30T10:15:02+00:00","og_image":[{"width":894,"height":870,"url":"https:\/\/www.loreedusabia.com\/wp-content\/uploads\/2025\/06\/SCS-24.png","type":"image\/png"}],"twitter_card":"summary_large_image","twitter_misc":{"Dur\u00e9e de lecture estim\u00e9e":"1 minute"},"schema":{"@context":"https:\/\/schema.org","@graph":[{"@type":"WebPage","@id":"https:\/\/www.loreedusabia.com\/fr\/produit\/sea-cep-sun\/","url":"https:\/\/www.loreedusabia.com\/fr\/produit\/sea-cep-sun\/","name":"Sea, Cep & Sun - L&#039;Or\u00e9e du Sabia - Vigneron Oc\u00e9anique","isPartOf":{"@id":"https:\/\/www.loreedusabia.com\/fr\/#website"},"primaryImageOfPage":{"@id":"https:\/\/www.loreedusabia.com\/fr\/produit\/sea-cep-sun\/#primaryimage"},"image":{"@id":"https:\/\/www.loreedusabia.com\/fr\/produit\/sea-cep-sun\/#primaryimage"},"thumbnailUrl":"https:\/\/www.loreedusabia.com\/wp-content\/uploads\/2025\/06\/SCS-24.png","datePublished":"2024-04-09T10:00:30+00:00","dateModified":"2025-10-30T10:15:02+00:00","description":"Sea, Cep & Sun, assemblage de Chenin et de Groleau Gris vin blanc sec fruit\u00e9 avec des notes salines, pour accompagner les fruits de mers","breadcrumb":{"@id":"https:\/\/www.loreedusabia.com\/fr\/produit\/sea-cep-sun\/#breadcrumb"},"inLanguage":"fr-FR","potentialAction":[{"@type":"ReadAction","target":["https:\/\/www.loreedusabia.com\/fr\/produit\/sea-cep-sun\/"]}]},{"@type":"ImageObject","inLanguage":"fr-FR","@id":"https:\/\/www.loreedusabia.com\/fr\/produit\/sea-cep-sun\/#primaryimage","url":"https:\/\/www.loreedusabia.com\/wp-content\/uploads\/2025\/06\/SCS-24.png","contentUrl":"https:\/\/www.loreedusabia.com\/wp-content\/uploads\/2025\/06\/SCS-24.png","width":894,"height":870},{"@type":"BreadcrumbList","@id":"https:\/\/www.loreedusabia.com\/fr\/produit\/sea-cep-sun\/#breadcrumb","itemListElement":[{"@type":"ListItem","position":1,"name":"Accueil","item":"https:\/\/www.loreedusabia.com\/fr\/"},{"@type":"ListItem","position":2,"name":"Shop","item":"https:\/\/www.loreedusabia.com\/en\/shop\/"},{"@type":"ListItem","position":3,"name":"Sea, Cep &#038; Sun"}]},{"@type":"WebSite","@id":"https:\/\/www.loreedusabia.com\/fr\/#website","url":"https:\/\/www.loreedusabia.com\/fr\/","name":"L&#039;Or\u00e9e du Sabia - Vigneron Oc\u00e9anique","description":"Brem-Sur-Mer - Vend\u00e9e","publisher":{"@id":"https:\/\/www.loreedusabia.com\/fr\/#organization"},"potentialAction":[{"@type":"SearchAction","target":{"@type":"EntryPoint","urlTemplate":"https:\/\/www.loreedusabia.com\/fr\/?s={search_term_string}"},"query-input":{"@type":"PropertyValueSpecification","valueRequired":true,"valueName":"search_term_string"}}],"inLanguage":"fr-FR"},{"@type":"Organization","@id":"https:\/\/www.loreedusabia.com\/fr\/#organization","name":"L'Or\u00e9e du Sabia","url":"https:\/\/www.loreedusabia.com\/fr\/","logo":{"@type":"ImageObject","inLanguage":"fr-FR","@id":"https:\/\/www.loreedusabia.com\/fr\/#\/schema\/logo\/image\/","url":"https:\/\/www.loreedusabia.com\/wp-content\/uploads\/2020\/04\/logo_vert-oree-du-sabia@2x.png","contentUrl":"https:\/\/www.loreedusabia.com\/wp-content\/uploads\/2020\/04\/logo_vert-oree-du-sabia@2x.png","width":600,"height":75,"caption":"L'Or\u00e9e du Sabia"},"image":{"@id":"https:\/\/www.loreedusabia.com\/fr\/#\/schema\/logo\/image\/"}}]}},"_links":{"self":[{"href":"https:\/\/www.loreedusabia.com\/fr\/wp-json\/wp\/v2\/product\/5597","targetHints":{"allow":["GET"]}}],"collection":[{"href":"https:\/\/www.loreedusabia.com\/fr\/wp-json\/wp\/v2\/product"}],"about":[{"href":"https:\/\/www.loreedusabia.com\/fr\/wp-json\/wp\/v2\/types\/product"}],"wp:featuredmedia":[{"embeddable":true,"href":"https:\/\/www.loreedusabia.com\/fr\/wp-json\/wp\/v2\/media\/5859"}],"wp:attachment":[{"href":"https:\/\/www.loreedusabia.com\/fr\/wp-json\/wp\/v2\/media?parent=5597"}],"wp:term":[{"taxonomy":"product_brand","embeddable":true,"href":"https:\/\/www.loreedusabia.com\/fr\/wp-json\/wp\/v2\/product_brand?post=5597"},{"taxonomy":"product_cat","embeddable":true,"href":"https:\/\/www.loreedusabia.com\/fr\/wp-json\/wp\/v2\/product_cat?post=5597"},{"taxonomy":"product_tag","embeddable":true,"href":"https:\/\/www.loreedusabia.com\/fr\/wp-json\/wp\/v2\/product_tag?post=5597"}],"curies":[{"name":"wp","href":"https:\/\/api.w.org\/{rel}","templated":true}]}}