{"id":1303,"date":"2020-03-23T12:58:05","date_gmt":"2020-03-23T11:58:05","guid":{"rendered":"https:\/\/www.loreedusabia.com\/?page_id=1303"},"modified":"2022-06-28T17:19:04","modified_gmt":"2022-06-28T15:19:04","slug":"vins","status":"publish","type":"page","link":"https:\/\/www.loreedusabia.com\/fr\/vins\/","title":{"rendered":"Nos Vins"},"content":{"rendered":"<p><div class=\"fusion-fullwidth fullwidth-box fusion-builder-row-1 nonhundred-percent-fullwidth non-hundred-percent-height-scrolling\" style=\"background-color: #ffffff;background-position: center center;background-repeat: no-repeat;padding-top:0px;padding-right:0px;padding-bottom:0px;padding-left:0px;margin-bottom: 0px;margin-top: 0px;border-width: 0px 0px 0px 0px;border-color:#eae9e9;border-style:solid;\" ><div class=\"fusion-builder-row fusion-row\"><div class=\"fusion-layout-column fusion_builder_column fusion-builder-column-0 fusion_builder_column_1_1 1_1 fusion-one-full fusion-column-first fusion-column-last\" style=\"margin-top:0px;margin-bottom:20px;\"><div class=\"fusion-column-wrapper fusion-flex-column-wrapper-legacy\" style=\"background-position:left top;background-repeat:no-repeat;-webkit-background-size:cover;-moz-background-size:cover;-o-background-size:cover;background-size:cover;padding: 5% 11% 5% 11%;\"><div class=\"fusion-text fusion-text-1\"><p><img decoding=\"async\" class=\"lazyload size-full wp-image-79 aligncenter\" src=\"data:image\/svg+xml,%3Csvg%20xmlns%3D%27http%3A%2F%2Fwww.w3.org%2F2000%2Fsvg%27%20width%3D%2754%27%20height%3D%2730%27%20viewBox%3D%270%200%2054%2030%27%3E%3Crect%20width%3D%2754%27%20height%3D%2730%27%20fill-opacity%3D%220%22%2F%3E%3C%2Fsvg%3E\" data-orig-src=\"https:\/\/www.loreedusabia.com\/wp-content\/uploads\/2014\/12\/hr.png\" alt=\"hr\" width=\"54\" height=\"30\" \/><\/p>\n<p style=\"text-align: center;\">Notre viticulture en biodynamie cherche \u00e0 r\u00e9v\u00e9ler les ar\u00f4mes et les caract\u00e8res inh\u00e9rents aux c\u00e9pages choisis pour chaque cuv\u00e9e.<br \/>\nLa vinification que nous menons tend \u00e0 apporter structure, fra\u00eecheur et finesse \u00e0 nos vins.<\/p>\n<\/div><div class=\"fusion-clearfix\"><\/div><\/div><\/div><\/div><\/div><div class=\"fusion-fullwidth fullwidth-box fusion-builder-row-2 hundred-percent-fullwidth non-hundred-percent-height-scrolling fusion-equal-height-columns\" style=\"background-color: #ffffff;background-position: left top;background-repeat: no-repeat;padding-top:0px;padding-right:0px;padding-bottom:0px;padding-left:0px;margin-bottom: 80px;margin-top: 0px;border-width: 0px 0px 0px 0px;border-color:#eae9e9;border-style:solid;\" ><div class=\"fusion-builder-row fusion-row\"><div class=\"fusion-layout-column fusion_builder_column fusion-builder-column-1 fusion_builder_column_1_3 1_3 fusion-one-third fusion-column-first fusion-column-inner-bg-wrapper\" style=\"margin-top:0px;margin-bottom:0px;\"><div class=\"fusion-column-wrapper fusion-flex-column-wrapper-legacy\" style=\"padding: 60% 10% 10% 10%;\" data-bg-url=\"https:\/\/www.loreedusabia.com\/wp-content\/uploads\/2021\/02\/12-1.png\"><style type=\"text\/css\"><\/style><div class=\"fusion-title title fusion-title-1 fusion-title-center fusion-title-text fusion-title-size-two\" style=\"font-size:38px;margin-top:0px;margin-right:0px;margin-bottom:15px;margin-left:0px;\"><div class=\"title-sep-container title-sep-container-left\"><div class=\"title-sep sep-\" style=\"border-color:#e0dede;\"><\/div><\/div><h2 class=\"title-heading-center\" style=\"font-family:&quot;BoutiqueInHeaven&quot;;font-weight:400;margin:0;font-size:1em;color:#ffffff;\">Nos Blancs<\/h2><div class=\"title-sep-container title-sep-container-right\"><div class=\"title-sep sep-\" style=\"border-color:#e0dede;\"><\/div><\/div><\/div><div class=\"fusion-clearfix\"><\/div><\/div><span class=\"fusion-column-inner-bg hover-type-zoomout\"><a href=\"https:\/\/www.loreedusabia.com\/fr\/vins\/blancs\/\"><span class=\"fusion-column-inner-bg-image lazyload\" style=\"background-color:#232125;background-image: linear-gradient(200deg, rgba(35,33,37,0) 10%,rgba(35,33,37,0.8) 100%),url(https:\/\/www.loreedusabia.com\/wp-content\/uploads\/2021\/02\/12-1.png);background-position:center center;background-repeat:no-repeat;-webkit-background-size:cover;-moz-background-size:cover;-o-background-size:cover;background-size:cover;\" data-bg-height=\"450\" data-bg-width=\"550\" data-bg=\"https:\/\/www.loreedusabia.com\/wp-content\/uploads\/2021\/02\/12-1.png\" data-bg-gradient=\"linear-gradient(200deg, rgba(35,33,37,0) 10%,rgba(35,33,37,0.8) 100%)\"><\/span><\/a><\/span><\/div><div class=\"fusion-layout-column fusion_builder_column fusion-builder-column-2 fusion_builder_column_1_3 1_3 fusion-one-third fusion-column-inner-bg-wrapper\" style=\"margin-top:0px;margin-bottom:0px;\"><div class=\"fusion-column-wrapper fusion-flex-column-wrapper-legacy\" style=\"padding: 60% 10% 10% 10%;\" data-bg-url=\"https:\/\/www.loreedusabia.com\/wp-content\/uploads\/2022\/06\/IMG_5762-scaled.jpg\"><style type=\"text\/css\"><\/style><div class=\"fusion-title title fusion-title-2 fusion-title-center fusion-title-text fusion-title-size-two\" style=\"font-size:38px;margin-top:0px;margin-right:0px;margin-bottom:15px;margin-left:0px;\"><div class=\"title-sep-container title-sep-container-left\"><div class=\"title-sep sep-\" style=\"border-color:#e0dede;\"><\/div><\/div><h2 class=\"title-heading-center\" style=\"font-family:&quot;BoutiqueInHeaven&quot;;font-weight:400;margin:0;font-size:1em;color:#ffffff;\">Nos Rouges<\/h2><div class=\"title-sep-container title-sep-container-right\"><div class=\"title-sep sep-\" style=\"border-color:#e0dede;\"><\/div><\/div><\/div><div class=\"fusion-clearfix\"><\/div><\/div><span class=\"fusion-column-inner-bg hover-type-zoomout\"><a href=\"https:\/\/www.loreedusabia.com\/fr\/vins\/rouges\/\"><span class=\"fusion-column-inner-bg-image lazyload\" style=\"background-color:#232125;background-image: linear-gradient(200deg, rgba(35,33,37,0) 10%,rgba(35,33,37,0.8) 100%),url(https:\/\/www.loreedusabia.com\/wp-content\/uploads\/2022\/06\/IMG_5762-scaled.jpg);background-position:right center;background-repeat:no-repeat;-webkit-background-size:cover;-moz-background-size:cover;-o-background-size:cover;background-size:cover;\" data-bg-height=\"2560\" data-bg-width=\"1920\" data-bg=\"https:\/\/www.loreedusabia.com\/wp-content\/uploads\/2022\/06\/IMG_5762-scaled.jpg\" data-bg-gradient=\"linear-gradient(200deg, rgba(35,33,37,0) 10%,rgba(35,33,37,0.8) 100%)\"><\/span><\/a><\/span><\/div><div class=\"fusion-layout-column fusion_builder_column fusion-builder-column-3 fusion_builder_column_1_3 1_3 fusion-one-third fusion-column-last fusion-column-inner-bg-wrapper\" style=\"margin-top:0px;margin-bottom:0px;\"><div class=\"fusion-column-wrapper fusion-flex-column-wrapper-legacy\" style=\"padding: 60% 10% 10% 10%;\" data-bg-url=\"https:\/\/www.loreedusabia.com\/wp-content\/uploads\/2021\/02\/15.png\"><style type=\"text\/css\"><\/style><div class=\"fusion-title title fusion-title-3 fusion-title-center fusion-title-text fusion-title-size-two\" style=\"font-size:38px;margin-top:0px;margin-right:0px;margin-bottom:15px;margin-left:0px;\"><div class=\"title-sep-container title-sep-container-left\"><div class=\"title-sep sep-\" style=\"border-color:#e0dede;\"><\/div><\/div><h2 class=\"title-heading-center\" style=\"font-family:&quot;BoutiqueInHeaven&quot;;font-weight:400;margin:0;font-size:1em;color:#ffffff;\">Autres Cuv\u00e9es<\/h2><div class=\"title-sep-container title-sep-container-right\"><div class=\"title-sep sep-\" style=\"border-color:#e0dede;\"><\/div><\/div><\/div><div class=\"fusion-clearfix\"><\/div><\/div><span class=\"fusion-column-inner-bg hover-type-zoomout\"><a href=\"https:\/\/www.loreedusabia.com\/fr\/vins\/autres-cuvees\/\"><span class=\"fusion-column-inner-bg-image lazyload\" style=\"background-color:#232125;background-image: linear-gradient(200deg, rgba(35,33,37,0) 10%,rgba(35,33,37,0.8) 100%),url(https:\/\/www.loreedusabia.com\/wp-content\/uploads\/2021\/02\/15.png);background-position:right center;background-repeat:no-repeat;-webkit-background-size:cover;-moz-background-size:cover;-o-background-size:cover;background-size:cover;\" data-bg-height=\"1080\" data-bg-width=\"1080\" data-bg=\"https:\/\/www.loreedusabia.com\/wp-content\/uploads\/2021\/02\/15.png\" data-bg-gradient=\"linear-gradient(200deg, rgba(35,33,37,0) 10%,rgba(35,33,37,0.8) 100%)\"><\/span><\/a><\/span><\/div><\/div><\/div><\/p>\n","protected":false},"excerpt":{"rendered":"","protected":false},"author":7,"featured_media":0,"parent":0,"menu_order":0,"comment_status":"closed","ping_status":"closed","template":"","meta":{"_acf_changed":false,"footnotes":""},"class_list":["post-1303","page","type-page","status-publish","hentry"],"acf":[],"yoast_head":"<!-- This site is optimized with the Yoast SEO plugin v24.3 - https:\/\/yoast.com\/wordpress\/plugins\/seo\/ -->\n<title>Nos Vins - L&#039;Or\u00e9e du Sabia - Vigneron Oc\u00e9anique<\/title>\n<meta name=\"description\" content=\"Vins blancs, vins rouges, vins ros\u00e9s, d\u00e9couvrez l&#039;expression du terroir de Brem-sur-Mer et nos 5 c\u00e9pages au travers de nos diff\u00e9rentes cuv\u00e9es\" \/>\n<meta name=\"robots\" content=\"index, follow, max-snippet:-1, max-image-preview:large, max-video-preview:-1\" \/>\n<link rel=\"canonical\" href=\"https:\/\/www.loreedusabia.com\/fr\/vins\/\" \/>\n<meta property=\"og:locale\" content=\"fr_FR\" \/>\n<meta property=\"og:type\" content=\"article\" \/>\n<meta property=\"og:title\" content=\"Nos Vins - L&#039;Or\u00e9e du Sabia - Vigneron Oc\u00e9anique\" \/>\n<meta property=\"og:description\" content=\"Vins blancs, vins rouges, vins ros\u00e9s, d\u00e9couvrez l&#039;expression du terroir de Brem-sur-Mer et nos 5 c\u00e9pages au travers de nos diff\u00e9rentes cuv\u00e9es\" \/>\n<meta property=\"og:url\" content=\"https:\/\/www.loreedusabia.com\/fr\/vins\/\" \/>\n<meta property=\"og:site_name\" content=\"L&#039;Or\u00e9e du Sabia - Vigneron Oc\u00e9anique\" \/>\n<meta property=\"article:modified_time\" content=\"2022-06-28T15:19:04+00:00\" \/>\n<meta property=\"og:image\" content=\"https:\/\/www.loreedusabia.com\/wp-content\/uploads\/2014\/12\/hr.png\" \/>\n<meta name=\"twitter:card\" content=\"summary_large_image\" \/>\n<meta name=\"twitter:label1\" content=\"Dur\u00e9e de lecture estim\u00e9e\" \/>\n\t<meta name=\"twitter:data1\" content=\"4 minutes\" \/>\n<script type=\"application\/ld+json\" class=\"yoast-schema-graph\">{\"@context\":\"https:\/\/schema.org\",\"@graph\":[{\"@type\":\"WebPage\",\"@id\":\"https:\/\/www.loreedusabia.com\/fr\/vins\/\",\"url\":\"https:\/\/www.loreedusabia.com\/fr\/vins\/\",\"name\":\"Nos Vins - L&#039;Or\u00e9e du Sabia - Vigneron Oc\u00e9anique\",\"isPartOf\":{\"@id\":\"https:\/\/www.loreedusabia.com\/fr\/#website\"},\"primaryImageOfPage\":{\"@id\":\"https:\/\/www.loreedusabia.com\/fr\/vins\/#primaryimage\"},\"image\":{\"@id\":\"https:\/\/www.loreedusabia.com\/fr\/vins\/#primaryimage\"},\"thumbnailUrl\":\"https:\/\/www.loreedusabia.com\/wp-content\/uploads\/2014\/12\/hr.png\",\"datePublished\":\"2020-03-23T11:58:05+00:00\",\"dateModified\":\"2022-06-28T15:19:04+00:00\",\"description\":\"Vins blancs, vins rouges, vins ros\u00e9s, d\u00e9couvrez l'expression du terroir de Brem-sur-Mer et nos 5 c\u00e9pages au travers de nos diff\u00e9rentes cuv\u00e9es\",\"breadcrumb\":{\"@id\":\"https:\/\/www.loreedusabia.com\/fr\/vins\/#breadcrumb\"},\"inLanguage\":\"fr-FR\",\"potentialAction\":[{\"@type\":\"ReadAction\",\"target\":[\"https:\/\/www.loreedusabia.com\/fr\/vins\/\"]}]},{\"@type\":\"ImageObject\",\"inLanguage\":\"fr-FR\",\"@id\":\"https:\/\/www.loreedusabia.com\/fr\/vins\/#primaryimage\",\"url\":\"https:\/\/www.loreedusabia.com\/wp-content\/uploads\/2014\/12\/hr.png\",\"contentUrl\":\"https:\/\/www.loreedusabia.com\/wp-content\/uploads\/2014\/12\/hr.png\"},{\"@type\":\"BreadcrumbList\",\"@id\":\"https:\/\/www.loreedusabia.com\/fr\/vins\/#breadcrumb\",\"itemListElement\":[{\"@type\":\"ListItem\",\"position\":1,\"name\":\"Accueil\",\"item\":\"https:\/\/www.loreedusabia.com\/fr\/\"},{\"@type\":\"ListItem\",\"position\":2,\"name\":\"Nos Vins\"}]},{\"@type\":\"WebSite\",\"@id\":\"https:\/\/www.loreedusabia.com\/fr\/#website\",\"url\":\"https:\/\/www.loreedusabia.com\/fr\/\",\"name\":\"L&#039;Or\u00e9e du Sabia - Vigneron Oc\u00e9anique\",\"description\":\"Brem-Sur-Mer - Vend\u00e9e\",\"publisher\":{\"@id\":\"https:\/\/www.loreedusabia.com\/fr\/#organization\"},\"potentialAction\":[{\"@type\":\"SearchAction\",\"target\":{\"@type\":\"EntryPoint\",\"urlTemplate\":\"https:\/\/www.loreedusabia.com\/fr\/?s={search_term_string}\"},\"query-input\":{\"@type\":\"PropertyValueSpecification\",\"valueRequired\":true,\"valueName\":\"search_term_string\"}}],\"inLanguage\":\"fr-FR\"},{\"@type\":\"Organization\",\"@id\":\"https:\/\/www.loreedusabia.com\/fr\/#organization\",\"name\":\"L'Or\u00e9e du Sabia\",\"url\":\"https:\/\/www.loreedusabia.com\/fr\/\",\"logo\":{\"@type\":\"ImageObject\",\"inLanguage\":\"fr-FR\",\"@id\":\"https:\/\/www.loreedusabia.com\/fr\/#\/schema\/logo\/image\/\",\"url\":\"https:\/\/www.loreedusabia.com\/wp-content\/uploads\/2020\/04\/logo_vert-oree-du-sabia@2x.png\",\"contentUrl\":\"https:\/\/www.loreedusabia.com\/wp-content\/uploads\/2020\/04\/logo_vert-oree-du-sabia@2x.png\",\"width\":600,\"height\":75,\"caption\":\"L'Or\u00e9e du Sabia\"},\"image\":{\"@id\":\"https:\/\/www.loreedusabia.com\/fr\/#\/schema\/logo\/image\/\"}}]}<\/script>\n<!-- \/ Yoast SEO plugin. -->","yoast_head_json":{"title":"Nos Vins - L&#039;Or\u00e9e du Sabia - Vigneron Oc\u00e9anique","description":"Vins blancs, vins rouges, vins ros\u00e9s, d\u00e9couvrez l'expression du terroir de Brem-sur-Mer et nos 5 c\u00e9pages au travers de nos diff\u00e9rentes cuv\u00e9es","robots":{"index":"index","follow":"follow","max-snippet":"max-snippet:-1","max-image-preview":"max-image-preview:large","max-video-preview":"max-video-preview:-1"},"canonical":"https:\/\/www.loreedusabia.com\/fr\/vins\/","og_locale":"fr_FR","og_type":"article","og_title":"Nos Vins - L&#039;Or\u00e9e du Sabia - Vigneron Oc\u00e9anique","og_description":"Vins blancs, vins rouges, vins ros\u00e9s, d\u00e9couvrez l'expression du terroir de Brem-sur-Mer et nos 5 c\u00e9pages au travers de nos diff\u00e9rentes cuv\u00e9es","og_url":"https:\/\/www.loreedusabia.com\/fr\/vins\/","og_site_name":"L&#039;Or\u00e9e du Sabia - Vigneron Oc\u00e9anique","article_modified_time":"2022-06-28T15:19:04+00:00","og_image":[{"url":"https:\/\/www.loreedusabia.com\/wp-content\/uploads\/2014\/12\/hr.png","type":"","width":"","height":""}],"twitter_card":"summary_large_image","twitter_misc":{"Dur\u00e9e de lecture estim\u00e9e":"4 minutes"},"schema":{"@context":"https:\/\/schema.org","@graph":[{"@type":"WebPage","@id":"https:\/\/www.loreedusabia.com\/fr\/vins\/","url":"https:\/\/www.loreedusabia.com\/fr\/vins\/","name":"Nos Vins - L&#039;Or\u00e9e du Sabia - Vigneron Oc\u00e9anique","isPartOf":{"@id":"https:\/\/www.loreedusabia.com\/fr\/#website"},"primaryImageOfPage":{"@id":"https:\/\/www.loreedusabia.com\/fr\/vins\/#primaryimage"},"image":{"@id":"https:\/\/www.loreedusabia.com\/fr\/vins\/#primaryimage"},"thumbnailUrl":"https:\/\/www.loreedusabia.com\/wp-content\/uploads\/2014\/12\/hr.png","datePublished":"2020-03-23T11:58:05+00:00","dateModified":"2022-06-28T15:19:04+00:00","description":"Vins blancs, vins rouges, vins ros\u00e9s, d\u00e9couvrez l'expression du terroir de Brem-sur-Mer et nos 5 c\u00e9pages au travers de nos diff\u00e9rentes cuv\u00e9es","breadcrumb":{"@id":"https:\/\/www.loreedusabia.com\/fr\/vins\/#breadcrumb"},"inLanguage":"fr-FR","potentialAction":[{"@type":"ReadAction","target":["https:\/\/www.loreedusabia.com\/fr\/vins\/"]}]},{"@type":"ImageObject","inLanguage":"fr-FR","@id":"https:\/\/www.loreedusabia.com\/fr\/vins\/#primaryimage","url":"https:\/\/www.loreedusabia.com\/wp-content\/uploads\/2014\/12\/hr.png","contentUrl":"https:\/\/www.loreedusabia.com\/wp-content\/uploads\/2014\/12\/hr.png"},{"@type":"BreadcrumbList","@id":"https:\/\/www.loreedusabia.com\/fr\/vins\/#breadcrumb","itemListElement":[{"@type":"ListItem","position":1,"name":"Accueil","item":"https:\/\/www.loreedusabia.com\/fr\/"},{"@type":"ListItem","position":2,"name":"Nos Vins"}]},{"@type":"WebSite","@id":"https:\/\/www.loreedusabia.com\/fr\/#website","url":"https:\/\/www.loreedusabia.com\/fr\/","name":"L&#039;Or\u00e9e du Sabia - Vigneron Oc\u00e9anique","description":"Brem-Sur-Mer - Vend\u00e9e","publisher":{"@id":"https:\/\/www.loreedusabia.com\/fr\/#organization"},"potentialAction":[{"@type":"SearchAction","target":{"@type":"EntryPoint","urlTemplate":"https:\/\/www.loreedusabia.com\/fr\/?s={search_term_string}"},"query-input":{"@type":"PropertyValueSpecification","valueRequired":true,"valueName":"search_term_string"}}],"inLanguage":"fr-FR"},{"@type":"Organization","@id":"https:\/\/www.loreedusabia.com\/fr\/#organization","name":"L'Or\u00e9e du Sabia","url":"https:\/\/www.loreedusabia.com\/fr\/","logo":{"@type":"ImageObject","inLanguage":"fr-FR","@id":"https:\/\/www.loreedusabia.com\/fr\/#\/schema\/logo\/image\/","url":"https:\/\/www.loreedusabia.com\/wp-content\/uploads\/2020\/04\/logo_vert-oree-du-sabia@2x.png","contentUrl":"https:\/\/www.loreedusabia.com\/wp-content\/uploads\/2020\/04\/logo_vert-oree-du-sabia@2x.png","width":600,"height":75,"caption":"L'Or\u00e9e du Sabia"},"image":{"@id":"https:\/\/www.loreedusabia.com\/fr\/#\/schema\/logo\/image\/"}}]}},"_links":{"self":[{"href":"https:\/\/www.loreedusabia.com\/fr\/wp-json\/wp\/v2\/pages\/1303","targetHints":{"allow":["GET"]}}],"collection":[{"href":"https:\/\/www.loreedusabia.com\/fr\/wp-json\/wp\/v2\/pages"}],"about":[{"href":"https:\/\/www.loreedusabia.com\/fr\/wp-json\/wp\/v2\/types\/page"}],"author":[{"embeddable":true,"href":"https:\/\/www.loreedusabia.com\/fr\/wp-json\/wp\/v2\/users\/7"}],"replies":[{"embeddable":true,"href":"https:\/\/www.loreedusabia.com\/fr\/wp-json\/wp\/v2\/comments?post=1303"}],"version-history":[{"count":36,"href":"https:\/\/www.loreedusabia.com\/fr\/wp-json\/wp\/v2\/pages\/1303\/revisions"}],"predecessor-version":[{"id":5327,"href":"https:\/\/www.loreedusabia.com\/fr\/wp-json\/wp\/v2\/pages\/1303\/revisions\/5327"}],"wp:attachment":[{"href":"https:\/\/www.loreedusabia.com\/fr\/wp-json\/wp\/v2\/media?parent=1303"}],"curies":[{"name":"wp","href":"https:\/\/api.w.org\/{rel}","templated":true}]}}