{"id":1269,"date":"2014-12-10T15:55:00","date_gmt":"2014-12-10T15:55:00","guid":{"rendered":"https:\/\/avada.theme-fusion.com_demos\/fashion\/?page_id=4"},"modified":"2026-04-11T14:02:04","modified_gmt":"2026-04-11T12:02:04","slug":"accueil","status":"publish","type":"page","link":"https:\/\/www.loreedusabia.com\/fr\/","title":{"rendered":"ACCUEIL"},"content":{"rendered":"<div id=\"home-down\"><div class=\"fusion-fullwidth fullwidth-box fusion-builder-row-1 nonhundred-percent-fullwidth non-hundred-percent-height-scrolling\" style=\"background-color: #ffffff;background-position: left top;background-repeat: no-repeat;padding-top:90px;padding-right:0px;padding-bottom:90px;padding-left:0px;margin-bottom: 0px;margin-top: 0px;border-width: 0px 0px 0px 0px;border-color:#eae9e9;border-style:solid;\" ><div class=\"fusion-builder-row fusion-row\"><div class=\"fusion-layout-column fusion_builder_column fusion-builder-column-0 fusion_builder_column_1_1 1_1 fusion-one-full fusion-column-first fusion-column-last fusion-column-no-min-height\" style=\"margin-top:0px;margin-bottom:0px;\"><div class=\"fusion-column-wrapper fusion-flex-column-wrapper-legacy\" style=\"background-position:left top;background-repeat:no-repeat;-webkit-background-size:cover;-moz-background-size:cover;-o-background-size:cover;background-size:cover;padding: 0px 0px 0px 0px;\"><style type=\"text\/css\"><\/style><div class=\"fusion-title title fusion-title-1 fusion-title-center fusion-title-text fusion-title-size-one\" style=\"font-size:30px;margin-top:0px;margin-right:0px;margin-bottom:15px;margin-left:0px;\"><div class=\"title-sep-container title-sep-container-left\"><div class=\"title-sep sep-\" style=\"border-color:#e0dede;\"><\/div><\/div><h1 class=\"title-heading-center\" style=\"font-family:&quot;Raleway&quot;;font-weight:600;margin:0;font-size:1em;color:#4b4f4e;\">l&rsquo;Or\u00e9e du Sabia<\/h1><div class=\"title-sep-container title-sep-container-right\"><div class=\"title-sep sep-\" style=\"border-color:#e0dede;\"><\/div><\/div><\/div><div class=\"fusion-text fusion-text-1\"><p><img decoding=\"async\" class=\"lazyload size-full wp-image-79 aligncenter\" src=\"data:image\/svg+xml,%3Csvg%20xmlns%3D%27http%3A%2F%2Fwww.w3.org%2F2000%2Fsvg%27%20width%3D%2754%27%20height%3D%2730%27%20viewBox%3D%270%200%2054%2030%27%3E%3Crect%20width%3D%2754%27%20height%3D%2730%27%20fill-opacity%3D%220%22%2F%3E%3C%2Fsvg%3E\" data-orig-src=\"https:\/\/www.loreedusabia.com\/wp-content\/uploads\/2014\/12\/hr.png\" alt=\"hr\" width=\"54\" height=\"30\" \/><\/p>\n<p style=\"text-align: center;\">Situ\u00e9es entre marais salants vend\u00e9ens et oc\u00e9an atlantique, ce sont sur des sols riches en quartz, schiste et granit, que sont enracin\u00e9es les vignes de l\u2019Or\u00e9e du Sabia.<br \/>\nN\u00e9grette, Pinot Noir, Chenin, ou encore Chardonnay, sont les c\u00e9pages cultiv\u00e9s dans le respect des m\u00e9thodes viticoles biologiques et biodynamiques,<br \/>\npermettant au vin de pleinement exprimer son terroir.<\/p>\n<p style=\"text-align: center;\">Passionn\u00e9e de vin et soucieuse de maintenir l&rsquo;\u00e9cosyst\u00e8me maritime de Brem-sur-mer, l\u2019\u00e9quipe du domaine sera heureuse de vous faire partager sa passion blanc-rouge-ros\u00e9e.<\/p>\n<p style=\"text-align: center;\"><img decoding=\"async\" class=\"lazyload alignnone wp-image-4742\" src=\"https:\/\/www.loreedusabia.com\/wp-content\/uploads\/2021\/04\/AB_HD-248x300.jpg\" data-orig-src=\"https:\/\/www.loreedusabia.com\/wp-content\/uploads\/2021\/04\/AB_HD-248x300.jpg\" alt=\"\" width=\"72\" height=\"87\" srcset=\"data:image\/svg+xml,%3Csvg%20xmlns%3D%27http%3A%2F%2Fwww.w3.org%2F2000%2Fsvg%27%20width%3D%2772%27%20height%3D%2787%27%20viewBox%3D%270%200%2072%2087%27%3E%3Crect%20width%3D%2772%27%20height%3D%2787%27%20fill-opacity%3D%220%22%2F%3E%3C%2Fsvg%3E\" data-srcset=\"https:\/\/www.loreedusabia.com\/wp-content\/uploads\/2021\/04\/AB_HD-200x242.jpg 200w, https:\/\/www.loreedusabia.com\/wp-content\/uploads\/2021\/04\/AB_HD-248x300.jpg 248w, https:\/\/www.loreedusabia.com\/wp-content\/uploads\/2021\/04\/AB_HD-400x484.jpg 400w, https:\/\/www.loreedusabia.com\/wp-content\/uploads\/2021\/04\/AB_HD-500x605.jpg 500w, https:\/\/www.loreedusabia.com\/wp-content\/uploads\/2021\/04\/AB_HD-600x726.jpg 600w, https:\/\/www.loreedusabia.com\/wp-content\/uploads\/2021\/04\/AB_HD-700x847.jpg 700w, https:\/\/www.loreedusabia.com\/wp-content\/uploads\/2021\/04\/AB_HD-768x929.jpg 768w, https:\/\/www.loreedusabia.com\/wp-content\/uploads\/2021\/04\/AB_HD-800x968.jpg 800w, https:\/\/www.loreedusabia.com\/wp-content\/uploads\/2021\/04\/AB_HD-847x1024.jpg 847w, https:\/\/www.loreedusabia.com\/wp-content\/uploads\/2021\/04\/AB_HD-1200x1451.jpg 1200w, https:\/\/www.loreedusabia.com\/wp-content\/uploads\/2021\/04\/AB_HD-1270x1536.jpg 1270w, https:\/\/www.loreedusabia.com\/wp-content\/uploads\/2021\/04\/AB_HD-1693x2048.jpg 1693w, https:\/\/www.loreedusabia.com\/wp-content\/uploads\/2021\/04\/AB_HD.jpg 1833w\" data-sizes=\"auto\" data-orig-sizes=\"(max-width: 72px) 100vw, 72px\" \/><\/p>\n<\/div><div class=\"fusion-text fusion-text-2 fusion-text-no-margin\" style=\"color:#4b4f4e;margin-top:40px;margin-bottom:40px;\"><h2 class=\"\" style=\"text-align: center; margin-bottom: 10px; --fontsize: 40; line-height: 1.1;\" data-fontsize=\"40\" data-lineheight=\"44px\"><span style=\"color: #4b4f4e; font-family: Raleway; font-size: 24px;\" data-fusion-font=\"true\" data-fusion-google-font=\"Raleway\" data-fusion-google-variant=\"100\">Rendez-vous au domaine lors de nos prochaines Portes Ouvertes<\/span><\/h2>\n<p class=\"fusion-responsive-typography-calculated\" style=\"text-align: center; margin-bottom: 10px; --fontsize: 26; line-height: 1.1;\" data-fontsize=\"26\" data-lineheight=\"26px\"><span style=\"color: #4b4f4e; font-family: Roboto;\"><span style=\"caret-color: #4b4f4e; font-size: 17px;\">8 &amp; 9 Mai 2026<\/span><\/span><\/p>\n<\/div><div class=\"fusion-aligncenter\"><style type=\"text\/css\">.fusion-button.button-1 {border-radius:0px;}<\/style><a class=\"fusion-button button-flat fusion-button-default-size button-default button-1 fusion-button-default-span fusion-button-default-type\" target=\"_self\" href=\"https:\/\/www.loreedusabia.com\/fr\/domaine\/\"><span class=\"fusion-button-text\">D\u00e9couvrir le domaine<\/span><\/a><\/div><div class=\"fusion-clearfix\"><\/div><\/div><\/div><\/div><\/div><\/div>\n","protected":false},"excerpt":{"rendered":"","protected":false},"author":7,"featured_media":0,"parent":0,"menu_order":0,"comment_status":"open","ping_status":"closed","template":"100-width.php","meta":{"_acf_changed":false,"footnotes":""},"class_list":["post-1269","page","type-page","status-publish","hentry"],"acf":[],"yoast_head":"<!-- This site is optimized with the Yoast SEO plugin v24.3 - https:\/\/yoast.com\/wordpress\/plugins\/seo\/ -->\n<title>L&#039;Or\u00e9e du Sabia - Vigneron Oc\u00e9anique - Brem sur Mer en Vend\u00e9e<\/title>\n<meta name=\"description\" content=\"Vignoble en biodynamie \u00e0 Brem-sur-mer, d\u00e9gustation, visite des vignes, du chai, r\u00e9ception, s\u00e9minaire, teambuilding, bar \u00e0 vin, hu\u00eetres\" \/>\n<meta name=\"robots\" content=\"index, follow, max-snippet:-1, max-image-preview:large, max-video-preview:-1\" \/>\n<link rel=\"canonical\" href=\"https:\/\/www.loreedusabia.com\/fr\/\" \/>\n<meta property=\"og:locale\" content=\"fr_FR\" \/>\n<meta property=\"og:type\" content=\"article\" \/>\n<meta property=\"og:title\" content=\"L&#039;Or\u00e9e du Sabia - Vigneron Oc\u00e9anique - Brem sur Mer en Vend\u00e9e\" \/>\n<meta property=\"og:description\" content=\"Vignoble en biodynamie \u00e0 Brem-sur-mer, d\u00e9gustation, visite des vignes, du chai, r\u00e9ception, s\u00e9minaire, teambuilding, bar \u00e0 vin, hu\u00eetres\" \/>\n<meta property=\"og:url\" content=\"https:\/\/www.loreedusabia.com\/fr\/\" \/>\n<meta property=\"og:site_name\" content=\"L&#039;Or\u00e9e du Sabia - Vigneron Oc\u00e9anique\" \/>\n<meta property=\"article:modified_time\" content=\"2026-04-11T12:02:04+00:00\" \/>\n<meta property=\"og:image\" content=\"https:\/\/www.loreedusabia.com\/wp-content\/uploads\/2014\/12\/hr.png\" \/>\n\t<meta property=\"og:image:width\" content=\"54\" \/>\n\t<meta property=\"og:image:height\" content=\"30\" \/>\n\t<meta property=\"og:image:type\" content=\"image\/png\" \/>\n<meta name=\"twitter:card\" content=\"summary_large_image\" \/>\n<meta name=\"twitter:label1\" content=\"Dur\u00e9e de lecture estim\u00e9e\" \/>\n\t<meta name=\"twitter:data1\" content=\"2 minutes\" \/>\n<script type=\"application\/ld+json\" class=\"yoast-schema-graph\">{\"@context\":\"https:\/\/schema.org\",\"@graph\":[{\"@type\":\"WebPage\",\"@id\":\"https:\/\/www.loreedusabia.com\/fr\/\",\"url\":\"https:\/\/www.loreedusabia.com\/fr\/\",\"name\":\"L'Or\u00e9e du Sabia - Vigneron Oc\u00e9anique - Brem sur Mer en Vend\u00e9e\",\"isPartOf\":{\"@id\":\"https:\/\/www.loreedusabia.com\/fr\/#website\"},\"primaryImageOfPage\":{\"@id\":\"https:\/\/www.loreedusabia.com\/fr\/#primaryimage\"},\"image\":{\"@id\":\"https:\/\/www.loreedusabia.com\/fr\/#primaryimage\"},\"thumbnailUrl\":\"https:\/\/www.loreedusabia.com\/wp-content\/uploads\/2014\/12\/hr.png\",\"datePublished\":\"2014-12-10T15:55:00+00:00\",\"dateModified\":\"2026-04-11T12:02:04+00:00\",\"description\":\"Vignoble en biodynamie \u00e0 Brem-sur-mer, d\u00e9gustation, visite des vignes, du chai, r\u00e9ception, s\u00e9minaire, teambuilding, bar \u00e0 vin, hu\u00eetres\",\"breadcrumb\":{\"@id\":\"https:\/\/www.loreedusabia.com\/fr\/#breadcrumb\"},\"inLanguage\":\"fr-FR\",\"potentialAction\":[{\"@type\":\"ReadAction\",\"target\":[\"https:\/\/www.loreedusabia.com\/fr\/\"]}]},{\"@type\":\"ImageObject\",\"inLanguage\":\"fr-FR\",\"@id\":\"https:\/\/www.loreedusabia.com\/fr\/#primaryimage\",\"url\":\"https:\/\/www.loreedusabia.com\/wp-content\/uploads\/2014\/12\/hr.png\",\"contentUrl\":\"https:\/\/www.loreedusabia.com\/wp-content\/uploads\/2014\/12\/hr.png\"},{\"@type\":\"BreadcrumbList\",\"@id\":\"https:\/\/www.loreedusabia.com\/fr\/#breadcrumb\",\"itemListElement\":[{\"@type\":\"ListItem\",\"position\":1,\"name\":\"Accueil\",\"item\":\"https:\/\/www.loreedusabia.com\/fr\/\"},{\"@type\":\"ListItem\",\"position\":2,\"name\":\"ACCUEIL\"}]},{\"@type\":\"WebSite\",\"@id\":\"https:\/\/www.loreedusabia.com\/fr\/#website\",\"url\":\"https:\/\/www.loreedusabia.com\/fr\/\",\"name\":\"L&#039;Or\u00e9e du Sabia - Vigneron Oc\u00e9anique\",\"description\":\"Brem-Sur-Mer - Vend\u00e9e\",\"publisher\":{\"@id\":\"https:\/\/www.loreedusabia.com\/fr\/#organization\"},\"potentialAction\":[{\"@type\":\"SearchAction\",\"target\":{\"@type\":\"EntryPoint\",\"urlTemplate\":\"https:\/\/www.loreedusabia.com\/fr\/?s={search_term_string}\"},\"query-input\":{\"@type\":\"PropertyValueSpecification\",\"valueRequired\":true,\"valueName\":\"search_term_string\"}}],\"inLanguage\":\"fr-FR\"},{\"@type\":\"Organization\",\"@id\":\"https:\/\/www.loreedusabia.com\/fr\/#organization\",\"name\":\"L'Or\u00e9e du Sabia\",\"url\":\"https:\/\/www.loreedusabia.com\/fr\/\",\"logo\":{\"@type\":\"ImageObject\",\"inLanguage\":\"fr-FR\",\"@id\":\"https:\/\/www.loreedusabia.com\/fr\/#\/schema\/logo\/image\/\",\"url\":\"https:\/\/www.loreedusabia.com\/wp-content\/uploads\/2020\/04\/logo_vert-oree-du-sabia@2x.png\",\"contentUrl\":\"https:\/\/www.loreedusabia.com\/wp-content\/uploads\/2020\/04\/logo_vert-oree-du-sabia@2x.png\",\"width\":600,\"height\":75,\"caption\":\"L'Or\u00e9e du Sabia\"},\"image\":{\"@id\":\"https:\/\/www.loreedusabia.com\/fr\/#\/schema\/logo\/image\/\"}}]}<\/script>\n<!-- \/ Yoast SEO plugin. -->","yoast_head_json":{"title":"L'Or\u00e9e du Sabia - Vigneron Oc\u00e9anique - Brem sur Mer en Vend\u00e9e","description":"Vignoble en biodynamie \u00e0 Brem-sur-mer, d\u00e9gustation, visite des vignes, du chai, r\u00e9ception, s\u00e9minaire, teambuilding, bar \u00e0 vin, hu\u00eetres","robots":{"index":"index","follow":"follow","max-snippet":"max-snippet:-1","max-image-preview":"max-image-preview:large","max-video-preview":"max-video-preview:-1"},"canonical":"https:\/\/www.loreedusabia.com\/fr\/","og_locale":"fr_FR","og_type":"article","og_title":"L'Or\u00e9e du Sabia - Vigneron Oc\u00e9anique - Brem sur Mer en Vend\u00e9e","og_description":"Vignoble en biodynamie \u00e0 Brem-sur-mer, d\u00e9gustation, visite des vignes, du chai, r\u00e9ception, s\u00e9minaire, teambuilding, bar \u00e0 vin, hu\u00eetres","og_url":"https:\/\/www.loreedusabia.com\/fr\/","og_site_name":"L&#039;Or\u00e9e du Sabia - Vigneron Oc\u00e9anique","article_modified_time":"2026-04-11T12:02:04+00:00","og_image":[{"width":54,"height":30,"url":"https:\/\/www.loreedusabia.com\/wp-content\/uploads\/2014\/12\/hr.png","type":"image\/png"}],"twitter_card":"summary_large_image","twitter_misc":{"Dur\u00e9e de lecture estim\u00e9e":"2 minutes"},"schema":{"@context":"https:\/\/schema.org","@graph":[{"@type":"WebPage","@id":"https:\/\/www.loreedusabia.com\/fr\/","url":"https:\/\/www.loreedusabia.com\/fr\/","name":"L'Or\u00e9e du Sabia - Vigneron Oc\u00e9anique - Brem sur Mer en Vend\u00e9e","isPartOf":{"@id":"https:\/\/www.loreedusabia.com\/fr\/#website"},"primaryImageOfPage":{"@id":"https:\/\/www.loreedusabia.com\/fr\/#primaryimage"},"image":{"@id":"https:\/\/www.loreedusabia.com\/fr\/#primaryimage"},"thumbnailUrl":"https:\/\/www.loreedusabia.com\/wp-content\/uploads\/2014\/12\/hr.png","datePublished":"2014-12-10T15:55:00+00:00","dateModified":"2026-04-11T12:02:04+00:00","description":"Vignoble en biodynamie \u00e0 Brem-sur-mer, d\u00e9gustation, visite des vignes, du chai, r\u00e9ception, s\u00e9minaire, teambuilding, bar \u00e0 vin, hu\u00eetres","breadcrumb":{"@id":"https:\/\/www.loreedusabia.com\/fr\/#breadcrumb"},"inLanguage":"fr-FR","potentialAction":[{"@type":"ReadAction","target":["https:\/\/www.loreedusabia.com\/fr\/"]}]},{"@type":"ImageObject","inLanguage":"fr-FR","@id":"https:\/\/www.loreedusabia.com\/fr\/#primaryimage","url":"https:\/\/www.loreedusabia.com\/wp-content\/uploads\/2014\/12\/hr.png","contentUrl":"https:\/\/www.loreedusabia.com\/wp-content\/uploads\/2014\/12\/hr.png"},{"@type":"BreadcrumbList","@id":"https:\/\/www.loreedusabia.com\/fr\/#breadcrumb","itemListElement":[{"@type":"ListItem","position":1,"name":"Accueil","item":"https:\/\/www.loreedusabia.com\/fr\/"},{"@type":"ListItem","position":2,"name":"ACCUEIL"}]},{"@type":"WebSite","@id":"https:\/\/www.loreedusabia.com\/fr\/#website","url":"https:\/\/www.loreedusabia.com\/fr\/","name":"L&#039;Or\u00e9e du Sabia - Vigneron Oc\u00e9anique","description":"Brem-Sur-Mer - Vend\u00e9e","publisher":{"@id":"https:\/\/www.loreedusabia.com\/fr\/#organization"},"potentialAction":[{"@type":"SearchAction","target":{"@type":"EntryPoint","urlTemplate":"https:\/\/www.loreedusabia.com\/fr\/?s={search_term_string}"},"query-input":{"@type":"PropertyValueSpecification","valueRequired":true,"valueName":"search_term_string"}}],"inLanguage":"fr-FR"},{"@type":"Organization","@id":"https:\/\/www.loreedusabia.com\/fr\/#organization","name":"L'Or\u00e9e du Sabia","url":"https:\/\/www.loreedusabia.com\/fr\/","logo":{"@type":"ImageObject","inLanguage":"fr-FR","@id":"https:\/\/www.loreedusabia.com\/fr\/#\/schema\/logo\/image\/","url":"https:\/\/www.loreedusabia.com\/wp-content\/uploads\/2020\/04\/logo_vert-oree-du-sabia@2x.png","contentUrl":"https:\/\/www.loreedusabia.com\/wp-content\/uploads\/2020\/04\/logo_vert-oree-du-sabia@2x.png","width":600,"height":75,"caption":"L'Or\u00e9e du Sabia"},"image":{"@id":"https:\/\/www.loreedusabia.com\/fr\/#\/schema\/logo\/image\/"}}]}},"_links":{"self":[{"href":"https:\/\/www.loreedusabia.com\/fr\/wp-json\/wp\/v2\/pages\/1269","targetHints":{"allow":["GET"]}}],"collection":[{"href":"https:\/\/www.loreedusabia.com\/fr\/wp-json\/wp\/v2\/pages"}],"about":[{"href":"https:\/\/www.loreedusabia.com\/fr\/wp-json\/wp\/v2\/types\/page"}],"author":[{"embeddable":true,"href":"https:\/\/www.loreedusabia.com\/fr\/wp-json\/wp\/v2\/users\/7"}],"replies":[{"embeddable":true,"href":"https:\/\/www.loreedusabia.com\/fr\/wp-json\/wp\/v2\/comments?post=1269"}],"version-history":[{"count":44,"href":"https:\/\/www.loreedusabia.com\/fr\/wp-json\/wp\/v2\/pages\/1269\/revisions"}],"predecessor-version":[{"id":6225,"href":"https:\/\/www.loreedusabia.com\/fr\/wp-json\/wp\/v2\/pages\/1269\/revisions\/6225"}],"wp:attachment":[{"href":"https:\/\/www.loreedusabia.com\/fr\/wp-json\/wp\/v2\/media?parent=1269"}],"curies":[{"name":"wp","href":"https:\/\/api.w.org\/{rel}","templated":true}]}}