{"id":4831,"date":"2021-02-17T17:11:55","date_gmt":"2021-04-02T14:57:15","guid":{"rendered":"https:\/\/www.loreedusabia.com\/produit\/banc-dessai\/"},"modified":"2025-02-14T09:04:22","modified_gmt":"2025-02-14T08:04:22","slug":"banc-dessai-2","status":"publish","type":"product","link":"https:\/\/www.loreedusabia.com\/en\/produit\/banc-dessai-2\/","title":{"rendered":"Banc d&#8217;Essai"},"content":{"rendered":"<h2>The anecdote :<\/h2>\n<p>Because each year is unique, every vintage of this cuv\u00e9e is a one-time only expression of some of our grapes&#8230;<\/p>\n","protected":false},"excerpt":{"rendered":"<h5><span style=\"color: #808080;\">IGP Val de Loire Vend\u00e9e<\/span><\/h5>\n<p>This cuv\u00e9e fluctuates every year based on what we want to try out. Sometimes we want to try something different in the vines, sometimes in the cellar or maybe we just want to craft a wine that changes completely from what we usually do. The outcome will always be a unique wine and Banc d\u2019Essai is its name.<\/p>\n<p>For the 2018 vintage we produced a cuv\u00e9e from 100% Cabernet Sauvignon and we experimented with macerating de-stemmed grapes directly in 228L oak barrels. The result is a rich, sunny and full bodied wine.<\/p>\n","protected":false},"featured_media":4730,"template":"","meta":{"_acf_changed":false},"product_brand":[],"product_cat":[162],"product_tag":[],"class_list":{"0":"post-4831","1":"product","2":"type-product","3":"status-publish","4":"has-post-thumbnail","6":"product_cat-our-red-wines","8":"first","9":"instock","10":"taxable","11":"shipping-taxable","12":"purchasable","13":"product-type-variable","14":"has-default-attributes"},"acf":[],"yoast_head":"<!-- This site is optimized with the Yoast SEO plugin v24.3 - https:\/\/yoast.com\/wordpress\/plugins\/seo\/ -->\n<title>Banc d&#039;Essai - L&#039;Or\u00e9e du Sabia - Vigneron Oc\u00e9anique<\/title>\n<meta name=\"description\" content=\"Banc d&#039;essai, cuv\u00e9e \u00e9ph\u00e9m\u00e8re, 2018 based on cabernet sauvignon, wine of guard with the notes of black fruits, beautiful structure\" \/>\n<meta name=\"robots\" content=\"index, follow, max-snippet:-1, max-image-preview:large, max-video-preview:-1\" \/>\n<link rel=\"canonical\" href=\"https:\/\/www.loreedusabia.com\/en\/produit\/banc-dessai-2\/\" \/>\n<meta property=\"og:locale\" content=\"en_GB\" \/>\n<meta property=\"og:type\" content=\"article\" \/>\n<meta property=\"og:title\" content=\"Banc d&#039;Essai - L&#039;Or\u00e9e du Sabia - Vigneron Oc\u00e9anique\" \/>\n<meta property=\"og:description\" content=\"Banc d&#039;essai, cuv\u00e9e \u00e9ph\u00e9m\u00e8re, 2018 based on cabernet sauvignon, wine of guard with the notes of black fruits, beautiful structure\" \/>\n<meta property=\"og:url\" content=\"https:\/\/www.loreedusabia.com\/en\/produit\/banc-dessai-2\/\" \/>\n<meta property=\"og:site_name\" content=\"L&#039;Or\u00e9e du Sabia - Vigneron Oc\u00e9anique\" \/>\n<meta property=\"article:modified_time\" content=\"2025-02-14T08:04:22+00:00\" \/>\n<meta property=\"og:image\" content=\"https:\/\/www.loreedusabia.com\/wp-content\/uploads\/2021\/02\/Sans-titre3.png\" \/>\n\t<meta property=\"og:image:width\" content=\"1080\" \/>\n\t<meta property=\"og:image:height\" content=\"1080\" \/>\n\t<meta property=\"og:image:type\" content=\"image\/png\" \/>\n<meta name=\"twitter:card\" content=\"summary_large_image\" \/>\n<meta name=\"twitter:label1\" content=\"Estimated reading time\" \/>\n\t<meta name=\"twitter:data1\" content=\"1 minute\" \/>\n<script type=\"application\/ld+json\" class=\"yoast-schema-graph\">{\"@context\":\"https:\/\/schema.org\",\"@graph\":[{\"@type\":\"WebPage\",\"@id\":\"https:\/\/www.loreedusabia.com\/en\/produit\/banc-dessai-2\/\",\"url\":\"https:\/\/www.loreedusabia.com\/en\/produit\/banc-dessai-2\/\",\"name\":\"Banc d'Essai - L&#039;Or\u00e9e du Sabia - Vigneron Oc\u00e9anique\",\"isPartOf\":{\"@id\":\"https:\/\/www.loreedusabia.com\/fr\/#website\"},\"primaryImageOfPage\":{\"@id\":\"https:\/\/www.loreedusabia.com\/en\/produit\/banc-dessai-2\/#primaryimage\"},\"image\":{\"@id\":\"https:\/\/www.loreedusabia.com\/en\/produit\/banc-dessai-2\/#primaryimage\"},\"thumbnailUrl\":\"https:\/\/www.loreedusabia.com\/wp-content\/uploads\/2021\/02\/Sans-titre3.png\",\"datePublished\":\"2021-04-02T14:57:15+00:00\",\"dateModified\":\"2025-02-14T08:04:22+00:00\",\"description\":\"Banc d'essai, cuv\u00e9e \u00e9ph\u00e9m\u00e8re, 2018 based on cabernet sauvignon, wine of guard with the notes of black fruits, beautiful structure\",\"breadcrumb\":{\"@id\":\"https:\/\/www.loreedusabia.com\/en\/produit\/banc-dessai-2\/#breadcrumb\"},\"inLanguage\":\"en-GB\",\"potentialAction\":[{\"@type\":\"ReadAction\",\"target\":[\"https:\/\/www.loreedusabia.com\/en\/produit\/banc-dessai-2\/\"]}]},{\"@type\":\"ImageObject\",\"inLanguage\":\"en-GB\",\"@id\":\"https:\/\/www.loreedusabia.com\/en\/produit\/banc-dessai-2\/#primaryimage\",\"url\":\"https:\/\/www.loreedusabia.com\/wp-content\/uploads\/2021\/02\/Sans-titre3.png\",\"contentUrl\":\"https:\/\/www.loreedusabia.com\/wp-content\/uploads\/2021\/02\/Sans-titre3.png\",\"width\":1080,\"height\":1080,\"caption\":\"BANC D'ESSAI\"},{\"@type\":\"BreadcrumbList\",\"@id\":\"https:\/\/www.loreedusabia.com\/en\/produit\/banc-dessai-2\/#breadcrumb\",\"itemListElement\":[{\"@type\":\"ListItem\",\"position\":1,\"name\":\"Accueil\",\"item\":\"https:\/\/www.loreedusabia.com\/en\/\"},{\"@type\":\"ListItem\",\"position\":2,\"name\":\"Shop\",\"item\":\"https:\/\/www.loreedusabia.com\/en\/shop\/\"},{\"@type\":\"ListItem\",\"position\":3,\"name\":\"Banc d&rsquo;Essai\"}]},{\"@type\":\"WebSite\",\"@id\":\"https:\/\/www.loreedusabia.com\/fr\/#website\",\"url\":\"https:\/\/www.loreedusabia.com\/fr\/\",\"name\":\"L&#039;Or\u00e9e du Sabia - Vigneron Oc\u00e9anique\",\"description\":\"Brem-Sur-Mer - Vend\u00e9e\",\"publisher\":{\"@id\":\"https:\/\/www.loreedusabia.com\/fr\/#organization\"},\"potentialAction\":[{\"@type\":\"SearchAction\",\"target\":{\"@type\":\"EntryPoint\",\"urlTemplate\":\"https:\/\/www.loreedusabia.com\/fr\/?s={search_term_string}\"},\"query-input\":{\"@type\":\"PropertyValueSpecification\",\"valueRequired\":true,\"valueName\":\"search_term_string\"}}],\"inLanguage\":\"en-GB\"},{\"@type\":\"Organization\",\"@id\":\"https:\/\/www.loreedusabia.com\/fr\/#organization\",\"name\":\"L'Or\u00e9e du Sabia\",\"url\":\"https:\/\/www.loreedusabia.com\/fr\/\",\"logo\":{\"@type\":\"ImageObject\",\"inLanguage\":\"en-GB\",\"@id\":\"https:\/\/www.loreedusabia.com\/fr\/#\/schema\/logo\/image\/\",\"url\":\"https:\/\/www.loreedusabia.com\/wp-content\/uploads\/2020\/04\/logo_vert-oree-du-sabia@2x.png\",\"contentUrl\":\"https:\/\/www.loreedusabia.com\/wp-content\/uploads\/2020\/04\/logo_vert-oree-du-sabia@2x.png\",\"width\":600,\"height\":75,\"caption\":\"L'Or\u00e9e du Sabia\"},\"image\":{\"@id\":\"https:\/\/www.loreedusabia.com\/fr\/#\/schema\/logo\/image\/\"}}]}<\/script>\n<!-- \/ Yoast SEO plugin. -->","yoast_head_json":{"title":"Banc d'Essai - L&#039;Or\u00e9e du Sabia - Vigneron Oc\u00e9anique","description":"Banc d'essai, cuv\u00e9e \u00e9ph\u00e9m\u00e8re, 2018 based on cabernet sauvignon, wine of guard with the notes of black fruits, beautiful structure","robots":{"index":"index","follow":"follow","max-snippet":"max-snippet:-1","max-image-preview":"max-image-preview:large","max-video-preview":"max-video-preview:-1"},"canonical":"https:\/\/www.loreedusabia.com\/en\/produit\/banc-dessai-2\/","og_locale":"en_GB","og_type":"article","og_title":"Banc d'Essai - L&#039;Or\u00e9e du Sabia - Vigneron Oc\u00e9anique","og_description":"Banc d'essai, cuv\u00e9e \u00e9ph\u00e9m\u00e8re, 2018 based on cabernet sauvignon, wine of guard with the notes of black fruits, beautiful structure","og_url":"https:\/\/www.loreedusabia.com\/en\/produit\/banc-dessai-2\/","og_site_name":"L&#039;Or\u00e9e du Sabia - Vigneron Oc\u00e9anique","article_modified_time":"2025-02-14T08:04:22+00:00","og_image":[{"width":1080,"height":1080,"url":"https:\/\/www.loreedusabia.com\/wp-content\/uploads\/2021\/02\/Sans-titre3.png","type":"image\/png"}],"twitter_card":"summary_large_image","twitter_misc":{"Estimated reading time":"1 minute"},"schema":{"@context":"https:\/\/schema.org","@graph":[{"@type":"WebPage","@id":"https:\/\/www.loreedusabia.com\/en\/produit\/banc-dessai-2\/","url":"https:\/\/www.loreedusabia.com\/en\/produit\/banc-dessai-2\/","name":"Banc d'Essai - L&#039;Or\u00e9e du Sabia - Vigneron Oc\u00e9anique","isPartOf":{"@id":"https:\/\/www.loreedusabia.com\/fr\/#website"},"primaryImageOfPage":{"@id":"https:\/\/www.loreedusabia.com\/en\/produit\/banc-dessai-2\/#primaryimage"},"image":{"@id":"https:\/\/www.loreedusabia.com\/en\/produit\/banc-dessai-2\/#primaryimage"},"thumbnailUrl":"https:\/\/www.loreedusabia.com\/wp-content\/uploads\/2021\/02\/Sans-titre3.png","datePublished":"2021-04-02T14:57:15+00:00","dateModified":"2025-02-14T08:04:22+00:00","description":"Banc d'essai, cuv\u00e9e \u00e9ph\u00e9m\u00e8re, 2018 based on cabernet sauvignon, wine of guard with the notes of black fruits, beautiful structure","breadcrumb":{"@id":"https:\/\/www.loreedusabia.com\/en\/produit\/banc-dessai-2\/#breadcrumb"},"inLanguage":"en-GB","potentialAction":[{"@type":"ReadAction","target":["https:\/\/www.loreedusabia.com\/en\/produit\/banc-dessai-2\/"]}]},{"@type":"ImageObject","inLanguage":"en-GB","@id":"https:\/\/www.loreedusabia.com\/en\/produit\/banc-dessai-2\/#primaryimage","url":"https:\/\/www.loreedusabia.com\/wp-content\/uploads\/2021\/02\/Sans-titre3.png","contentUrl":"https:\/\/www.loreedusabia.com\/wp-content\/uploads\/2021\/02\/Sans-titre3.png","width":1080,"height":1080,"caption":"BANC D'ESSAI"},{"@type":"BreadcrumbList","@id":"https:\/\/www.loreedusabia.com\/en\/produit\/banc-dessai-2\/#breadcrumb","itemListElement":[{"@type":"ListItem","position":1,"name":"Accueil","item":"https:\/\/www.loreedusabia.com\/en\/"},{"@type":"ListItem","position":2,"name":"Shop","item":"https:\/\/www.loreedusabia.com\/en\/shop\/"},{"@type":"ListItem","position":3,"name":"Banc d&rsquo;Essai"}]},{"@type":"WebSite","@id":"https:\/\/www.loreedusabia.com\/fr\/#website","url":"https:\/\/www.loreedusabia.com\/fr\/","name":"L&#039;Or\u00e9e du Sabia - Vigneron Oc\u00e9anique","description":"Brem-Sur-Mer - Vend\u00e9e","publisher":{"@id":"https:\/\/www.loreedusabia.com\/fr\/#organization"},"potentialAction":[{"@type":"SearchAction","target":{"@type":"EntryPoint","urlTemplate":"https:\/\/www.loreedusabia.com\/fr\/?s={search_term_string}"},"query-input":{"@type":"PropertyValueSpecification","valueRequired":true,"valueName":"search_term_string"}}],"inLanguage":"en-GB"},{"@type":"Organization","@id":"https:\/\/www.loreedusabia.com\/fr\/#organization","name":"L'Or\u00e9e du Sabia","url":"https:\/\/www.loreedusabia.com\/fr\/","logo":{"@type":"ImageObject","inLanguage":"en-GB","@id":"https:\/\/www.loreedusabia.com\/fr\/#\/schema\/logo\/image\/","url":"https:\/\/www.loreedusabia.com\/wp-content\/uploads\/2020\/04\/logo_vert-oree-du-sabia@2x.png","contentUrl":"https:\/\/www.loreedusabia.com\/wp-content\/uploads\/2020\/04\/logo_vert-oree-du-sabia@2x.png","width":600,"height":75,"caption":"L'Or\u00e9e du Sabia"},"image":{"@id":"https:\/\/www.loreedusabia.com\/fr\/#\/schema\/logo\/image\/"}}]}},"_links":{"self":[{"href":"https:\/\/www.loreedusabia.com\/en\/wp-json\/wp\/v2\/product\/4831","targetHints":{"allow":["GET"]}}],"collection":[{"href":"https:\/\/www.loreedusabia.com\/en\/wp-json\/wp\/v2\/product"}],"about":[{"href":"https:\/\/www.loreedusabia.com\/en\/wp-json\/wp\/v2\/types\/product"}],"wp:featuredmedia":[{"embeddable":true,"href":"https:\/\/www.loreedusabia.com\/en\/wp-json\/wp\/v2\/media\/4730"}],"wp:attachment":[{"href":"https:\/\/www.loreedusabia.com\/en\/wp-json\/wp\/v2\/media?parent=4831"}],"wp:term":[{"taxonomy":"product_brand","embeddable":true,"href":"https:\/\/www.loreedusabia.com\/en\/wp-json\/wp\/v2\/product_brand?post=4831"},{"taxonomy":"product_cat","embeddable":true,"href":"https:\/\/www.loreedusabia.com\/en\/wp-json\/wp\/v2\/product_cat?post=4831"},{"taxonomy":"product_tag","embeddable":true,"href":"https:\/\/www.loreedusabia.com\/en\/wp-json\/wp\/v2\/product_tag?post=4831"}],"curies":[{"name":"wp","href":"https:\/\/api.w.org\/{rel}","templated":true}]}}