{"id":3941,"date":"2021-02-17T17:15:37","date_gmt":"2021-02-17T16:15:37","guid":{"rendered":"https:\/\/www.loreedusabia.com\/?post_type=product&#038;p=3941"},"modified":"2025-06-28T10:26:34","modified_gmt":"2025-06-28T08:26:34","slug":"la-rosee","status":"publish","type":"product","link":"https:\/\/www.loreedusabia.com\/en\/produit\/la-rosee\/","title":{"rendered":"La Ros\u00e9e"},"content":{"rendered":"<h2>Le moment d\u00e9tente :<\/h2>\n<h6>Durant l&#8217;\u00e9t\u00e9, imaginez le soleil r\u00e9chauffant votre peau, au loin l&#8217;oc\u00e9an, le planche de charcuterie et La Ros\u00e9e pour vous accompagner.\u00a0\u00c7a donne envie d&#8217;\u00eatre entre copains ou en famille, non ?<\/h6>\n","protected":false},"excerpt":{"rendered":"<h5><span style=\"color: #808080;\">IGP Val de Loire Vend\u00e9e<\/span><\/h5>\n<p>La Ros\u00e9e est une cuv\u00e9e de vin ros\u00e9 100% Negrette. Sa belle robe rose rouge\u00e2tre, son caract\u00e8re fruit\u00e9 et sa fra\u00eecheur raviront vos ap\u00e9ritifs estivaux.<\/p>\n","protected":false},"featured_media":4443,"template":"","meta":{"_acf_changed":false},"product_brand":[],"product_cat":[161],"product_tag":[],"class_list":{"0":"post-3941","1":"product","2":"type-product","3":"status-publish","4":"has-post-thumbnail","6":"product_cat-our-rose-wines","8":"first","9":"outofstock","10":"taxable","11":"shipping-taxable","12":"purchasable","13":"product-type-variable","14":"has-default-attributes"},"acf":[],"yoast_head":"<!-- This site is optimized with the Yoast SEO plugin v24.3 - https:\/\/yoast.com\/wordpress\/plugins\/seo\/ -->\n<title>La Ros\u00e9e - L&#039;Or\u00e9e du Sabia - Vigneron Oc\u00e9anique<\/title>\n<meta name=\"description\" content=\"La Ros\u00e9e, vin ros\u00e9 sec \u00e0 base de pinot noir, notes fruit\u00e9es, salines et min\u00e9rales, vin de plage, vin vend\u00e9en, Brem-sur-Mer\" \/>\n<meta name=\"robots\" content=\"index, follow, max-snippet:-1, max-image-preview:large, max-video-preview:-1\" \/>\n<link rel=\"canonical\" href=\"https:\/\/www.loreedusabia.com\/en\/produit\/la-rosee\/\" \/>\n<meta property=\"og:locale\" content=\"en_GB\" \/>\n<meta property=\"og:type\" content=\"article\" \/>\n<meta property=\"og:title\" content=\"La Ros\u00e9e - L&#039;Or\u00e9e du Sabia - Vigneron Oc\u00e9anique\" \/>\n<meta property=\"og:description\" content=\"La Ros\u00e9e, vin ros\u00e9 sec \u00e0 base de pinot noir, notes fruit\u00e9es, salines et min\u00e9rales, vin de plage, vin vend\u00e9en, Brem-sur-Mer\" \/>\n<meta property=\"og:url\" content=\"https:\/\/www.loreedusabia.com\/en\/produit\/la-rosee\/\" \/>\n<meta property=\"og:site_name\" content=\"L&#039;Or\u00e9e du Sabia - Vigneron Oc\u00e9anique\" \/>\n<meta property=\"article:modified_time\" content=\"2025-06-28T08:26:34+00:00\" \/>\n<meta property=\"og:image\" content=\"https:\/\/www.loreedusabia.com\/wp-content\/uploads\/2021\/02\/25.png\" \/>\n\t<meta property=\"og:image:width\" content=\"1080\" \/>\n\t<meta property=\"og:image:height\" content=\"1080\" \/>\n\t<meta property=\"og:image:type\" content=\"image\/png\" \/>\n<meta name=\"twitter:card\" content=\"summary_large_image\" \/>\n<meta name=\"twitter:label1\" content=\"Estimated reading time\" \/>\n\t<meta name=\"twitter:data1\" content=\"1 minute\" \/>\n<script type=\"application\/ld+json\" class=\"yoast-schema-graph\">{\"@context\":\"https:\/\/schema.org\",\"@graph\":[{\"@type\":\"WebPage\",\"@id\":\"https:\/\/www.loreedusabia.com\/en\/produit\/la-rosee\/\",\"url\":\"https:\/\/www.loreedusabia.com\/en\/produit\/la-rosee\/\",\"name\":\"La Ros\u00e9e - L&#039;Or\u00e9e du Sabia - Vigneron Oc\u00e9anique\",\"isPartOf\":{\"@id\":\"https:\/\/www.loreedusabia.com\/fr\/#website\"},\"primaryImageOfPage\":{\"@id\":\"https:\/\/www.loreedusabia.com\/en\/produit\/la-rosee\/#primaryimage\"},\"image\":{\"@id\":\"https:\/\/www.loreedusabia.com\/en\/produit\/la-rosee\/#primaryimage\"},\"thumbnailUrl\":\"https:\/\/www.loreedusabia.com\/wp-content\/uploads\/2021\/02\/25.png\",\"datePublished\":\"2021-02-17T16:15:37+00:00\",\"dateModified\":\"2025-06-28T08:26:34+00:00\",\"description\":\"La Ros\u00e9e, vin ros\u00e9 sec \u00e0 base de pinot noir, notes fruit\u00e9es, salines et min\u00e9rales, vin de plage, vin vend\u00e9en, Brem-sur-Mer\",\"breadcrumb\":{\"@id\":\"https:\/\/www.loreedusabia.com\/en\/produit\/la-rosee\/#breadcrumb\"},\"inLanguage\":\"en-GB\",\"potentialAction\":[{\"@type\":\"ReadAction\",\"target\":[\"https:\/\/www.loreedusabia.com\/en\/produit\/la-rosee\/\"]}]},{\"@type\":\"ImageObject\",\"inLanguage\":\"en-GB\",\"@id\":\"https:\/\/www.loreedusabia.com\/en\/produit\/la-rosee\/#primaryimage\",\"url\":\"https:\/\/www.loreedusabia.com\/wp-content\/uploads\/2021\/02\/25.png\",\"contentUrl\":\"https:\/\/www.loreedusabia.com\/wp-content\/uploads\/2021\/02\/25.png\",\"width\":1080,\"height\":1080,\"caption\":\"La ros\u00e9e, l'or\u00e9e du sabia\"},{\"@type\":\"BreadcrumbList\",\"@id\":\"https:\/\/www.loreedusabia.com\/en\/produit\/la-rosee\/#breadcrumb\",\"itemListElement\":[{\"@type\":\"ListItem\",\"position\":1,\"name\":\"Accueil\",\"item\":\"https:\/\/www.loreedusabia.com\/en\/\"},{\"@type\":\"ListItem\",\"position\":2,\"name\":\"Shop\",\"item\":\"https:\/\/www.loreedusabia.com\/en\/shop\/\"},{\"@type\":\"ListItem\",\"position\":3,\"name\":\"La Ros\u00e9e\"}]},{\"@type\":\"WebSite\",\"@id\":\"https:\/\/www.loreedusabia.com\/fr\/#website\",\"url\":\"https:\/\/www.loreedusabia.com\/fr\/\",\"name\":\"L&#039;Or\u00e9e du Sabia - Vigneron Oc\u00e9anique\",\"description\":\"Brem-Sur-Mer - Vend\u00e9e\",\"publisher\":{\"@id\":\"https:\/\/www.loreedusabia.com\/fr\/#organization\"},\"potentialAction\":[{\"@type\":\"SearchAction\",\"target\":{\"@type\":\"EntryPoint\",\"urlTemplate\":\"https:\/\/www.loreedusabia.com\/fr\/?s={search_term_string}\"},\"query-input\":{\"@type\":\"PropertyValueSpecification\",\"valueRequired\":true,\"valueName\":\"search_term_string\"}}],\"inLanguage\":\"en-GB\"},{\"@type\":\"Organization\",\"@id\":\"https:\/\/www.loreedusabia.com\/fr\/#organization\",\"name\":\"L'Or\u00e9e du Sabia\",\"url\":\"https:\/\/www.loreedusabia.com\/fr\/\",\"logo\":{\"@type\":\"ImageObject\",\"inLanguage\":\"en-GB\",\"@id\":\"https:\/\/www.loreedusabia.com\/fr\/#\/schema\/logo\/image\/\",\"url\":\"https:\/\/www.loreedusabia.com\/wp-content\/uploads\/2020\/04\/logo_vert-oree-du-sabia@2x.png\",\"contentUrl\":\"https:\/\/www.loreedusabia.com\/wp-content\/uploads\/2020\/04\/logo_vert-oree-du-sabia@2x.png\",\"width\":600,\"height\":75,\"caption\":\"L'Or\u00e9e du Sabia\"},\"image\":{\"@id\":\"https:\/\/www.loreedusabia.com\/fr\/#\/schema\/logo\/image\/\"}}]}<\/script>\n<!-- \/ Yoast SEO plugin. -->","yoast_head_json":{"title":"La Ros\u00e9e - L&#039;Or\u00e9e du Sabia - Vigneron Oc\u00e9anique","description":"La Ros\u00e9e, vin ros\u00e9 sec \u00e0 base de pinot noir, notes fruit\u00e9es, salines et min\u00e9rales, vin de plage, vin vend\u00e9en, Brem-sur-Mer","robots":{"index":"index","follow":"follow","max-snippet":"max-snippet:-1","max-image-preview":"max-image-preview:large","max-video-preview":"max-video-preview:-1"},"canonical":"https:\/\/www.loreedusabia.com\/en\/produit\/la-rosee\/","og_locale":"en_GB","og_type":"article","og_title":"La Ros\u00e9e - L&#039;Or\u00e9e du Sabia - Vigneron Oc\u00e9anique","og_description":"La Ros\u00e9e, vin ros\u00e9 sec \u00e0 base de pinot noir, notes fruit\u00e9es, salines et min\u00e9rales, vin de plage, vin vend\u00e9en, Brem-sur-Mer","og_url":"https:\/\/www.loreedusabia.com\/en\/produit\/la-rosee\/","og_site_name":"L&#039;Or\u00e9e du Sabia - Vigneron Oc\u00e9anique","article_modified_time":"2025-06-28T08:26:34+00:00","og_image":[{"width":1080,"height":1080,"url":"https:\/\/www.loreedusabia.com\/wp-content\/uploads\/2021\/02\/25.png","type":"image\/png"}],"twitter_card":"summary_large_image","twitter_misc":{"Estimated reading time":"1 minute"},"schema":{"@context":"https:\/\/schema.org","@graph":[{"@type":"WebPage","@id":"https:\/\/www.loreedusabia.com\/en\/produit\/la-rosee\/","url":"https:\/\/www.loreedusabia.com\/en\/produit\/la-rosee\/","name":"La Ros\u00e9e - L&#039;Or\u00e9e du Sabia - Vigneron Oc\u00e9anique","isPartOf":{"@id":"https:\/\/www.loreedusabia.com\/fr\/#website"},"primaryImageOfPage":{"@id":"https:\/\/www.loreedusabia.com\/en\/produit\/la-rosee\/#primaryimage"},"image":{"@id":"https:\/\/www.loreedusabia.com\/en\/produit\/la-rosee\/#primaryimage"},"thumbnailUrl":"https:\/\/www.loreedusabia.com\/wp-content\/uploads\/2021\/02\/25.png","datePublished":"2021-02-17T16:15:37+00:00","dateModified":"2025-06-28T08:26:34+00:00","description":"La Ros\u00e9e, vin ros\u00e9 sec \u00e0 base de pinot noir, notes fruit\u00e9es, salines et min\u00e9rales, vin de plage, vin vend\u00e9en, Brem-sur-Mer","breadcrumb":{"@id":"https:\/\/www.loreedusabia.com\/en\/produit\/la-rosee\/#breadcrumb"},"inLanguage":"en-GB","potentialAction":[{"@type":"ReadAction","target":["https:\/\/www.loreedusabia.com\/en\/produit\/la-rosee\/"]}]},{"@type":"ImageObject","inLanguage":"en-GB","@id":"https:\/\/www.loreedusabia.com\/en\/produit\/la-rosee\/#primaryimage","url":"https:\/\/www.loreedusabia.com\/wp-content\/uploads\/2021\/02\/25.png","contentUrl":"https:\/\/www.loreedusabia.com\/wp-content\/uploads\/2021\/02\/25.png","width":1080,"height":1080,"caption":"La ros\u00e9e, l'or\u00e9e du sabia"},{"@type":"BreadcrumbList","@id":"https:\/\/www.loreedusabia.com\/en\/produit\/la-rosee\/#breadcrumb","itemListElement":[{"@type":"ListItem","position":1,"name":"Accueil","item":"https:\/\/www.loreedusabia.com\/en\/"},{"@type":"ListItem","position":2,"name":"Shop","item":"https:\/\/www.loreedusabia.com\/en\/shop\/"},{"@type":"ListItem","position":3,"name":"La Ros\u00e9e"}]},{"@type":"WebSite","@id":"https:\/\/www.loreedusabia.com\/fr\/#website","url":"https:\/\/www.loreedusabia.com\/fr\/","name":"L&#039;Or\u00e9e du Sabia - Vigneron Oc\u00e9anique","description":"Brem-Sur-Mer - Vend\u00e9e","publisher":{"@id":"https:\/\/www.loreedusabia.com\/fr\/#organization"},"potentialAction":[{"@type":"SearchAction","target":{"@type":"EntryPoint","urlTemplate":"https:\/\/www.loreedusabia.com\/fr\/?s={search_term_string}"},"query-input":{"@type":"PropertyValueSpecification","valueRequired":true,"valueName":"search_term_string"}}],"inLanguage":"en-GB"},{"@type":"Organization","@id":"https:\/\/www.loreedusabia.com\/fr\/#organization","name":"L'Or\u00e9e du Sabia","url":"https:\/\/www.loreedusabia.com\/fr\/","logo":{"@type":"ImageObject","inLanguage":"en-GB","@id":"https:\/\/www.loreedusabia.com\/fr\/#\/schema\/logo\/image\/","url":"https:\/\/www.loreedusabia.com\/wp-content\/uploads\/2020\/04\/logo_vert-oree-du-sabia@2x.png","contentUrl":"https:\/\/www.loreedusabia.com\/wp-content\/uploads\/2020\/04\/logo_vert-oree-du-sabia@2x.png","width":600,"height":75,"caption":"L'Or\u00e9e du Sabia"},"image":{"@id":"https:\/\/www.loreedusabia.com\/fr\/#\/schema\/logo\/image\/"}}]}},"_links":{"self":[{"href":"https:\/\/www.loreedusabia.com\/en\/wp-json\/wp\/v2\/product\/3941","targetHints":{"allow":["GET"]}}],"collection":[{"href":"https:\/\/www.loreedusabia.com\/en\/wp-json\/wp\/v2\/product"}],"about":[{"href":"https:\/\/www.loreedusabia.com\/en\/wp-json\/wp\/v2\/types\/product"}],"wp:featuredmedia":[{"embeddable":true,"href":"https:\/\/www.loreedusabia.com\/en\/wp-json\/wp\/v2\/media\/4443"}],"wp:attachment":[{"href":"https:\/\/www.loreedusabia.com\/en\/wp-json\/wp\/v2\/media?parent=3941"}],"wp:term":[{"taxonomy":"product_brand","embeddable":true,"href":"https:\/\/www.loreedusabia.com\/en\/wp-json\/wp\/v2\/product_brand?post=3941"},{"taxonomy":"product_cat","embeddable":true,"href":"https:\/\/www.loreedusabia.com\/en\/wp-json\/wp\/v2\/product_cat?post=3941"},{"taxonomy":"product_tag","embeddable":true,"href":"https:\/\/www.loreedusabia.com\/en\/wp-json\/wp\/v2\/product_tag?post=3941"}],"curies":[{"name":"wp","href":"https:\/\/api.w.org\/{rel}","templated":true}]}}