{"id":3940,"date":"2021-02-17T17:13:28","date_gmt":"2021-02-17T16:13:28","guid":{"rendered":"https:\/\/www.loreedusabia.com\/?post_type=product&#038;p=3940"},"modified":"2025-08-13T11:05:46","modified_gmt":"2025-08-13T09:05:46","slug":"les-abattis","status":"publish","type":"product","link":"https:\/\/www.loreedusabia.com\/en\/produit\/les-abattis\/","title":{"rendered":"Les Abattis"},"content":{"rendered":"<h2>L&#8217;info en plus :<\/h2>\n<h6>Au domaine, nous sommes fiers de ces vignes ag\u00e9es de 50 \u00e0 80 ans, qui creusent le sol pour s&#8217;enrichir de ce terroir br\u00e9mois.<\/h6>\n","protected":false},"excerpt":{"rendered":"<h5><span style=\"color: #808080;\">IGP Val de Loire Vend\u00e9e<\/span><\/h5>\n<p>Cette cuv\u00e9e est issue de nos plus vieilles vignes de Pinot Noir. Gr\u00e2ce \u00e0 leur syst\u00e8me racinaire ancien et profond, elles puisent leur min\u00e9ralit\u00e9 dans les failles de schistes gris bleut\u00e9s et expriment la quintessence des terroirs du lieu-dit \u00ab la Fremi\u00e8re \u00bb.<\/p>\n","protected":false},"featured_media":5867,"template":"","meta":{"_acf_changed":false},"product_brand":[],"product_cat":[162],"product_tag":[],"class_list":{"0":"post-3940","1":"product","2":"type-product","3":"status-publish","4":"has-post-thumbnail","6":"product_cat-our-red-wines","8":"first","9":"instock","10":"taxable","11":"shipping-taxable","12":"purchasable","13":"product-type-variable","14":"has-default-attributes"},"acf":[],"yoast_head":"<!-- This site is optimized with the Yoast SEO plugin v24.3 - https:\/\/yoast.com\/wordpress\/plugins\/seo\/ -->\n<title>Les Abattis - L&#039;Or\u00e9e du Sabia - Vigneron Oc\u00e9anique<\/title>\n<meta name=\"description\" content=\"Les Abattis, Vieilles vignes de pinot noir, terroir riche de quartz, \u00e9levage long de 30 mois, tanins soyeux, notes fruit\u00e9es, fum\u00e9es, de cuire\" \/>\n<meta name=\"robots\" content=\"index, follow, max-snippet:-1, max-image-preview:large, max-video-preview:-1\" \/>\n<link rel=\"canonical\" href=\"https:\/\/www.loreedusabia.com\/en\/produit\/les-abattis\/\" \/>\n<meta property=\"og:locale\" content=\"en_GB\" \/>\n<meta property=\"og:type\" content=\"article\" \/>\n<meta property=\"og:title\" content=\"Les Abattis - L&#039;Or\u00e9e du Sabia - Vigneron Oc\u00e9anique\" \/>\n<meta property=\"og:description\" content=\"Les Abattis, Vieilles vignes de pinot noir, terroir riche de quartz, \u00e9levage long de 30 mois, tanins soyeux, notes fruit\u00e9es, fum\u00e9es, de cuire\" \/>\n<meta property=\"og:url\" content=\"https:\/\/www.loreedusabia.com\/en\/produit\/les-abattis\/\" \/>\n<meta property=\"og:site_name\" content=\"L&#039;Or\u00e9e du Sabia - Vigneron Oc\u00e9anique\" \/>\n<meta property=\"article:modified_time\" content=\"2025-08-13T09:05:46+00:00\" \/>\n<meta property=\"og:image\" content=\"https:\/\/www.loreedusabia.com\/wp-content\/uploads\/2025\/06\/Aba-22.png\" \/>\n\t<meta property=\"og:image:width\" content=\"1226\" \/>\n\t<meta property=\"og:image:height\" content=\"1068\" \/>\n\t<meta property=\"og:image:type\" content=\"image\/png\" \/>\n<meta name=\"twitter:card\" content=\"summary_large_image\" \/>\n<meta name=\"twitter:label1\" content=\"Estimated reading time\" \/>\n\t<meta name=\"twitter:data1\" content=\"1 minute\" \/>\n<script type=\"application\/ld+json\" class=\"yoast-schema-graph\">{\"@context\":\"https:\/\/schema.org\",\"@graph\":[{\"@type\":\"WebPage\",\"@id\":\"https:\/\/www.loreedusabia.com\/en\/produit\/les-abattis\/\",\"url\":\"https:\/\/www.loreedusabia.com\/en\/produit\/les-abattis\/\",\"name\":\"Les Abattis - L&#039;Or\u00e9e du Sabia - Vigneron Oc\u00e9anique\",\"isPartOf\":{\"@id\":\"https:\/\/www.loreedusabia.com\/fr\/#website\"},\"primaryImageOfPage\":{\"@id\":\"https:\/\/www.loreedusabia.com\/en\/produit\/les-abattis\/#primaryimage\"},\"image\":{\"@id\":\"https:\/\/www.loreedusabia.com\/en\/produit\/les-abattis\/#primaryimage\"},\"thumbnailUrl\":\"https:\/\/www.loreedusabia.com\/wp-content\/uploads\/2025\/06\/Aba-22.png\",\"datePublished\":\"2021-02-17T16:13:28+00:00\",\"dateModified\":\"2025-08-13T09:05:46+00:00\",\"description\":\"Les Abattis, Vieilles vignes de pinot noir, terroir riche de quartz, \u00e9levage long de 30 mois, tanins soyeux, notes fruit\u00e9es, fum\u00e9es, de cuire\",\"breadcrumb\":{\"@id\":\"https:\/\/www.loreedusabia.com\/en\/produit\/les-abattis\/#breadcrumb\"},\"inLanguage\":\"en-GB\",\"potentialAction\":[{\"@type\":\"ReadAction\",\"target\":[\"https:\/\/www.loreedusabia.com\/en\/produit\/les-abattis\/\"]}]},{\"@type\":\"ImageObject\",\"inLanguage\":\"en-GB\",\"@id\":\"https:\/\/www.loreedusabia.com\/en\/produit\/les-abattis\/#primaryimage\",\"url\":\"https:\/\/www.loreedusabia.com\/wp-content\/uploads\/2025\/06\/Aba-22.png\",\"contentUrl\":\"https:\/\/www.loreedusabia.com\/wp-content\/uploads\/2025\/06\/Aba-22.png\",\"width\":1226,\"height\":1068},{\"@type\":\"BreadcrumbList\",\"@id\":\"https:\/\/www.loreedusabia.com\/en\/produit\/les-abattis\/#breadcrumb\",\"itemListElement\":[{\"@type\":\"ListItem\",\"position\":1,\"name\":\"Accueil\",\"item\":\"https:\/\/www.loreedusabia.com\/en\/\"},{\"@type\":\"ListItem\",\"position\":2,\"name\":\"Shop\",\"item\":\"https:\/\/www.loreedusabia.com\/en\/shop\/\"},{\"@type\":\"ListItem\",\"position\":3,\"name\":\"Les Abattis\"}]},{\"@type\":\"WebSite\",\"@id\":\"https:\/\/www.loreedusabia.com\/fr\/#website\",\"url\":\"https:\/\/www.loreedusabia.com\/fr\/\",\"name\":\"L&#039;Or\u00e9e du Sabia - Vigneron Oc\u00e9anique\",\"description\":\"Brem-Sur-Mer - Vend\u00e9e\",\"publisher\":{\"@id\":\"https:\/\/www.loreedusabia.com\/fr\/#organization\"},\"potentialAction\":[{\"@type\":\"SearchAction\",\"target\":{\"@type\":\"EntryPoint\",\"urlTemplate\":\"https:\/\/www.loreedusabia.com\/fr\/?s={search_term_string}\"},\"query-input\":{\"@type\":\"PropertyValueSpecification\",\"valueRequired\":true,\"valueName\":\"search_term_string\"}}],\"inLanguage\":\"en-GB\"},{\"@type\":\"Organization\",\"@id\":\"https:\/\/www.loreedusabia.com\/fr\/#organization\",\"name\":\"L'Or\u00e9e du Sabia\",\"url\":\"https:\/\/www.loreedusabia.com\/fr\/\",\"logo\":{\"@type\":\"ImageObject\",\"inLanguage\":\"en-GB\",\"@id\":\"https:\/\/www.loreedusabia.com\/fr\/#\/schema\/logo\/image\/\",\"url\":\"https:\/\/www.loreedusabia.com\/wp-content\/uploads\/2020\/04\/logo_vert-oree-du-sabia@2x.png\",\"contentUrl\":\"https:\/\/www.loreedusabia.com\/wp-content\/uploads\/2020\/04\/logo_vert-oree-du-sabia@2x.png\",\"width\":600,\"height\":75,\"caption\":\"L'Or\u00e9e du Sabia\"},\"image\":{\"@id\":\"https:\/\/www.loreedusabia.com\/fr\/#\/schema\/logo\/image\/\"}}]}<\/script>\n<!-- \/ Yoast SEO plugin. -->","yoast_head_json":{"title":"Les Abattis - L&#039;Or\u00e9e du Sabia - Vigneron Oc\u00e9anique","description":"Les Abattis, Vieilles vignes de pinot noir, terroir riche de quartz, \u00e9levage long de 30 mois, tanins soyeux, notes fruit\u00e9es, fum\u00e9es, de cuire","robots":{"index":"index","follow":"follow","max-snippet":"max-snippet:-1","max-image-preview":"max-image-preview:large","max-video-preview":"max-video-preview:-1"},"canonical":"https:\/\/www.loreedusabia.com\/en\/produit\/les-abattis\/","og_locale":"en_GB","og_type":"article","og_title":"Les Abattis - L&#039;Or\u00e9e du Sabia - Vigneron Oc\u00e9anique","og_description":"Les Abattis, Vieilles vignes de pinot noir, terroir riche de quartz, \u00e9levage long de 30 mois, tanins soyeux, notes fruit\u00e9es, fum\u00e9es, de cuire","og_url":"https:\/\/www.loreedusabia.com\/en\/produit\/les-abattis\/","og_site_name":"L&#039;Or\u00e9e du Sabia - Vigneron Oc\u00e9anique","article_modified_time":"2025-08-13T09:05:46+00:00","og_image":[{"width":1226,"height":1068,"url":"https:\/\/www.loreedusabia.com\/wp-content\/uploads\/2025\/06\/Aba-22.png","type":"image\/png"}],"twitter_card":"summary_large_image","twitter_misc":{"Estimated reading time":"1 minute"},"schema":{"@context":"https:\/\/schema.org","@graph":[{"@type":"WebPage","@id":"https:\/\/www.loreedusabia.com\/en\/produit\/les-abattis\/","url":"https:\/\/www.loreedusabia.com\/en\/produit\/les-abattis\/","name":"Les Abattis - L&#039;Or\u00e9e du Sabia - Vigneron Oc\u00e9anique","isPartOf":{"@id":"https:\/\/www.loreedusabia.com\/fr\/#website"},"primaryImageOfPage":{"@id":"https:\/\/www.loreedusabia.com\/en\/produit\/les-abattis\/#primaryimage"},"image":{"@id":"https:\/\/www.loreedusabia.com\/en\/produit\/les-abattis\/#primaryimage"},"thumbnailUrl":"https:\/\/www.loreedusabia.com\/wp-content\/uploads\/2025\/06\/Aba-22.png","datePublished":"2021-02-17T16:13:28+00:00","dateModified":"2025-08-13T09:05:46+00:00","description":"Les Abattis, Vieilles vignes de pinot noir, terroir riche de quartz, \u00e9levage long de 30 mois, tanins soyeux, notes fruit\u00e9es, fum\u00e9es, de cuire","breadcrumb":{"@id":"https:\/\/www.loreedusabia.com\/en\/produit\/les-abattis\/#breadcrumb"},"inLanguage":"en-GB","potentialAction":[{"@type":"ReadAction","target":["https:\/\/www.loreedusabia.com\/en\/produit\/les-abattis\/"]}]},{"@type":"ImageObject","inLanguage":"en-GB","@id":"https:\/\/www.loreedusabia.com\/en\/produit\/les-abattis\/#primaryimage","url":"https:\/\/www.loreedusabia.com\/wp-content\/uploads\/2025\/06\/Aba-22.png","contentUrl":"https:\/\/www.loreedusabia.com\/wp-content\/uploads\/2025\/06\/Aba-22.png","width":1226,"height":1068},{"@type":"BreadcrumbList","@id":"https:\/\/www.loreedusabia.com\/en\/produit\/les-abattis\/#breadcrumb","itemListElement":[{"@type":"ListItem","position":1,"name":"Accueil","item":"https:\/\/www.loreedusabia.com\/en\/"},{"@type":"ListItem","position":2,"name":"Shop","item":"https:\/\/www.loreedusabia.com\/en\/shop\/"},{"@type":"ListItem","position":3,"name":"Les Abattis"}]},{"@type":"WebSite","@id":"https:\/\/www.loreedusabia.com\/fr\/#website","url":"https:\/\/www.loreedusabia.com\/fr\/","name":"L&#039;Or\u00e9e du Sabia - Vigneron Oc\u00e9anique","description":"Brem-Sur-Mer - Vend\u00e9e","publisher":{"@id":"https:\/\/www.loreedusabia.com\/fr\/#organization"},"potentialAction":[{"@type":"SearchAction","target":{"@type":"EntryPoint","urlTemplate":"https:\/\/www.loreedusabia.com\/fr\/?s={search_term_string}"},"query-input":{"@type":"PropertyValueSpecification","valueRequired":true,"valueName":"search_term_string"}}],"inLanguage":"en-GB"},{"@type":"Organization","@id":"https:\/\/www.loreedusabia.com\/fr\/#organization","name":"L'Or\u00e9e du Sabia","url":"https:\/\/www.loreedusabia.com\/fr\/","logo":{"@type":"ImageObject","inLanguage":"en-GB","@id":"https:\/\/www.loreedusabia.com\/fr\/#\/schema\/logo\/image\/","url":"https:\/\/www.loreedusabia.com\/wp-content\/uploads\/2020\/04\/logo_vert-oree-du-sabia@2x.png","contentUrl":"https:\/\/www.loreedusabia.com\/wp-content\/uploads\/2020\/04\/logo_vert-oree-du-sabia@2x.png","width":600,"height":75,"caption":"L'Or\u00e9e du Sabia"},"image":{"@id":"https:\/\/www.loreedusabia.com\/fr\/#\/schema\/logo\/image\/"}}]}},"_links":{"self":[{"href":"https:\/\/www.loreedusabia.com\/en\/wp-json\/wp\/v2\/product\/3940","targetHints":{"allow":["GET"]}}],"collection":[{"href":"https:\/\/www.loreedusabia.com\/en\/wp-json\/wp\/v2\/product"}],"about":[{"href":"https:\/\/www.loreedusabia.com\/en\/wp-json\/wp\/v2\/types\/product"}],"wp:featuredmedia":[{"embeddable":true,"href":"https:\/\/www.loreedusabia.com\/en\/wp-json\/wp\/v2\/media\/5867"}],"wp:attachment":[{"href":"https:\/\/www.loreedusabia.com\/en\/wp-json\/wp\/v2\/media?parent=3940"}],"wp:term":[{"taxonomy":"product_brand","embeddable":true,"href":"https:\/\/www.loreedusabia.com\/en\/wp-json\/wp\/v2\/product_brand?post=3940"},{"taxonomy":"product_cat","embeddable":true,"href":"https:\/\/www.loreedusabia.com\/en\/wp-json\/wp\/v2\/product_cat?post=3940"},{"taxonomy":"product_tag","embeddable":true,"href":"https:\/\/www.loreedusabia.com\/en\/wp-json\/wp\/v2\/product_tag?post=3940"}],"curies":[{"name":"wp","href":"https:\/\/api.w.org\/{rel}","templated":true}]}}