{"id":3939,"date":"2021-02-17T17:13:10","date_gmt":"2021-02-17T16:13:10","guid":{"rendered":"https:\/\/www.loreedusabia.com\/?post_type=product&#038;p=3939"},"modified":"2025-08-07T11:28:40","modified_gmt":"2025-08-07T09:28:40","slug":"les-barrelieres","status":"publish","type":"product","link":"https:\/\/www.loreedusabia.com\/en\/produit\/les-barrelieres\/","title":{"rendered":"Les Barreli\u00e8res"},"content":{"rendered":"<h2>L&#8217;info pour briller en soci\u00e9t\u00e9 :<\/h2>\n<h6>La N\u00e9grette est principalement connue pour son implantation dans l\u2019appellation Fronton. Elle est \u00e9galement traditionnellement implant\u00e9e \u00e0 Brem-sur-Mer.<\/h6>\n","protected":false},"excerpt":{"rendered":"<h5><span style=\"color: #808080;\">IGP Val de Loire Vend\u00e9e<\/span><\/h5>\n<p>Cette cuv\u00e9e est produite \u00e0 partir de N\u00e9grette \u00e0 100%. La N\u00e9grette, tr\u00e8s fragile et difficile \u00e0 cultiver, peut se d\u00e9grader rapidement. Mais avec une viticulture pr\u00e9cise et soigneuse, elle peut donner d\u2019excellents r\u00e9sultats.<\/p>\n","protected":false},"featured_media":5211,"template":"","meta":{"_acf_changed":false},"product_brand":[],"product_cat":[162],"product_tag":[],"class_list":{"0":"post-3939","1":"product","2":"type-product","3":"status-publish","4":"has-post-thumbnail","6":"product_cat-our-red-wines","8":"first","9":"instock","10":"taxable","11":"shipping-taxable","12":"purchasable","13":"product-type-variable"},"acf":[],"yoast_head":"<!-- This site is optimized with the Yoast SEO plugin v24.3 - https:\/\/yoast.com\/wordpress\/plugins\/seo\/ -->\n<title>Les Barreli\u00e8res - L&#039;Or\u00e9e du Sabia - Vigneron Oc\u00e9anique<\/title>\n<meta name=\"description\" content=\"Les Barreli\u00e8res, Parcellaire de N\u00e9grette, \u00e9levage de 12 mois en barriques et en cuve b\u00e9ton, notes de fruits noirs, structure soyeuse\" \/>\n<meta name=\"robots\" content=\"index, follow, max-snippet:-1, max-image-preview:large, max-video-preview:-1\" \/>\n<link rel=\"canonical\" href=\"https:\/\/www.loreedusabia.com\/en\/produit\/les-barrelieres\/\" \/>\n<meta property=\"og:locale\" content=\"en_GB\" \/>\n<meta property=\"og:type\" content=\"article\" \/>\n<meta property=\"og:title\" content=\"Les Barreli\u00e8res - L&#039;Or\u00e9e du Sabia - Vigneron Oc\u00e9anique\" \/>\n<meta property=\"og:description\" content=\"Les Barreli\u00e8res, Parcellaire de N\u00e9grette, \u00e9levage de 12 mois en barriques et en cuve b\u00e9ton, notes de fruits noirs, structure soyeuse\" \/>\n<meta property=\"og:url\" content=\"https:\/\/www.loreedusabia.com\/en\/produit\/les-barrelieres\/\" \/>\n<meta property=\"og:site_name\" content=\"L&#039;Or\u00e9e du Sabia - Vigneron Oc\u00e9anique\" \/>\n<meta property=\"article:modified_time\" content=\"2025-08-07T09:28:40+00:00\" \/>\n<meta property=\"og:image\" content=\"https:\/\/www.loreedusabia.com\/wp-content\/uploads\/2021\/02\/Barrelieres-e1651066237281.jpg\" \/>\n\t<meta property=\"og:image:width\" content=\"740\" \/>\n\t<meta property=\"og:image:height\" content=\"632\" \/>\n\t<meta property=\"og:image:type\" content=\"image\/jpeg\" \/>\n<meta name=\"twitter:card\" content=\"summary_large_image\" \/>\n<meta name=\"twitter:label1\" content=\"Estimated reading time\" \/>\n\t<meta name=\"twitter:data1\" content=\"1 minute\" \/>\n<script type=\"application\/ld+json\" class=\"yoast-schema-graph\">{\"@context\":\"https:\/\/schema.org\",\"@graph\":[{\"@type\":\"WebPage\",\"@id\":\"https:\/\/www.loreedusabia.com\/en\/produit\/les-barrelieres\/\",\"url\":\"https:\/\/www.loreedusabia.com\/en\/produit\/les-barrelieres\/\",\"name\":\"Les Barreli\u00e8res - L&#039;Or\u00e9e du Sabia - Vigneron Oc\u00e9anique\",\"isPartOf\":{\"@id\":\"https:\/\/www.loreedusabia.com\/fr\/#website\"},\"primaryImageOfPage\":{\"@id\":\"https:\/\/www.loreedusabia.com\/en\/produit\/les-barrelieres\/#primaryimage\"},\"image\":{\"@id\":\"https:\/\/www.loreedusabia.com\/en\/produit\/les-barrelieres\/#primaryimage\"},\"thumbnailUrl\":\"https:\/\/www.loreedusabia.com\/wp-content\/uploads\/2021\/02\/Barrelieres-e1651066237281.jpg\",\"datePublished\":\"2021-02-17T16:13:10+00:00\",\"dateModified\":\"2025-08-07T09:28:40+00:00\",\"description\":\"Les Barreli\u00e8res, Parcellaire de N\u00e9grette, \u00e9levage de 12 mois en barriques et en cuve b\u00e9ton, notes de fruits noirs, structure soyeuse\",\"breadcrumb\":{\"@id\":\"https:\/\/www.loreedusabia.com\/en\/produit\/les-barrelieres\/#breadcrumb\"},\"inLanguage\":\"en-GB\",\"potentialAction\":[{\"@type\":\"ReadAction\",\"target\":[\"https:\/\/www.loreedusabia.com\/en\/produit\/les-barrelieres\/\"]}]},{\"@type\":\"ImageObject\",\"inLanguage\":\"en-GB\",\"@id\":\"https:\/\/www.loreedusabia.com\/en\/produit\/les-barrelieres\/#primaryimage\",\"url\":\"https:\/\/www.loreedusabia.com\/wp-content\/uploads\/2021\/02\/Barrelieres-e1651066237281.jpg\",\"contentUrl\":\"https:\/\/www.loreedusabia.com\/wp-content\/uploads\/2021\/02\/Barrelieres-e1651066237281.jpg\",\"width\":740,\"height\":632,\"caption\":\"Les Barreli\u00e8res\"},{\"@type\":\"BreadcrumbList\",\"@id\":\"https:\/\/www.loreedusabia.com\/en\/produit\/les-barrelieres\/#breadcrumb\",\"itemListElement\":[{\"@type\":\"ListItem\",\"position\":1,\"name\":\"Accueil\",\"item\":\"https:\/\/www.loreedusabia.com\/en\/\"},{\"@type\":\"ListItem\",\"position\":2,\"name\":\"Shop\",\"item\":\"https:\/\/www.loreedusabia.com\/en\/shop\/\"},{\"@type\":\"ListItem\",\"position\":3,\"name\":\"Les Barreli\u00e8res\"}]},{\"@type\":\"WebSite\",\"@id\":\"https:\/\/www.loreedusabia.com\/fr\/#website\",\"url\":\"https:\/\/www.loreedusabia.com\/fr\/\",\"name\":\"L&#039;Or\u00e9e du Sabia - Vigneron Oc\u00e9anique\",\"description\":\"Brem-Sur-Mer - Vend\u00e9e\",\"publisher\":{\"@id\":\"https:\/\/www.loreedusabia.com\/fr\/#organization\"},\"potentialAction\":[{\"@type\":\"SearchAction\",\"target\":{\"@type\":\"EntryPoint\",\"urlTemplate\":\"https:\/\/www.loreedusabia.com\/fr\/?s={search_term_string}\"},\"query-input\":{\"@type\":\"PropertyValueSpecification\",\"valueRequired\":true,\"valueName\":\"search_term_string\"}}],\"inLanguage\":\"en-GB\"},{\"@type\":\"Organization\",\"@id\":\"https:\/\/www.loreedusabia.com\/fr\/#organization\",\"name\":\"L'Or\u00e9e du Sabia\",\"url\":\"https:\/\/www.loreedusabia.com\/fr\/\",\"logo\":{\"@type\":\"ImageObject\",\"inLanguage\":\"en-GB\",\"@id\":\"https:\/\/www.loreedusabia.com\/fr\/#\/schema\/logo\/image\/\",\"url\":\"https:\/\/www.loreedusabia.com\/wp-content\/uploads\/2020\/04\/logo_vert-oree-du-sabia@2x.png\",\"contentUrl\":\"https:\/\/www.loreedusabia.com\/wp-content\/uploads\/2020\/04\/logo_vert-oree-du-sabia@2x.png\",\"width\":600,\"height\":75,\"caption\":\"L'Or\u00e9e du Sabia\"},\"image\":{\"@id\":\"https:\/\/www.loreedusabia.com\/fr\/#\/schema\/logo\/image\/\"}}]}<\/script>\n<!-- \/ Yoast SEO plugin. -->","yoast_head_json":{"title":"Les Barreli\u00e8res - L&#039;Or\u00e9e du Sabia - Vigneron Oc\u00e9anique","description":"Les Barreli\u00e8res, Parcellaire de N\u00e9grette, \u00e9levage de 12 mois en barriques et en cuve b\u00e9ton, notes de fruits noirs, structure soyeuse","robots":{"index":"index","follow":"follow","max-snippet":"max-snippet:-1","max-image-preview":"max-image-preview:large","max-video-preview":"max-video-preview:-1"},"canonical":"https:\/\/www.loreedusabia.com\/en\/produit\/les-barrelieres\/","og_locale":"en_GB","og_type":"article","og_title":"Les Barreli\u00e8res - L&#039;Or\u00e9e du Sabia - Vigneron Oc\u00e9anique","og_description":"Les Barreli\u00e8res, Parcellaire de N\u00e9grette, \u00e9levage de 12 mois en barriques et en cuve b\u00e9ton, notes de fruits noirs, structure soyeuse","og_url":"https:\/\/www.loreedusabia.com\/en\/produit\/les-barrelieres\/","og_site_name":"L&#039;Or\u00e9e du Sabia - Vigneron Oc\u00e9anique","article_modified_time":"2025-08-07T09:28:40+00:00","og_image":[{"width":740,"height":632,"url":"https:\/\/www.loreedusabia.com\/wp-content\/uploads\/2021\/02\/Barrelieres-e1651066237281.jpg","type":"image\/jpeg"}],"twitter_card":"summary_large_image","twitter_misc":{"Estimated reading time":"1 minute"},"schema":{"@context":"https:\/\/schema.org","@graph":[{"@type":"WebPage","@id":"https:\/\/www.loreedusabia.com\/en\/produit\/les-barrelieres\/","url":"https:\/\/www.loreedusabia.com\/en\/produit\/les-barrelieres\/","name":"Les Barreli\u00e8res - L&#039;Or\u00e9e du Sabia - Vigneron Oc\u00e9anique","isPartOf":{"@id":"https:\/\/www.loreedusabia.com\/fr\/#website"},"primaryImageOfPage":{"@id":"https:\/\/www.loreedusabia.com\/en\/produit\/les-barrelieres\/#primaryimage"},"image":{"@id":"https:\/\/www.loreedusabia.com\/en\/produit\/les-barrelieres\/#primaryimage"},"thumbnailUrl":"https:\/\/www.loreedusabia.com\/wp-content\/uploads\/2021\/02\/Barrelieres-e1651066237281.jpg","datePublished":"2021-02-17T16:13:10+00:00","dateModified":"2025-08-07T09:28:40+00:00","description":"Les Barreli\u00e8res, Parcellaire de N\u00e9grette, \u00e9levage de 12 mois en barriques et en cuve b\u00e9ton, notes de fruits noirs, structure soyeuse","breadcrumb":{"@id":"https:\/\/www.loreedusabia.com\/en\/produit\/les-barrelieres\/#breadcrumb"},"inLanguage":"en-GB","potentialAction":[{"@type":"ReadAction","target":["https:\/\/www.loreedusabia.com\/en\/produit\/les-barrelieres\/"]}]},{"@type":"ImageObject","inLanguage":"en-GB","@id":"https:\/\/www.loreedusabia.com\/en\/produit\/les-barrelieres\/#primaryimage","url":"https:\/\/www.loreedusabia.com\/wp-content\/uploads\/2021\/02\/Barrelieres-e1651066237281.jpg","contentUrl":"https:\/\/www.loreedusabia.com\/wp-content\/uploads\/2021\/02\/Barrelieres-e1651066237281.jpg","width":740,"height":632,"caption":"Les Barreli\u00e8res"},{"@type":"BreadcrumbList","@id":"https:\/\/www.loreedusabia.com\/en\/produit\/les-barrelieres\/#breadcrumb","itemListElement":[{"@type":"ListItem","position":1,"name":"Accueil","item":"https:\/\/www.loreedusabia.com\/en\/"},{"@type":"ListItem","position":2,"name":"Shop","item":"https:\/\/www.loreedusabia.com\/en\/shop\/"},{"@type":"ListItem","position":3,"name":"Les Barreli\u00e8res"}]},{"@type":"WebSite","@id":"https:\/\/www.loreedusabia.com\/fr\/#website","url":"https:\/\/www.loreedusabia.com\/fr\/","name":"L&#039;Or\u00e9e du Sabia - Vigneron Oc\u00e9anique","description":"Brem-Sur-Mer - Vend\u00e9e","publisher":{"@id":"https:\/\/www.loreedusabia.com\/fr\/#organization"},"potentialAction":[{"@type":"SearchAction","target":{"@type":"EntryPoint","urlTemplate":"https:\/\/www.loreedusabia.com\/fr\/?s={search_term_string}"},"query-input":{"@type":"PropertyValueSpecification","valueRequired":true,"valueName":"search_term_string"}}],"inLanguage":"en-GB"},{"@type":"Organization","@id":"https:\/\/www.loreedusabia.com\/fr\/#organization","name":"L'Or\u00e9e du Sabia","url":"https:\/\/www.loreedusabia.com\/fr\/","logo":{"@type":"ImageObject","inLanguage":"en-GB","@id":"https:\/\/www.loreedusabia.com\/fr\/#\/schema\/logo\/image\/","url":"https:\/\/www.loreedusabia.com\/wp-content\/uploads\/2020\/04\/logo_vert-oree-du-sabia@2x.png","contentUrl":"https:\/\/www.loreedusabia.com\/wp-content\/uploads\/2020\/04\/logo_vert-oree-du-sabia@2x.png","width":600,"height":75,"caption":"L'Or\u00e9e du Sabia"},"image":{"@id":"https:\/\/www.loreedusabia.com\/fr\/#\/schema\/logo\/image\/"}}]}},"_links":{"self":[{"href":"https:\/\/www.loreedusabia.com\/en\/wp-json\/wp\/v2\/product\/3939","targetHints":{"allow":["GET"]}}],"collection":[{"href":"https:\/\/www.loreedusabia.com\/en\/wp-json\/wp\/v2\/product"}],"about":[{"href":"https:\/\/www.loreedusabia.com\/en\/wp-json\/wp\/v2\/types\/product"}],"wp:featuredmedia":[{"embeddable":true,"href":"https:\/\/www.loreedusabia.com\/en\/wp-json\/wp\/v2\/media\/5211"}],"wp:attachment":[{"href":"https:\/\/www.loreedusabia.com\/en\/wp-json\/wp\/v2\/media?parent=3939"}],"wp:term":[{"taxonomy":"product_brand","embeddable":true,"href":"https:\/\/www.loreedusabia.com\/en\/wp-json\/wp\/v2\/product_brand?post=3939"},{"taxonomy":"product_cat","embeddable":true,"href":"https:\/\/www.loreedusabia.com\/en\/wp-json\/wp\/v2\/product_cat?post=3939"},{"taxonomy":"product_tag","embeddable":true,"href":"https:\/\/www.loreedusabia.com\/en\/wp-json\/wp\/v2\/product_tag?post=3939"}],"curies":[{"name":"wp","href":"https:\/\/api.w.org\/{rel}","templated":true}]}}