{"id":3938,"date":"2021-02-17T17:12:51","date_gmt":"2021-02-17T16:12:51","guid":{"rendered":"https:\/\/www.loreedusabia.com\/?post_type=product&#038;p=3938"},"modified":"2025-08-13T15:58:54","modified_gmt":"2025-08-13T13:58:54","slug":"fief-de-la-gite","status":"publish","type":"product","link":"https:\/\/www.loreedusabia.com\/en\/produit\/fief-de-la-gite\/","title":{"rendered":"Fief de la G\u00eete"},"content":{"rendered":"<h2>L&#8217;anecdote :<\/h2>\n<h6>Il s&#8217;agit de la plus grande parcelle du domaine, avec 1ha sur un coteau vend\u00e9en pentu d&#8217;au moins 0,0003% !<\/h6>\n","protected":false},"excerpt":{"rendered":"<h5><span style=\"color: #808080;\">IGP Val de Loire Vend\u00e9e<\/span><\/h5>\n<p>Cette cuv\u00e9e est issue de notre parcelle de Pinot Noir du Fief de la G\u00eete, sur son versant le plus rocailleux. C\u2019est un Pinot aux notes de petits fruits rouges et aux tanins fins et soyeux.<\/p>\n","protected":false},"featured_media":5504,"template":"","meta":{"_acf_changed":false},"product_brand":[],"product_cat":[162],"product_tag":[],"class_list":{"0":"post-3938","1":"product","2":"type-product","3":"status-publish","4":"has-post-thumbnail","6":"product_cat-our-red-wines","8":"first","9":"instock","10":"taxable","11":"shipping-taxable","12":"purchasable","13":"product-type-variable"},"acf":[],"yoast_head":"<!-- This site is optimized with the Yoast SEO plugin v24.3 - https:\/\/yoast.com\/wordpress\/plugins\/seo\/ -->\n<title>Fief de la G\u00eete - L&#039;Or\u00e9e du Sabia - Vigneron Oc\u00e9anique<\/title>\n<meta name=\"description\" content=\"Fief de la G\u00eete, Parcellaire de Pinot Noir, \u00e9levage de 12 mois en cuve b\u00e9ton, min\u00e9ral, flirts rouges, structure fine et \u00e9l\u00e9gante\" \/>\n<meta name=\"robots\" content=\"index, follow, max-snippet:-1, max-image-preview:large, max-video-preview:-1\" \/>\n<link rel=\"canonical\" href=\"https:\/\/www.loreedusabia.com\/en\/produit\/fief-de-la-gite\/\" \/>\n<meta property=\"og:locale\" content=\"en_GB\" \/>\n<meta property=\"og:type\" content=\"article\" \/>\n<meta property=\"og:title\" content=\"Fief de la G\u00eete - L&#039;Or\u00e9e du Sabia - Vigneron Oc\u00e9anique\" \/>\n<meta property=\"og:description\" content=\"Fief de la G\u00eete, Parcellaire de Pinot Noir, \u00e9levage de 12 mois en cuve b\u00e9ton, min\u00e9ral, flirts rouges, structure fine et \u00e9l\u00e9gante\" \/>\n<meta property=\"og:url\" content=\"https:\/\/www.loreedusabia.com\/en\/produit\/fief-de-la-gite\/\" \/>\n<meta property=\"og:site_name\" content=\"L&#039;Or\u00e9e du Sabia - Vigneron Oc\u00e9anique\" \/>\n<meta property=\"article:modified_time\" content=\"2025-08-13T13:58:54+00:00\" \/>\n<meta property=\"og:image\" content=\"https:\/\/www.loreedusabia.com\/wp-content\/uploads\/2021\/02\/FDG.png\" \/>\n\t<meta property=\"og:image:width\" content=\"910\" \/>\n\t<meta property=\"og:image:height\" content=\"736\" \/>\n\t<meta property=\"og:image:type\" content=\"image\/png\" \/>\n<meta name=\"twitter:card\" content=\"summary_large_image\" \/>\n<meta name=\"twitter:label1\" content=\"Estimated reading time\" \/>\n\t<meta name=\"twitter:data1\" content=\"1 minute\" \/>\n<script type=\"application\/ld+json\" class=\"yoast-schema-graph\">{\"@context\":\"https:\/\/schema.org\",\"@graph\":[{\"@type\":\"WebPage\",\"@id\":\"https:\/\/www.loreedusabia.com\/en\/produit\/fief-de-la-gite\/\",\"url\":\"https:\/\/www.loreedusabia.com\/en\/produit\/fief-de-la-gite\/\",\"name\":\"Fief de la G\u00eete - L&#039;Or\u00e9e du Sabia - Vigneron Oc\u00e9anique\",\"isPartOf\":{\"@id\":\"https:\/\/www.loreedusabia.com\/fr\/#website\"},\"primaryImageOfPage\":{\"@id\":\"https:\/\/www.loreedusabia.com\/en\/produit\/fief-de-la-gite\/#primaryimage\"},\"image\":{\"@id\":\"https:\/\/www.loreedusabia.com\/en\/produit\/fief-de-la-gite\/#primaryimage\"},\"thumbnailUrl\":\"https:\/\/www.loreedusabia.com\/wp-content\/uploads\/2021\/02\/FDG.png\",\"datePublished\":\"2021-02-17T16:12:51+00:00\",\"dateModified\":\"2025-08-13T13:58:54+00:00\",\"description\":\"Fief de la G\u00eete, Parcellaire de Pinot Noir, \u00e9levage de 12 mois en cuve b\u00e9ton, min\u00e9ral, flirts rouges, structure fine et \u00e9l\u00e9gante\",\"breadcrumb\":{\"@id\":\"https:\/\/www.loreedusabia.com\/en\/produit\/fief-de-la-gite\/#breadcrumb\"},\"inLanguage\":\"en-GB\",\"potentialAction\":[{\"@type\":\"ReadAction\",\"target\":[\"https:\/\/www.loreedusabia.com\/en\/produit\/fief-de-la-gite\/\"]}]},{\"@type\":\"ImageObject\",\"inLanguage\":\"en-GB\",\"@id\":\"https:\/\/www.loreedusabia.com\/en\/produit\/fief-de-la-gite\/#primaryimage\",\"url\":\"https:\/\/www.loreedusabia.com\/wp-content\/uploads\/2021\/02\/FDG.png\",\"contentUrl\":\"https:\/\/www.loreedusabia.com\/wp-content\/uploads\/2021\/02\/FDG.png\",\"width\":910,\"height\":736},{\"@type\":\"BreadcrumbList\",\"@id\":\"https:\/\/www.loreedusabia.com\/en\/produit\/fief-de-la-gite\/#breadcrumb\",\"itemListElement\":[{\"@type\":\"ListItem\",\"position\":1,\"name\":\"Accueil\",\"item\":\"https:\/\/www.loreedusabia.com\/en\/\"},{\"@type\":\"ListItem\",\"position\":2,\"name\":\"Shop\",\"item\":\"https:\/\/www.loreedusabia.com\/en\/shop\/\"},{\"@type\":\"ListItem\",\"position\":3,\"name\":\"Fief de la G\u00eete\"}]},{\"@type\":\"WebSite\",\"@id\":\"https:\/\/www.loreedusabia.com\/fr\/#website\",\"url\":\"https:\/\/www.loreedusabia.com\/fr\/\",\"name\":\"L&#039;Or\u00e9e du Sabia - Vigneron Oc\u00e9anique\",\"description\":\"Brem-Sur-Mer - Vend\u00e9e\",\"publisher\":{\"@id\":\"https:\/\/www.loreedusabia.com\/fr\/#organization\"},\"potentialAction\":[{\"@type\":\"SearchAction\",\"target\":{\"@type\":\"EntryPoint\",\"urlTemplate\":\"https:\/\/www.loreedusabia.com\/fr\/?s={search_term_string}\"},\"query-input\":{\"@type\":\"PropertyValueSpecification\",\"valueRequired\":true,\"valueName\":\"search_term_string\"}}],\"inLanguage\":\"en-GB\"},{\"@type\":\"Organization\",\"@id\":\"https:\/\/www.loreedusabia.com\/fr\/#organization\",\"name\":\"L'Or\u00e9e du Sabia\",\"url\":\"https:\/\/www.loreedusabia.com\/fr\/\",\"logo\":{\"@type\":\"ImageObject\",\"inLanguage\":\"en-GB\",\"@id\":\"https:\/\/www.loreedusabia.com\/fr\/#\/schema\/logo\/image\/\",\"url\":\"https:\/\/www.loreedusabia.com\/wp-content\/uploads\/2020\/04\/logo_vert-oree-du-sabia@2x.png\",\"contentUrl\":\"https:\/\/www.loreedusabia.com\/wp-content\/uploads\/2020\/04\/logo_vert-oree-du-sabia@2x.png\",\"width\":600,\"height\":75,\"caption\":\"L'Or\u00e9e du Sabia\"},\"image\":{\"@id\":\"https:\/\/www.loreedusabia.com\/fr\/#\/schema\/logo\/image\/\"}}]}<\/script>\n<!-- \/ Yoast SEO plugin. -->","yoast_head_json":{"title":"Fief de la G\u00eete - L&#039;Or\u00e9e du Sabia - Vigneron Oc\u00e9anique","description":"Fief de la G\u00eete, Parcellaire de Pinot Noir, \u00e9levage de 12 mois en cuve b\u00e9ton, min\u00e9ral, flirts rouges, structure fine et \u00e9l\u00e9gante","robots":{"index":"index","follow":"follow","max-snippet":"max-snippet:-1","max-image-preview":"max-image-preview:large","max-video-preview":"max-video-preview:-1"},"canonical":"https:\/\/www.loreedusabia.com\/en\/produit\/fief-de-la-gite\/","og_locale":"en_GB","og_type":"article","og_title":"Fief de la G\u00eete - L&#039;Or\u00e9e du Sabia - Vigneron Oc\u00e9anique","og_description":"Fief de la G\u00eete, Parcellaire de Pinot Noir, \u00e9levage de 12 mois en cuve b\u00e9ton, min\u00e9ral, flirts rouges, structure fine et \u00e9l\u00e9gante","og_url":"https:\/\/www.loreedusabia.com\/en\/produit\/fief-de-la-gite\/","og_site_name":"L&#039;Or\u00e9e du Sabia - Vigneron Oc\u00e9anique","article_modified_time":"2025-08-13T13:58:54+00:00","og_image":[{"width":910,"height":736,"url":"https:\/\/www.loreedusabia.com\/wp-content\/uploads\/2021\/02\/FDG.png","type":"image\/png"}],"twitter_card":"summary_large_image","twitter_misc":{"Estimated reading time":"1 minute"},"schema":{"@context":"https:\/\/schema.org","@graph":[{"@type":"WebPage","@id":"https:\/\/www.loreedusabia.com\/en\/produit\/fief-de-la-gite\/","url":"https:\/\/www.loreedusabia.com\/en\/produit\/fief-de-la-gite\/","name":"Fief de la G\u00eete - L&#039;Or\u00e9e du Sabia - Vigneron Oc\u00e9anique","isPartOf":{"@id":"https:\/\/www.loreedusabia.com\/fr\/#website"},"primaryImageOfPage":{"@id":"https:\/\/www.loreedusabia.com\/en\/produit\/fief-de-la-gite\/#primaryimage"},"image":{"@id":"https:\/\/www.loreedusabia.com\/en\/produit\/fief-de-la-gite\/#primaryimage"},"thumbnailUrl":"https:\/\/www.loreedusabia.com\/wp-content\/uploads\/2021\/02\/FDG.png","datePublished":"2021-02-17T16:12:51+00:00","dateModified":"2025-08-13T13:58:54+00:00","description":"Fief de la G\u00eete, Parcellaire de Pinot Noir, \u00e9levage de 12 mois en cuve b\u00e9ton, min\u00e9ral, flirts rouges, structure fine et \u00e9l\u00e9gante","breadcrumb":{"@id":"https:\/\/www.loreedusabia.com\/en\/produit\/fief-de-la-gite\/#breadcrumb"},"inLanguage":"en-GB","potentialAction":[{"@type":"ReadAction","target":["https:\/\/www.loreedusabia.com\/en\/produit\/fief-de-la-gite\/"]}]},{"@type":"ImageObject","inLanguage":"en-GB","@id":"https:\/\/www.loreedusabia.com\/en\/produit\/fief-de-la-gite\/#primaryimage","url":"https:\/\/www.loreedusabia.com\/wp-content\/uploads\/2021\/02\/FDG.png","contentUrl":"https:\/\/www.loreedusabia.com\/wp-content\/uploads\/2021\/02\/FDG.png","width":910,"height":736},{"@type":"BreadcrumbList","@id":"https:\/\/www.loreedusabia.com\/en\/produit\/fief-de-la-gite\/#breadcrumb","itemListElement":[{"@type":"ListItem","position":1,"name":"Accueil","item":"https:\/\/www.loreedusabia.com\/en\/"},{"@type":"ListItem","position":2,"name":"Shop","item":"https:\/\/www.loreedusabia.com\/en\/shop\/"},{"@type":"ListItem","position":3,"name":"Fief de la G\u00eete"}]},{"@type":"WebSite","@id":"https:\/\/www.loreedusabia.com\/fr\/#website","url":"https:\/\/www.loreedusabia.com\/fr\/","name":"L&#039;Or\u00e9e du Sabia - Vigneron Oc\u00e9anique","description":"Brem-Sur-Mer - Vend\u00e9e","publisher":{"@id":"https:\/\/www.loreedusabia.com\/fr\/#organization"},"potentialAction":[{"@type":"SearchAction","target":{"@type":"EntryPoint","urlTemplate":"https:\/\/www.loreedusabia.com\/fr\/?s={search_term_string}"},"query-input":{"@type":"PropertyValueSpecification","valueRequired":true,"valueName":"search_term_string"}}],"inLanguage":"en-GB"},{"@type":"Organization","@id":"https:\/\/www.loreedusabia.com\/fr\/#organization","name":"L'Or\u00e9e du Sabia","url":"https:\/\/www.loreedusabia.com\/fr\/","logo":{"@type":"ImageObject","inLanguage":"en-GB","@id":"https:\/\/www.loreedusabia.com\/fr\/#\/schema\/logo\/image\/","url":"https:\/\/www.loreedusabia.com\/wp-content\/uploads\/2020\/04\/logo_vert-oree-du-sabia@2x.png","contentUrl":"https:\/\/www.loreedusabia.com\/wp-content\/uploads\/2020\/04\/logo_vert-oree-du-sabia@2x.png","width":600,"height":75,"caption":"L'Or\u00e9e du Sabia"},"image":{"@id":"https:\/\/www.loreedusabia.com\/fr\/#\/schema\/logo\/image\/"}}]}},"_links":{"self":[{"href":"https:\/\/www.loreedusabia.com\/en\/wp-json\/wp\/v2\/product\/3938","targetHints":{"allow":["GET"]}}],"collection":[{"href":"https:\/\/www.loreedusabia.com\/en\/wp-json\/wp\/v2\/product"}],"about":[{"href":"https:\/\/www.loreedusabia.com\/en\/wp-json\/wp\/v2\/types\/product"}],"wp:featuredmedia":[{"embeddable":true,"href":"https:\/\/www.loreedusabia.com\/en\/wp-json\/wp\/v2\/media\/5504"}],"wp:attachment":[{"href":"https:\/\/www.loreedusabia.com\/en\/wp-json\/wp\/v2\/media?parent=3938"}],"wp:term":[{"taxonomy":"product_brand","embeddable":true,"href":"https:\/\/www.loreedusabia.com\/en\/wp-json\/wp\/v2\/product_brand?post=3938"},{"taxonomy":"product_cat","embeddable":true,"href":"https:\/\/www.loreedusabia.com\/en\/wp-json\/wp\/v2\/product_cat?post=3938"},{"taxonomy":"product_tag","embeddable":true,"href":"https:\/\/www.loreedusabia.com\/en\/wp-json\/wp\/v2\/product_tag?post=3938"}],"curies":[{"name":"wp","href":"https:\/\/api.w.org\/{rel}","templated":true}]}}