{"id":3315,"date":"2020-08-24T10:30:39","date_gmt":"2020-08-24T08:30:39","guid":{"rendered":"https:\/\/www.loreedusabia.com\/?page_id=3315"},"modified":"2022-10-13T11:29:17","modified_gmt":"2022-10-13T09:29:17","slug":"vins","status":"publish","type":"page","link":"https:\/\/www.loreedusabia.com\/en\/vins\/","title":{"rendered":"Our Wines"},"content":{"rendered":"<p><div class=\"fusion-fullwidth fullwidth-box fusion-builder-row-1 nonhundred-percent-fullwidth non-hundred-percent-height-scrolling\" style=\"background-color: #ffffff;background-position: center center;background-repeat: no-repeat;padding-top:0px;padding-right:0px;padding-bottom:0px;padding-left:0px;margin-bottom: 0px;margin-top: 0px;border-width: 0px 0px 0px 0px;border-color:#eae9e9;border-style:solid;\" ><div class=\"fusion-builder-row fusion-row\"><div class=\"fusion-layout-column fusion_builder_column fusion-builder-column-0 fusion_builder_column_1_1 1_1 fusion-one-full fusion-column-first fusion-column-last\" style=\"margin-top:0px;margin-bottom:20px;\"><div class=\"fusion-column-wrapper fusion-flex-column-wrapper-legacy\" style=\"background-position:left top;background-repeat:no-repeat;-webkit-background-size:cover;-moz-background-size:cover;-o-background-size:cover;background-size:cover;padding: 5% 11% 5% 11%;\"><div class=\"fusion-text fusion-text-1\"><p><img decoding=\"async\" class=\"lazyload size-full wp-image-2100 aligncenter\" src=\"data:image\/svg+xml,%3Csvg%20xmlns%3D%27http%3A%2F%2Fwww.w3.org%2F2000%2Fsvg%27%20width%3D%2754%27%20height%3D%2730%27%20viewBox%3D%270%200%2054%2030%27%3E%3Crect%20width%3D%2754%27%20height%3D%2730%27%20fill-opacity%3D%220%22%2F%3E%3C%2Fsvg%3E\" data-orig-src=\"https:\/\/www.loreedusabia.com\/wp-content\/uploads\/2014\/12\/hr.png\" alt=\"hr\" width=\"54\" height=\"30\" \/><\/p>\n<p style=\"text-align: center;\">Our biodynamic viticulture seeks to reveal flavours and characteristics that are inherent to the varieties chosen for each cuv\u00e9e. Our winemaking process seeks to bring structure, freshness and finesse to our wines.<\/p>\n<\/div><div class=\"fusion-clearfix\"><\/div><\/div><\/div><\/div><\/div><div class=\"fusion-fullwidth fullwidth-box fusion-builder-row-2 hundred-percent-fullwidth non-hundred-percent-height-scrolling fusion-equal-height-columns\" style=\"background-color: #ffffff;background-position: left top;background-repeat: no-repeat;padding-top:0px;padding-right:0px;padding-bottom:0px;padding-left:0px;margin-bottom: 80px;margin-top: 0px;border-width: 0px 0px 0px 0px;border-color:#eae9e9;border-style:solid;\" ><div class=\"fusion-builder-row fusion-row\"><div class=\"fusion-layout-column fusion_builder_column fusion-builder-column-1 fusion_builder_column_1_3 1_3 fusion-one-third fusion-column-first fusion-column-inner-bg-wrapper\" style=\"margin-top:0px;margin-bottom:0px;\"><div class=\"fusion-column-wrapper fusion-flex-column-wrapper-legacy\" style=\"padding: 60% 10% 10% 10%;\" data-bg-url=\"https:\/\/www.loreedusabia.com\/wp-content\/uploads\/2021\/02\/12-1.png\"><style type=\"text\/css\"><\/style><div class=\"fusion-title title fusion-title-1 fusion-title-center fusion-title-text fusion-title-size-two\" style=\"font-size:38px;margin-top:0px;margin-right:0px;margin-bottom:15px;margin-left:0px;\"><div class=\"title-sep-container title-sep-container-left\"><div class=\"title-sep sep-\" style=\"border-color:#e0dede;\"><\/div><\/div><h2 class=\"title-heading-center\" style=\"font-family:&quot;BoutiqueInHeaven&quot;;font-weight:400;margin:0;font-size:1em;color:#ffffff;\">Our White Wines<\/h2><div class=\"title-sep-container title-sep-container-right\"><div class=\"title-sep sep-\" style=\"border-color:#e0dede;\"><\/div><\/div><\/div><div class=\"fusion-clearfix\"><\/div><\/div><span class=\"fusion-column-inner-bg hover-type-zoomout\"><a href=\"https:\/\/www.loreedusabia.com\/en\/vins\/blancs\/\"><span class=\"fusion-column-inner-bg-image lazyload\" style=\"background-color:#232125;background-image: linear-gradient(200deg, rgba(35,33,37,0) 10%,rgba(35,33,37,0.8) 100%),url(https:\/\/www.loreedusabia.com\/wp-content\/uploads\/2021\/02\/12-1.png);background-position:center center;background-repeat:no-repeat;-webkit-background-size:cover;-moz-background-size:cover;-o-background-size:cover;background-size:cover;\" data-bg-height=\"450\" data-bg-width=\"550\" data-bg=\"https:\/\/www.loreedusabia.com\/wp-content\/uploads\/2021\/02\/12-1.png\" data-bg-gradient=\"linear-gradient(200deg, rgba(35,33,37,0) 10%,rgba(35,33,37,0.8) 100%)\"><\/span><\/a><\/span><\/div><div class=\"fusion-layout-column fusion_builder_column fusion-builder-column-2 fusion_builder_column_1_3 1_3 fusion-one-third fusion-column-inner-bg-wrapper\" style=\"margin-top:0px;margin-bottom:0px;\"><div class=\"fusion-column-wrapper fusion-flex-column-wrapper-legacy\" style=\"padding: 60% 10% 10% 10%;\" data-bg-url=\"https:\/\/www.loreedusabia.com\/wp-content\/uploads\/2022\/06\/IMG_5762-scaled.jpg\"><style type=\"text\/css\"><\/style><div class=\"fusion-title title fusion-title-2 fusion-title-center fusion-title-text fusion-title-size-two\" style=\"font-size:38px;margin-top:0px;margin-right:0px;margin-bottom:15px;margin-left:0px;\"><div class=\"title-sep-container title-sep-container-left\"><div class=\"title-sep sep-\" style=\"border-color:#e0dede;\"><\/div><\/div><h2 class=\"title-heading-center\" style=\"font-family:&quot;BoutiqueInHeaven&quot;;font-weight:400;margin:0;font-size:1em;color:#ffffff;\">Our Red Wines<\/h2><div class=\"title-sep-container title-sep-container-right\"><div class=\"title-sep sep-\" style=\"border-color:#e0dede;\"><\/div><\/div><\/div><div class=\"fusion-clearfix\"><\/div><\/div><span class=\"fusion-column-inner-bg hover-type-zoomout\"><a href=\"https:\/\/www.loreedusabia.com\/en\/vins\/rouges\/\"><span class=\"fusion-column-inner-bg-image lazyload\" style=\"background-color:#232125;background-image: linear-gradient(200deg, rgba(35,33,37,0) 10%,rgba(35,33,37,0.8) 100%),url(https:\/\/www.loreedusabia.com\/wp-content\/uploads\/2022\/06\/IMG_5762-scaled.jpg);background-position:right center;background-repeat:no-repeat;-webkit-background-size:cover;-moz-background-size:cover;-o-background-size:cover;background-size:cover;\" data-bg-height=\"2560\" data-bg-width=\"1920\" data-bg=\"https:\/\/www.loreedusabia.com\/wp-content\/uploads\/2022\/06\/IMG_5762-scaled.jpg\" data-bg-gradient=\"linear-gradient(200deg, rgba(35,33,37,0) 10%,rgba(35,33,37,0.8) 100%)\"><\/span><\/a><\/span><\/div><div class=\"fusion-layout-column fusion_builder_column fusion-builder-column-3 fusion_builder_column_1_3 1_3 fusion-one-third fusion-column-last fusion-column-inner-bg-wrapper\" style=\"margin-top:0px;margin-bottom:0px;\"><div class=\"fusion-column-wrapper fusion-flex-column-wrapper-legacy\" style=\"padding: 60% 10% 10% 10%;\" data-bg-url=\"https:\/\/www.loreedusabia.com\/wp-content\/uploads\/2020\/05\/loree-du-sabia-vin-banc-dessai.jpg\"><style type=\"text\/css\"><\/style><div class=\"fusion-title title fusion-title-3 fusion-title-center fusion-title-text fusion-title-size-two\" style=\"font-size:38px;margin-top:0px;margin-right:0px;margin-bottom:15px;margin-left:0px;\"><div class=\"title-sep-container title-sep-container-left\"><div class=\"title-sep sep-\" style=\"border-color:#e0dede;\"><\/div><\/div><h2 class=\"title-heading-center\" style=\"font-family:&quot;BoutiqueInHeaven&quot;;font-weight:400;margin:0;font-size:1em;color:#ffffff;\">Other Cuv\u00e9es<\/h2><div class=\"title-sep-container title-sep-container-right\"><div class=\"title-sep sep-\" style=\"border-color:#e0dede;\"><\/div><\/div><\/div><div class=\"fusion-clearfix\"><\/div><\/div><span class=\"fusion-column-inner-bg hover-type-zoomout\"><a href=\"https:\/\/www.loreedusabia.com\/en\/vins\/autres-cuvees\/\"><span class=\"fusion-column-inner-bg-image lazyload\" style=\"background-color:#232125;background-image: linear-gradient(200deg, rgba(35,33,37,0) 10%,rgba(35,33,37,0.8) 100%),url(https:\/\/www.loreedusabia.com\/wp-content\/uploads\/2020\/05\/loree-du-sabia-vin-banc-dessai.jpg);background-position:right center;background-repeat:no-repeat;-webkit-background-size:cover;-moz-background-size:cover;-o-background-size:cover;background-size:cover;\" data-bg-height=\"600\" data-bg-width=\"800\" data-bg=\"https:\/\/www.loreedusabia.com\/wp-content\/uploads\/2020\/05\/loree-du-sabia-vin-banc-dessai.jpg\" data-bg-gradient=\"linear-gradient(200deg, rgba(35,33,37,0) 10%,rgba(35,33,37,0.8) 100%)\"><\/span><\/a><\/span><\/div><\/div><\/div><\/p>\n","protected":false},"excerpt":{"rendered":"","protected":false},"author":7,"featured_media":0,"parent":0,"menu_order":0,"comment_status":"closed","ping_status":"closed","template":"","meta":{"_acf_changed":false,"footnotes":""},"class_list":["post-3315","page","type-page","status-publish","hentry"],"acf":[],"yoast_head":"<!-- This site is optimized with the Yoast SEO plugin v24.3 - https:\/\/yoast.com\/wordpress\/plugins\/seo\/ -->\n<title>Our Wines - L&#039;Or\u00e9e du Sabia - Vigneron Oc\u00e9anique<\/title>\n<meta name=\"description\" content=\"White wines, red wines and ros\u00e9s, discover the Brem sur Mer terroir and our 5 varieties of grapes in our different cuv\u00e9es\" \/>\n<meta name=\"robots\" content=\"index, follow, max-snippet:-1, max-image-preview:large, max-video-preview:-1\" \/>\n<link rel=\"canonical\" href=\"https:\/\/www.loreedusabia.com\/en\/vins\/\" \/>\n<meta property=\"og:locale\" content=\"en_GB\" \/>\n<meta property=\"og:type\" content=\"article\" \/>\n<meta property=\"og:title\" content=\"Our Wines - L&#039;Or\u00e9e du Sabia - Vigneron Oc\u00e9anique\" \/>\n<meta property=\"og:description\" content=\"White wines, red wines and ros\u00e9s, discover the Brem sur Mer terroir and our 5 varieties of grapes in our different cuv\u00e9es\" \/>\n<meta property=\"og:url\" content=\"https:\/\/www.loreedusabia.com\/en\/vins\/\" \/>\n<meta property=\"og:site_name\" content=\"L&#039;Or\u00e9e du Sabia - Vigneron Oc\u00e9anique\" \/>\n<meta property=\"article:modified_time\" content=\"2022-10-13T09:29:17+00:00\" \/>\n<meta property=\"og:image\" content=\"https:\/\/www.loreedusabia.com\/wp-content\/uploads\/2014\/12\/hr.png\" \/>\n<meta name=\"twitter:card\" content=\"summary_large_image\" \/>\n<meta name=\"twitter:label1\" content=\"Estimated reading time\" \/>\n\t<meta name=\"twitter:data1\" content=\"3 minutes\" \/>\n<script type=\"application\/ld+json\" class=\"yoast-schema-graph\">{\"@context\":\"https:\/\/schema.org\",\"@graph\":[{\"@type\":\"WebPage\",\"@id\":\"https:\/\/www.loreedusabia.com\/en\/vins\/\",\"url\":\"https:\/\/www.loreedusabia.com\/en\/vins\/\",\"name\":\"Our Wines - L&#039;Or\u00e9e du Sabia - Vigneron Oc\u00e9anique\",\"isPartOf\":{\"@id\":\"https:\/\/www.loreedusabia.com\/fr\/#website\"},\"primaryImageOfPage\":{\"@id\":\"https:\/\/www.loreedusabia.com\/en\/vins\/#primaryimage\"},\"image\":{\"@id\":\"https:\/\/www.loreedusabia.com\/en\/vins\/#primaryimage\"},\"thumbnailUrl\":\"https:\/\/www.loreedusabia.com\/wp-content\/uploads\/2014\/12\/hr.png\",\"datePublished\":\"2020-08-24T08:30:39+00:00\",\"dateModified\":\"2022-10-13T09:29:17+00:00\",\"description\":\"White wines, red wines and ros\u00e9s, discover the Brem sur Mer terroir and our 5 varieties of grapes in our different cuv\u00e9es\",\"breadcrumb\":{\"@id\":\"https:\/\/www.loreedusabia.com\/en\/vins\/#breadcrumb\"},\"inLanguage\":\"en-GB\",\"potentialAction\":[{\"@type\":\"ReadAction\",\"target\":[\"https:\/\/www.loreedusabia.com\/en\/vins\/\"]}]},{\"@type\":\"ImageObject\",\"inLanguage\":\"en-GB\",\"@id\":\"https:\/\/www.loreedusabia.com\/en\/vins\/#primaryimage\",\"url\":\"https:\/\/www.loreedusabia.com\/wp-content\/uploads\/2014\/12\/hr.png\",\"contentUrl\":\"https:\/\/www.loreedusabia.com\/wp-content\/uploads\/2014\/12\/hr.png\"},{\"@type\":\"BreadcrumbList\",\"@id\":\"https:\/\/www.loreedusabia.com\/en\/vins\/#breadcrumb\",\"itemListElement\":[{\"@type\":\"ListItem\",\"position\":1,\"name\":\"Accueil\",\"item\":\"https:\/\/www.loreedusabia.com\/en\/\"},{\"@type\":\"ListItem\",\"position\":2,\"name\":\"Our Wines\"}]},{\"@type\":\"WebSite\",\"@id\":\"https:\/\/www.loreedusabia.com\/fr\/#website\",\"url\":\"https:\/\/www.loreedusabia.com\/fr\/\",\"name\":\"L&#039;Or\u00e9e du Sabia - Vigneron Oc\u00e9anique\",\"description\":\"Brem-Sur-Mer - Vend\u00e9e\",\"publisher\":{\"@id\":\"https:\/\/www.loreedusabia.com\/fr\/#organization\"},\"potentialAction\":[{\"@type\":\"SearchAction\",\"target\":{\"@type\":\"EntryPoint\",\"urlTemplate\":\"https:\/\/www.loreedusabia.com\/fr\/?s={search_term_string}\"},\"query-input\":{\"@type\":\"PropertyValueSpecification\",\"valueRequired\":true,\"valueName\":\"search_term_string\"}}],\"inLanguage\":\"en-GB\"},{\"@type\":\"Organization\",\"@id\":\"https:\/\/www.loreedusabia.com\/fr\/#organization\",\"name\":\"L'Or\u00e9e du Sabia\",\"url\":\"https:\/\/www.loreedusabia.com\/fr\/\",\"logo\":{\"@type\":\"ImageObject\",\"inLanguage\":\"en-GB\",\"@id\":\"https:\/\/www.loreedusabia.com\/fr\/#\/schema\/logo\/image\/\",\"url\":\"https:\/\/www.loreedusabia.com\/wp-content\/uploads\/2020\/04\/logo_vert-oree-du-sabia@2x.png\",\"contentUrl\":\"https:\/\/www.loreedusabia.com\/wp-content\/uploads\/2020\/04\/logo_vert-oree-du-sabia@2x.png\",\"width\":600,\"height\":75,\"caption\":\"L'Or\u00e9e du Sabia\"},\"image\":{\"@id\":\"https:\/\/www.loreedusabia.com\/fr\/#\/schema\/logo\/image\/\"}}]}<\/script>\n<!-- \/ Yoast SEO plugin. -->","yoast_head_json":{"title":"Our Wines - L&#039;Or\u00e9e du Sabia - Vigneron Oc\u00e9anique","description":"White wines, red wines and ros\u00e9s, discover the Brem sur Mer terroir and our 5 varieties of grapes in our different cuv\u00e9es","robots":{"index":"index","follow":"follow","max-snippet":"max-snippet:-1","max-image-preview":"max-image-preview:large","max-video-preview":"max-video-preview:-1"},"canonical":"https:\/\/www.loreedusabia.com\/en\/vins\/","og_locale":"en_GB","og_type":"article","og_title":"Our Wines - L&#039;Or\u00e9e du Sabia - Vigneron Oc\u00e9anique","og_description":"White wines, red wines and ros\u00e9s, discover the Brem sur Mer terroir and our 5 varieties of grapes in our different cuv\u00e9es","og_url":"https:\/\/www.loreedusabia.com\/en\/vins\/","og_site_name":"L&#039;Or\u00e9e du Sabia - Vigneron Oc\u00e9anique","article_modified_time":"2022-10-13T09:29:17+00:00","og_image":[{"url":"https:\/\/www.loreedusabia.com\/wp-content\/uploads\/2014\/12\/hr.png","type":"","width":"","height":""}],"twitter_card":"summary_large_image","twitter_misc":{"Estimated reading time":"3 minutes"},"schema":{"@context":"https:\/\/schema.org","@graph":[{"@type":"WebPage","@id":"https:\/\/www.loreedusabia.com\/en\/vins\/","url":"https:\/\/www.loreedusabia.com\/en\/vins\/","name":"Our Wines - L&#039;Or\u00e9e du Sabia - Vigneron Oc\u00e9anique","isPartOf":{"@id":"https:\/\/www.loreedusabia.com\/fr\/#website"},"primaryImageOfPage":{"@id":"https:\/\/www.loreedusabia.com\/en\/vins\/#primaryimage"},"image":{"@id":"https:\/\/www.loreedusabia.com\/en\/vins\/#primaryimage"},"thumbnailUrl":"https:\/\/www.loreedusabia.com\/wp-content\/uploads\/2014\/12\/hr.png","datePublished":"2020-08-24T08:30:39+00:00","dateModified":"2022-10-13T09:29:17+00:00","description":"White wines, red wines and ros\u00e9s, discover the Brem sur Mer terroir and our 5 varieties of grapes in our different cuv\u00e9es","breadcrumb":{"@id":"https:\/\/www.loreedusabia.com\/en\/vins\/#breadcrumb"},"inLanguage":"en-GB","potentialAction":[{"@type":"ReadAction","target":["https:\/\/www.loreedusabia.com\/en\/vins\/"]}]},{"@type":"ImageObject","inLanguage":"en-GB","@id":"https:\/\/www.loreedusabia.com\/en\/vins\/#primaryimage","url":"https:\/\/www.loreedusabia.com\/wp-content\/uploads\/2014\/12\/hr.png","contentUrl":"https:\/\/www.loreedusabia.com\/wp-content\/uploads\/2014\/12\/hr.png"},{"@type":"BreadcrumbList","@id":"https:\/\/www.loreedusabia.com\/en\/vins\/#breadcrumb","itemListElement":[{"@type":"ListItem","position":1,"name":"Accueil","item":"https:\/\/www.loreedusabia.com\/en\/"},{"@type":"ListItem","position":2,"name":"Our Wines"}]},{"@type":"WebSite","@id":"https:\/\/www.loreedusabia.com\/fr\/#website","url":"https:\/\/www.loreedusabia.com\/fr\/","name":"L&#039;Or\u00e9e du Sabia - Vigneron Oc\u00e9anique","description":"Brem-Sur-Mer - Vend\u00e9e","publisher":{"@id":"https:\/\/www.loreedusabia.com\/fr\/#organization"},"potentialAction":[{"@type":"SearchAction","target":{"@type":"EntryPoint","urlTemplate":"https:\/\/www.loreedusabia.com\/fr\/?s={search_term_string}"},"query-input":{"@type":"PropertyValueSpecification","valueRequired":true,"valueName":"search_term_string"}}],"inLanguage":"en-GB"},{"@type":"Organization","@id":"https:\/\/www.loreedusabia.com\/fr\/#organization","name":"L'Or\u00e9e du Sabia","url":"https:\/\/www.loreedusabia.com\/fr\/","logo":{"@type":"ImageObject","inLanguage":"en-GB","@id":"https:\/\/www.loreedusabia.com\/fr\/#\/schema\/logo\/image\/","url":"https:\/\/www.loreedusabia.com\/wp-content\/uploads\/2020\/04\/logo_vert-oree-du-sabia@2x.png","contentUrl":"https:\/\/www.loreedusabia.com\/wp-content\/uploads\/2020\/04\/logo_vert-oree-du-sabia@2x.png","width":600,"height":75,"caption":"L'Or\u00e9e du Sabia"},"image":{"@id":"https:\/\/www.loreedusabia.com\/fr\/#\/schema\/logo\/image\/"}}]}},"_links":{"self":[{"href":"https:\/\/www.loreedusabia.com\/en\/wp-json\/wp\/v2\/pages\/3315","targetHints":{"allow":["GET"]}}],"collection":[{"href":"https:\/\/www.loreedusabia.com\/en\/wp-json\/wp\/v2\/pages"}],"about":[{"href":"https:\/\/www.loreedusabia.com\/en\/wp-json\/wp\/v2\/types\/page"}],"author":[{"embeddable":true,"href":"https:\/\/www.loreedusabia.com\/en\/wp-json\/wp\/v2\/users\/7"}],"replies":[{"embeddable":true,"href":"https:\/\/www.loreedusabia.com\/en\/wp-json\/wp\/v2\/comments?post=3315"}],"version-history":[{"count":4,"href":"https:\/\/www.loreedusabia.com\/en\/wp-json\/wp\/v2\/pages\/3315\/revisions"}],"predecessor-version":[{"id":5422,"href":"https:\/\/www.loreedusabia.com\/en\/wp-json\/wp\/v2\/pages\/3315\/revisions\/5422"}],"wp:attachment":[{"href":"https:\/\/www.loreedusabia.com\/en\/wp-json\/wp\/v2\/media?parent=3315"}],"curies":[{"name":"wp","href":"https:\/\/api.w.org\/{rel}","templated":true}]}}