{"id":3312,"date":"2020-08-24T10:27:20","date_gmt":"2020-08-24T08:27:20","guid":{"rendered":"https:\/\/www.loreedusabia.com\/?page_id=3312"},"modified":"2021-04-18T14:19:56","modified_gmt":"2021-04-18T12:19:56","slug":"mentions-legales","status":"publish","type":"page","link":"https:\/\/www.loreedusabia.com\/en\/mentions-legales\/","title":{"rendered":"Legal Notice"},"content":{"rendered":"<div class=\"fusion-fullwidth fullwidth-box fusion-builder-row-1 nonhundred-percent-fullwidth non-hundred-percent-height-scrolling\" style=\"background-color: #ffffff;background-position: center center;background-repeat: no-repeat;padding-top:8%;padding-right:11%;padding-bottom:11%;padding-left:11%;margin-bottom: 0px;margin-top: 0px;border-width: 0px 0px 0px 0px;border-color:#eae9e9;border-style:solid;\" ><div class=\"fusion-builder-row fusion-row\"><div class=\"fusion-layout-column fusion_builder_column fusion-builder-column-0 fusion_builder_column_1_1 1_1 fusion-one-full fusion-column-first fusion-column-last\" style=\"margin-top:0px;margin-bottom:20px;\"><div class=\"fusion-column-wrapper fusion-flex-column-wrapper-legacy\" style=\"background-position:left top;background-repeat:no-repeat;-webkit-background-size:cover;-moz-background-size:cover;-o-background-size:cover;background-size:cover;padding: 0px 0px 0px 0px;\"><div class=\"fusion-text fusion-text-1\"><h1>Legal notice<\/h1>\n<p style=\"text-align: left;\"><em>In effect as of 21\/04\/2020<\/em><\/p>\n<p style=\"text-align: left;\">In accordance with the provisions of Articles 6-III and 19 of the French law n\u00b02004-575 of June 21st 2004 for the trust in the Digital Economy, known as L.C.E.N., Users of the https:\/\/www.loreedusabia.com\/ website are informed of the present legal notice.<\/p>\n<p style=\"text-align: left;\">Connection and browsing on the site https:\/\/www.loreedusabia.com\/ by the user implies full and unreserved acceptance of these legal notices.<\/p>\n<h2>ARTICLE 1: The editor<\/h2>\n<p>Publishing of the website https:\/\/www.loreedusabia.com\/ is ensured by the Company EARL L&#8217;Or\u00e9e du Sabia with a capital of 14 000 euros, registered in the RCS of La Roche sur Yon under the number 833 177 462, whose head office is located at 3 B Rue de la Fontaine 85470 BREM-SUR-MER telephone number +33 (0)2 51 96 30 61, e-mail address: contact[a]loreedusabia.com.<\/p>\n<p>E.U. VAT number: FR23833177462<\/p>\n<p>The Director of the publication is Bastien Mousset.<\/p>\n<h2>ARTICLE 2: The Hosting Company<\/h2>\n<p>The host of the website https:\/\/www.loreedusabia.com\/ is the Company OVH, whose registered office is located at 2 rue Kellermann &#8211; 59100 Roubaix, France, with the telephone number: +33 (0)8 99 70 17 61, with the website www.ovh.com.<\/p>\n<h2>ARTICLE 3: Access to the site<\/h2>\n<p>The site is accessible from anywhere, 7 days a week, 24 hours a day, except in cases of force majeure, scheduled or unscheduled interruptions that may arise from a need for maintenance.<\/p>\n<p>In case of modification, interruption or suspension of services the site https:\/\/www.loreedusabia.com\/ cannot be held responsible.<\/p>\n<h2>ARTICLE 4: Photo credits<\/h2>\n<p>The photographs, texts, slogans, drawings, images, videos, animated sequences with or without sound, as well as all works integrated into the site are the property of l&#8217;Or\u00e9e du Sabia or of third parties who have authorised their use.<\/p>\n<p>The logos, icons and graphic chips represented on the site are protected by copyright and articles L.511.1 and in accordance with the Intellectual Property Code relating to the protection of registered models.<\/p>\n<p>Reproductions, on a paper or computer medium, of the said site and the works reproduced therein are authorised provided that they are strictly reserved for personal use excluding any use for advertising and\/or commercial and\/or information purposes and\/or that they comply with the provisions of article L.122-5 of the Intellectual Property Code.<\/p>\n<p>With the exception of the above provisions, any reproduction, representation, use or modification, by any process whatsoever and on any medium whatsoever, of all or part of the site, of all or part of the various works that make it up, without having obtained the prior authorisation of l&#8217;Or\u00e9e du Sabia is strictly prohibited and constitutes an offence of counterfeiting and may result in civil and\/or criminal legal proceedings and the payment of damages.<\/p>\n<h2 id=\"legal-mentions-art5\">ARTICLE 5: Data collection and management<\/h2>\n<p>The site provides the User with a collection and processing of personal information respectful of privacy in accordance with the law n\u00b078-17 of January 6, 1978 relating to data processing, files and freedoms.<\/p>\n<p>Under the French Data Protection Act of January 6th 1978, the User has the right to access, modify, rectify, delete and oppose his or her personal data. The user may exercise this right:<\/p>\n<ul>\n<li>by post at 1 A Rue du Sablais, 85470 Brem-sur-Mer ;<\/li>\n<li>via a contact form: https:\/\/www.loreedusabia.com\/en\/contact\/<\/li>\n<li>by e-mail at contact[a]loreedusabia.com<\/li>\n<\/ul>\n<p>The information communicated by the user in the contact form is strictly confidential and for the exclusive use of l&#8217;Or\u00e9e du Sabia.<\/p>\n<div class=\"page\" title=\"Page 4\">\n<div class=\"layoutArea\">\n<div class=\"column\">\n<p>Individuals also have the right to file a complaint with the CNIL.<\/p>\n<p>In addition, and since the law n\u00b02016-1321 of October 7, 2016, people who wish to do so, have the possibility to organize the fate of their data after their death. For more information on the subject: https:\/\/www.cnil.fr\/.<\/p>\n<\/div>\n<\/div>\n<\/div>\n<h2 id=\"legal-mentions-art6\">ARTICLE 6: Cookies<\/h2>\n<p>The purpose of this section is to inform Internet users of the use of the data collected during their browsing on the site.<br \/>\nWhen an Internet user consults the site, l&#8217;Or\u00e9e du Sabia may, depending on the Internet user&#8217;s browsing parameters, place cookies on their computer, telephone or tablet.<\/p>\n<p>A cookie is a small data file that records information relative to browsing on the site such as the pages consulted, the date and time of consultation&#8230; Cookies make it possible to optimise and make the client&#8217;s browsing on the l&#8217;Or\u00e9e du Sabia website more pleasant. They also enable us to offer personalised offers and services. Under no circumstances do cookies allow the personal identification of an Internet user. The cookies issued by l&#8217;Or\u00e9e du Sabia have several purposes:<\/p>\n<ul>\n<li>A personalisation purpose: these cookies enable us to send customers personalised offers and advertising related to their interests.<\/li>\n<li>A statistical purpose: these cookies make it possible to establish statistics on site visits (number of visits, abandonment in the order process, etc.) in order to improve its content.<\/li>\n<\/ul>\n<p>The configuration of cookies: by continuing to browse the site, the Internet user accepts the use of the cookies described above. If he does not wish l&#8217;Or\u00e9e du Sabia to deposit these cookies, the internet user must configure his browser as follows:<\/p>\n<ul>\n<li>For Microsoft Internet Explorer:<br \/>\n1. Choose the &#8220;Tools&#8221; menu, then &#8220;Internet Options&#8221;.<br \/>\n2. Click on the &#8220;Confidentiality&#8221; tab (or &#8220;Privacy&#8221;).<br \/>\n3. Select the desired level with the cursor.<\/li>\n<li>For Netscape:<br \/>\n1. Select the &#8220;Edit&#8221; menu &gt; &#8220;Preferences&#8221;.<br \/>\n2. Confidentiality and Security<br \/>\n3. Cookies<\/li>\n<li>For Opera:<br \/>\n1. Choose the &#8220;File&#8221; menu &gt; &#8220;Preferences&#8221;.<br \/>\n2. Privacy<\/li>\n<li>For Firefox:<br \/>\n1. Choose from the &#8220;Options&#8221; menu.<br \/>\n2. Choose the &#8220;Privacy and Security&#8221; menu.<br \/>\n3. Check the box &#8220;Accept cookies and site data (recommended)&#8221;.<\/li>\n<\/ul>\n<h2>ARTICLE 7: Intellectual property and counterfeiting<\/h2>\n<p>Any use, reproduction, distribution, marketing, modification of all or part of the site https:\/\/www.loreedusabia.com\/, without the authorisation of the Publisher is prohibited and may lead to legal actions and proceedings as provided for in particular by the Intellectual Property Code and the Civil Code.<\/p>\n<p>Any unauthorized use of the site or any of the elements it contains will be considered as constituting an infringement and will be prosecuted in accordance with the provisions of articles L.335-2 and following of the Intellectual Property Code.<\/p>\n<h2>ARTICLE 8: Limitations of liability<\/h2>\n<p>L&#8217;Or\u00e9e du Sabia acts as the publisher of the site and is responsible for the quality and truthfulness of the content it publishes.<\/p>\n<p>L&#8217;Or\u00e9e du Sabia cannot be held responsible for any direct or indirect damage caused to the user&#8217;s equipment, for the appearance of a bug or incompatibility when accessing the https:\/\/www.loreedusabia.com\/ website.<\/p>\n<p>Interactive spaces (possibility to ask questions in the contact area) are available to users. L&#8217;Or\u00e9e du Sabia reserves the right to delete, without prior notice, any content deposited in this space that contravenes the legislation applicable in France, in particular the provisions relating to data protection. If necessary, L&#8217;Or\u00e9e du Sabia also reserves the right to bring into question the civil and\/or criminal liability of the user, in particular in the event of a message of a racist, insulting, defamatory or pornographic nature, whatever the medium used (text, photograph, etc.).<\/p>\n<h1>CONDITIONS OF SALE<\/h1>\n<h2><strong>ARTICLE 1: <\/strong><strong>Preamble<\/strong><\/h2>\n<p>1.1. The following conditions of sale rule any relation between EARL l\u2019Or\u00e9e du Sabia located at 85470 Brem-sur-Mer, France and any physical or moral person acting within a professional activity (hereafter named \u201cthe purchaser\u201d).<\/p>\n<p>1.2. Unless otherwise expressly agreed in writing, all goods are sold upon the following terms and conditions to the exclusion of any terms and conditions of the purchaser and no agent or representative of EARL l\u2019Or\u00e9e du Sabia has any authority to vary or omit, part of or all of, these conditions. Acceptance of delivery of the goods shall constitute acceptance of these terms.<\/p>\n<p>1.3. All quotations are to be deemed valid for 30 days unless otherwise stated. All quotations are to be considered as FCA unless otherwise stated.<\/p>\n<h2><strong>ARTICLE 2: <\/strong><strong>Order &amp; delivery<\/strong><\/h2>\n<p>2.1. Any deficiency in quantity of product delivered or transportation damage as at the time of delivery shall be notified to EARL l\u2019Or\u00e9e du Sabia immediately upon receipt and precise and motivated reservations should be made to the transporter. Acknowledgement of the delivery shall be deemed to be acceptance of the quantities as set out by the invoice and that the product has not suffered from transportation damage.<\/p>\n<p>2.2. Any damage which is non-apparent at delivery and is discovered afterwards must absolutely be declared to the transporter within 48 hours of the delivery.<\/p>\n<p>2.3. No goods may be returned to EARL l\u2019Or\u00e9e du Sabia without its prior written consent.<\/p>\n<p>2.4. Pre-delivery inspection can be arranged at the purchasers cost.<\/p>\n<p>2.5. All goods shipped outside France will be according to the International Chamber of Commerce Incoterms 2020.<\/p>\n<p>2.6. EARL l\u2019Or\u00e9e du Sabia will use its best endeavours to deliver at the time stated and all delivery dates shall be regarded at best as estimates only, except in the case of an FCA delivery. Orders will only be accepted in writing\/e-mail. EARL l\u2019Or\u00e9e du Sabia shall not be liable for any losses, costs, damages or expenses suffered by the purchaser or any other party as a result of any delay in delivery.<\/p>\n<p>2.7. Any order that has been accepted by EARL l\u2019Or\u00e9e du Sabia and the purchaser may not be reduced or cancelled after acceptance without the agreement of EARL l\u2019Or\u00e9e du Sabia in writing.<\/p>\n<p>2.8. Where orders are accepted by EARL l\u2019Or\u00e9e du Sabia for special production runs, unless otherwise agreed to in writing, EARL l\u2019Or\u00e9e du Sabia will not accept any restriction of its right to manufacture or sell or offer to any other purchaser goods which may have been manufactured specially for a specific purchaser or purchasers.<\/p>\n<h2><strong>ARTICLE 3:\u00a0 <\/strong><strong>Products<\/strong><\/h2>\n<p>3.1. EARL l\u2019Or\u00e9e du Sabia will make good at its option by replacement any articles sold by it which, within 6 months after delivery, are shown to the satisfaction of EARL l\u2019Or\u00e9e du Sabia to have been, at the time of delivery, defective where such defect is solely attributable to defective workmanship, product content or manufacture provided that:<\/p>\n<p style=\"padding-left: 40px;\">3.1.1. EARL l\u2019Or\u00e9e du Sabia is immediately notified upon detection; and<\/p>\n<p style=\"padding-left: 40px;\">3.1.2. no defect is caused by wilful damage, negligence, incorrect storage or application, incorrect use or movement (except by EARL l\u2019Or\u00e9e du Sabia, its servants or its agents); and<\/p>\n<p style=\"padding-left: 40px;\">3.1.3. if required by EARL l\u2019Or\u00e9e du Sabia the goods are returned to EARL l\u2019Or\u00e9e du Sabia within one month of the discovery of the defect.<\/p>\n<p>The warranty contained in this Condition is the only express warranty given by EARL l\u2019Or\u00e9e du Sabia. All other conditions, representations, terms and warranties as to the fitness or quality of the goods supplied for any purpose, whether express or implied, whether statutory or otherwise and whether verbal or in writing are hereby excluded and negatived to the full extent permitted by French law in each case.<\/p>\n<p>3.2. The modifications of EARL l\u2019Or\u00e9e du Sabia products, other than in accordance with EARL l\u2019Or\u00e9e du Sabia\u2019s written approval in each case, is not authorised and may result in product deterioration. The warranty contained in these conditions will not extend to any product which has been the subject of any unauthorised modification.<\/p>\n<p>3.3. EARL l\u2019Or\u00e9e du Sabia sets out suggestions as to the use of, and storage of its products on the understanding that those suggestions are made solely to assist the purchaser to get the best results from its purchase, and that they do not amount to warranties or otherwise add to or vary these Conditions of Sale in any way.<\/p>\n<p>3.4. To re-sale these goods into territories other than that agreed in the distribution agreement must be agreed in writing with EARL l\u2019Or\u00e9e du Sabia.<\/p>\n<h2><strong>ARTICLE 4: <\/strong><strong>Liability<\/strong><\/h2>\n<p>4.1. Subject only to the provisions of Condition 3.1 EARL l\u2019Or\u00e9e du Sabia hereby excludes to the full extent allowed by French law all liability of any kind whatsoever to the purchaser or any other party for any loss, damage or loss sustained or incurred by the purchaser or any other party in consequence of or resulting by, directly or indirectly, the supply of, use of, or performance of any products or services for whatever reason whether arising out of any breach by EARL l\u2019Or\u00e9e du Sabia of any contract incorporating these Conditions or negligent or wrongful acts by EARL l\u2019Or\u00e9e du Sabia or its servants or its agents in connection with its products and or its services, and limits any liability that it might nevertheless have to a maximum amount being the invoiced price of the products or services in question.<\/p>\n<p>4.2. EARL l\u2019Or\u00e9e du Sabia reserves the right to declare void any defect claim where the claimant does not extend to EARL l\u2019Or\u00e9e du Sabia a reasonable opportunity to fully inspect the product, application and circumstances of the product.<\/p>\n<p>4.3. EARL l\u2019Or\u00e9e du Sabia and its principals cannot be held responsible or liable for any claims concerning any injuries, loss of income or other losses of earnings by the purchaser or any other party associated with the handling or otherwise use of the Manoir d&#8217;Apreval products.<\/p>\n<p>4.4. EARL l\u2019Or\u00e9e du Sabia will not be liable for breach of contract arising from or caused by, directly or indirectly, force majeure, war, strikes, riots and civil commotions and nature disasters.<\/p>\n<h2><strong>ARTICLE 5: <\/strong><strong>Payment<\/strong><\/h2>\n<p>5.1. Payment is to be made in Euros by SEPA electronic bank transfer for European countries and by SWIFT electronic bank transfer for all other countries, net of all deductions, before shipment for any transaction. Payment in terms \u2013 credit and extended credit \u2013 will need to be agreed to in advance of any orders placed under these terms. Failure to make due payments in respect of deliveries under this or any other contract with EARL l\u2019Or\u00e9e du Sabia shall entitle EARL l\u2019Or\u00e9e du Sabia to delay, suspend or cancel deliveries in whole or in part at its option.<\/p>\n<p>5.2. Any delay in payment will give the right to EARL l\u2019Or\u00e9e du Sabia to claim compensation as set by the European Union directive on late repayments. The rate applicable will be the interest rate applied by the European Central Bank to its main refinancing operations, plus an additional ten percentage points. Consequently, the penalty shall be of 0,3% of the total due, per day of delay. Penalties are due from the first day of delay, based on the VAT-included amount due, and are applicable until the date of payment by the customer. The rate is annual or monthly and can be converted to a daily rate, that is, multiplied by the number of days of delay. The amount of the late payment penalties will thus be applied according to the following formula : (Amount due including VAT) x (10% penalty rate) x (number of days late \/ 365).<\/p>\n<p>5.3. EARL l\u2019Or\u00e9e du Sabia reserves the right to block any order established by a company that is more than 30 days late in paying a previous order until said order has been paid for.<\/p>\n<h2><strong>ARTICLE 6: <\/strong><strong>Applicable law and jurisdiction<\/strong><\/h2>\n<p>6.1. The applicable law of this contract is the law of the French Republic and the competent court is the commercial court of Caen, France. However, any claim should first and foremost be addressed to EARL l\u2019Or\u00e9e du Sabia in order to find an amicable solution.<\/p>\n<\/div><div class=\"fusion-clearfix\"><\/div><\/div><\/div><\/div><\/div>\n","protected":false},"excerpt":{"rendered":"","protected":false},"author":7,"featured_media":0,"parent":0,"menu_order":0,"comment_status":"closed","ping_status":"closed","template":"","meta":{"_acf_changed":false,"footnotes":""},"class_list":["post-3312","page","type-page","status-publish","hentry"],"acf":[],"yoast_head":"<!-- This site is optimized with the Yoast SEO plugin v24.3 - https:\/\/yoast.com\/wordpress\/plugins\/seo\/ -->\n<title>Legal Notice - L&#039;Or\u00e9e du Sabia - Vigneron Oc\u00e9anique<\/title>\n<meta name=\"robots\" content=\"index, follow, max-snippet:-1, max-image-preview:large, max-video-preview:-1\" \/>\n<link rel=\"canonical\" href=\"https:\/\/www.loreedusabia.com\/en\/mentions-legales\/\" \/>\n<meta property=\"og:locale\" content=\"en_GB\" \/>\n<meta property=\"og:type\" content=\"article\" \/>\n<meta property=\"og:title\" content=\"Legal Notice - L&#039;Or\u00e9e du Sabia - Vigneron Oc\u00e9anique\" \/>\n<meta property=\"og:url\" content=\"https:\/\/www.loreedusabia.com\/en\/mentions-legales\/\" \/>\n<meta property=\"og:site_name\" content=\"L&#039;Or\u00e9e du Sabia - Vigneron Oc\u00e9anique\" \/>\n<meta property=\"article:modified_time\" content=\"2021-04-18T12:19:56+00:00\" \/>\n<meta name=\"twitter:card\" content=\"summary_large_image\" \/>\n<meta name=\"twitter:label1\" content=\"Estimated reading time\" \/>\n\t<meta name=\"twitter:data1\" content=\"15 minutes\" \/>\n<script type=\"application\/ld+json\" class=\"yoast-schema-graph\">{\"@context\":\"https:\/\/schema.org\",\"@graph\":[{\"@type\":\"WebPage\",\"@id\":\"https:\/\/www.loreedusabia.com\/en\/mentions-legales\/\",\"url\":\"https:\/\/www.loreedusabia.com\/en\/mentions-legales\/\",\"name\":\"Legal Notice - L&#039;Or\u00e9e du Sabia - Vigneron Oc\u00e9anique\",\"isPartOf\":{\"@id\":\"https:\/\/www.loreedusabia.com\/fr\/#website\"},\"datePublished\":\"2020-08-24T08:27:20+00:00\",\"dateModified\":\"2021-04-18T12:19:56+00:00\",\"breadcrumb\":{\"@id\":\"https:\/\/www.loreedusabia.com\/en\/mentions-legales\/#breadcrumb\"},\"inLanguage\":\"en-GB\",\"potentialAction\":[{\"@type\":\"ReadAction\",\"target\":[\"https:\/\/www.loreedusabia.com\/en\/mentions-legales\/\"]}]},{\"@type\":\"BreadcrumbList\",\"@id\":\"https:\/\/www.loreedusabia.com\/en\/mentions-legales\/#breadcrumb\",\"itemListElement\":[{\"@type\":\"ListItem\",\"position\":1,\"name\":\"Accueil\",\"item\":\"https:\/\/www.loreedusabia.com\/en\/\"},{\"@type\":\"ListItem\",\"position\":2,\"name\":\"Legal Notice\"}]},{\"@type\":\"WebSite\",\"@id\":\"https:\/\/www.loreedusabia.com\/fr\/#website\",\"url\":\"https:\/\/www.loreedusabia.com\/fr\/\",\"name\":\"L&#039;Or\u00e9e du Sabia - Vigneron Oc\u00e9anique\",\"description\":\"Brem-Sur-Mer - Vend\u00e9e\",\"publisher\":{\"@id\":\"https:\/\/www.loreedusabia.com\/fr\/#organization\"},\"potentialAction\":[{\"@type\":\"SearchAction\",\"target\":{\"@type\":\"EntryPoint\",\"urlTemplate\":\"https:\/\/www.loreedusabia.com\/fr\/?s={search_term_string}\"},\"query-input\":{\"@type\":\"PropertyValueSpecification\",\"valueRequired\":true,\"valueName\":\"search_term_string\"}}],\"inLanguage\":\"en-GB\"},{\"@type\":\"Organization\",\"@id\":\"https:\/\/www.loreedusabia.com\/fr\/#organization\",\"name\":\"L'Or\u00e9e du Sabia\",\"url\":\"https:\/\/www.loreedusabia.com\/fr\/\",\"logo\":{\"@type\":\"ImageObject\",\"inLanguage\":\"en-GB\",\"@id\":\"https:\/\/www.loreedusabia.com\/fr\/#\/schema\/logo\/image\/\",\"url\":\"https:\/\/www.loreedusabia.com\/wp-content\/uploads\/2020\/04\/logo_vert-oree-du-sabia@2x.png\",\"contentUrl\":\"https:\/\/www.loreedusabia.com\/wp-content\/uploads\/2020\/04\/logo_vert-oree-du-sabia@2x.png\",\"width\":600,\"height\":75,\"caption\":\"L'Or\u00e9e du Sabia\"},\"image\":{\"@id\":\"https:\/\/www.loreedusabia.com\/fr\/#\/schema\/logo\/image\/\"}}]}<\/script>\n<!-- \/ Yoast SEO plugin. -->","yoast_head_json":{"title":"Legal Notice - L&#039;Or\u00e9e du Sabia - Vigneron Oc\u00e9anique","robots":{"index":"index","follow":"follow","max-snippet":"max-snippet:-1","max-image-preview":"max-image-preview:large","max-video-preview":"max-video-preview:-1"},"canonical":"https:\/\/www.loreedusabia.com\/en\/mentions-legales\/","og_locale":"en_GB","og_type":"article","og_title":"Legal Notice - L&#039;Or\u00e9e du Sabia - Vigneron Oc\u00e9anique","og_url":"https:\/\/www.loreedusabia.com\/en\/mentions-legales\/","og_site_name":"L&#039;Or\u00e9e du Sabia - Vigneron Oc\u00e9anique","article_modified_time":"2021-04-18T12:19:56+00:00","twitter_card":"summary_large_image","twitter_misc":{"Estimated reading time":"15 minutes"},"schema":{"@context":"https:\/\/schema.org","@graph":[{"@type":"WebPage","@id":"https:\/\/www.loreedusabia.com\/en\/mentions-legales\/","url":"https:\/\/www.loreedusabia.com\/en\/mentions-legales\/","name":"Legal Notice - L&#039;Or\u00e9e du Sabia - Vigneron Oc\u00e9anique","isPartOf":{"@id":"https:\/\/www.loreedusabia.com\/fr\/#website"},"datePublished":"2020-08-24T08:27:20+00:00","dateModified":"2021-04-18T12:19:56+00:00","breadcrumb":{"@id":"https:\/\/www.loreedusabia.com\/en\/mentions-legales\/#breadcrumb"},"inLanguage":"en-GB","potentialAction":[{"@type":"ReadAction","target":["https:\/\/www.loreedusabia.com\/en\/mentions-legales\/"]}]},{"@type":"BreadcrumbList","@id":"https:\/\/www.loreedusabia.com\/en\/mentions-legales\/#breadcrumb","itemListElement":[{"@type":"ListItem","position":1,"name":"Accueil","item":"https:\/\/www.loreedusabia.com\/en\/"},{"@type":"ListItem","position":2,"name":"Legal Notice"}]},{"@type":"WebSite","@id":"https:\/\/www.loreedusabia.com\/fr\/#website","url":"https:\/\/www.loreedusabia.com\/fr\/","name":"L&#039;Or\u00e9e du Sabia - Vigneron Oc\u00e9anique","description":"Brem-Sur-Mer - Vend\u00e9e","publisher":{"@id":"https:\/\/www.loreedusabia.com\/fr\/#organization"},"potentialAction":[{"@type":"SearchAction","target":{"@type":"EntryPoint","urlTemplate":"https:\/\/www.loreedusabia.com\/fr\/?s={search_term_string}"},"query-input":{"@type":"PropertyValueSpecification","valueRequired":true,"valueName":"search_term_string"}}],"inLanguage":"en-GB"},{"@type":"Organization","@id":"https:\/\/www.loreedusabia.com\/fr\/#organization","name":"L'Or\u00e9e du Sabia","url":"https:\/\/www.loreedusabia.com\/fr\/","logo":{"@type":"ImageObject","inLanguage":"en-GB","@id":"https:\/\/www.loreedusabia.com\/fr\/#\/schema\/logo\/image\/","url":"https:\/\/www.loreedusabia.com\/wp-content\/uploads\/2020\/04\/logo_vert-oree-du-sabia@2x.png","contentUrl":"https:\/\/www.loreedusabia.com\/wp-content\/uploads\/2020\/04\/logo_vert-oree-du-sabia@2x.png","width":600,"height":75,"caption":"L'Or\u00e9e du Sabia"},"image":{"@id":"https:\/\/www.loreedusabia.com\/fr\/#\/schema\/logo\/image\/"}}]}},"_links":{"self":[{"href":"https:\/\/www.loreedusabia.com\/en\/wp-json\/wp\/v2\/pages\/3312","targetHints":{"allow":["GET"]}}],"collection":[{"href":"https:\/\/www.loreedusabia.com\/en\/wp-json\/wp\/v2\/pages"}],"about":[{"href":"https:\/\/www.loreedusabia.com\/en\/wp-json\/wp\/v2\/types\/page"}],"author":[{"embeddable":true,"href":"https:\/\/www.loreedusabia.com\/en\/wp-json\/wp\/v2\/users\/7"}],"replies":[{"embeddable":true,"href":"https:\/\/www.loreedusabia.com\/en\/wp-json\/wp\/v2\/comments?post=3312"}],"version-history":[{"count":12,"href":"https:\/\/www.loreedusabia.com\/en\/wp-json\/wp\/v2\/pages\/3312\/revisions"}],"predecessor-version":[{"id":5119,"href":"https:\/\/www.loreedusabia.com\/en\/wp-json\/wp\/v2\/pages\/3312\/revisions\/5119"}],"wp:attachment":[{"href":"https:\/\/www.loreedusabia.com\/en\/wp-json\/wp\/v2\/media?parent=3312"}],"curies":[{"name":"wp","href":"https:\/\/api.w.org\/{rel}","templated":true}]}}