{"id":1329,"date":"2020-03-23T17:51:01","date_gmt":"2020-03-23T16:51:01","guid":{"rendered":"https:\/\/www.loreedusabia.com\/?page_id=1329"},"modified":"2024-04-05T15:25:12","modified_gmt":"2024-04-05T13:25:12","slug":"biodynamic-wine","status":"publish","type":"page","link":"https:\/\/www.loreedusabia.com\/en\/","title":{"rendered":"Home"},"content":{"rendered":"<p><div id=\"home-down\"><div class=\"fusion-fullwidth fullwidth-box fusion-builder-row-1 nonhundred-percent-fullwidth non-hundred-percent-height-scrolling\" style=\"background-color: #ffffff;background-position: left top;background-repeat: no-repeat;padding-top:90px;padding-right:0px;padding-bottom:90px;padding-left:0px;margin-bottom: 0px;margin-top: 0px;border-width: 0px 0px 0px 0px;border-color:#eae9e9;border-style:solid;\" ><div class=\"fusion-builder-row fusion-row\"><div class=\"fusion-layout-column fusion_builder_column fusion-builder-column-0 fusion_builder_column_1_1 1_1 fusion-one-full fusion-column-first fusion-column-last fusion-column-no-min-height\" style=\"margin-top:0px;margin-bottom:0px;\"><div class=\"fusion-column-wrapper fusion-flex-column-wrapper-legacy\" style=\"background-position:left top;background-repeat:no-repeat;-webkit-background-size:cover;-moz-background-size:cover;-o-background-size:cover;background-size:cover;padding: 0px 0px 0px 0px;\"><style type=\"text\/css\"><\/style><div class=\"fusion-title title fusion-title-1 fusion-title-center fusion-title-text fusion-title-size-one\" style=\"font-size:30px;margin-top:0px;margin-right:0px;margin-bottom:15px;margin-left:0px;\"><div class=\"title-sep-container title-sep-container-left\"><div class=\"title-sep sep-\" style=\"border-color:#e0dede;\"><\/div><\/div><h1 class=\"title-heading-center\" style=\"font-family:&quot;Raleway&quot;;font-weight:600;margin:0;font-size:1em;letter-spacing:0px;color:#4b4f4e;\">l&#8217;Or\u00e9e du Sabia<\/h1><div class=\"title-sep-container title-sep-container-right\"><div class=\"title-sep sep-\" style=\"border-color:#e0dede;\"><\/div><\/div><\/div><div class=\"fusion-text fusion-text-1\"><p><img decoding=\"async\" class=\"lazyload size-full wp-image-2100 aligncenter\" src=\"data:image\/svg+xml,%3Csvg%20xmlns%3D%27http%3A%2F%2Fwww.w3.org%2F2000%2Fsvg%27%20width%3D%2754%27%20height%3D%2730%27%20viewBox%3D%270%200%2054%2030%27%3E%3Crect%20width%3D%2754%27%20height%3D%2730%27%20fill-opacity%3D%220%22%2F%3E%3C%2Fsvg%3E\" data-orig-src=\"https:\/\/www.loreedusabia.com\/wp-content\/uploads\/2014\/12\/hr.png\" alt=\"hr\" width=\"54\" height=\"30\" \/><\/p>\n<p style=\"text-align: center;\">Located between the Vend\u00e9e salt marshes and the Atlantic Ocean, it\u2019s on soils rich in quartz, schist and granite that our vines are rooted.<br \/>\nN\u00e9grette, Pinot Noir, Chenin, or even Chardonnay are the grape varieties grown without synthetic pesticides and using biodynamic methods, allowing the wine to fully express its terroir.<br \/>\nThe team will be happy to share with you their white-red-ros\u00e9 passion.<\/p>\n<\/div><div class=\"fusion-aligncenter\"><style type=\"text\/css\">.fusion-button.button-1 {border-radius:0px;}<\/style><a class=\"fusion-button button-flat fusion-button-default-size button-default button-1 fusion-button-default-span fusion-button-default-type\" target=\"_self\" href=\"https:\/\/www.loreedusabia.com\/en\/domaine\/\"><span class=\"fusion-button-text\">Discover the domain<\/span><\/a><\/div><div class=\"fusion-clearfix\"><\/div><\/div><\/div><\/div><\/div><\/div><div class=\"fusion-fullwidth fullwidth-box fusion-builder-row-2 fusion-flex-container nonhundred-percent-fullwidth non-hundred-percent-height-scrolling\" style=\"background-color: #ffffff;background-position: center center;background-repeat: no-repeat;border-width: 0px 0px 0px 0px;border-color:#eae9e9;border-style:solid;\" ><div class=\"fusion-builder-row fusion-row fusion-flex-align-items-flex-start\" style=\"max-width:1279.2px;margin-left: calc(-4% \/ 2 );margin-right: calc(-4% \/ 2 );\"><div class=\"fusion-layout-column fusion_builder_column fusion-builder-column-1 fusion_builder_column_1_2 1_2 fusion-flex-column fusion-flex-align-self-center\"><div class=\"fusion-column-wrapper fusion-flex-justify-content-center fusion-content-layout-column\" style=\"background-position:left top;background-repeat:no-repeat;-webkit-background-size:cover;-moz-background-size:cover;-o-background-size:cover;background-size:cover;padding: 0px 0px 0px 0px;\"><div style=\"text-align:right;\"><span class=\" fusion-imageframe imageframe-none imageframe-1 hover-type-none\" style=\"width:100%;max-width:100px;\"><img decoding=\"async\" width=\"1833\" height=\"2217\" title=\"AB_HD\" src=\"https:\/\/www.loreedusabia.com\/wp-content\/uploads\/2021\/04\/AB_HD.jpg\" data-orig-src=\"https:\/\/www.loreedusabia.com\/wp-content\/uploads\/2021\/04\/AB_HD.jpg\" class=\"lazyload img-responsive wp-image-4743\" srcset=\"data:image\/svg+xml,%3Csvg%20xmlns%3D%27http%3A%2F%2Fwww.w3.org%2F2000%2Fsvg%27%20width%3D%271833%27%20height%3D%272217%27%20viewBox%3D%270%200%201833%202217%27%3E%3Crect%20width%3D%271833%27%20height%3D%272217%27%20fill-opacity%3D%220%22%2F%3E%3C%2Fsvg%3E\" data-srcset=\"https:\/\/www.loreedusabia.com\/wp-content\/uploads\/2021\/04\/AB_HD-200x242.jpg 200w, https:\/\/www.loreedusabia.com\/wp-content\/uploads\/2021\/04\/AB_HD-400x484.jpg 400w, https:\/\/www.loreedusabia.com\/wp-content\/uploads\/2021\/04\/AB_HD-600x726.jpg 600w, https:\/\/www.loreedusabia.com\/wp-content\/uploads\/2021\/04\/AB_HD-800x968.jpg 800w, https:\/\/www.loreedusabia.com\/wp-content\/uploads\/2021\/04\/AB_HD-1200x1451.jpg 1200w, https:\/\/www.loreedusabia.com\/wp-content\/uploads\/2021\/04\/AB_HD.jpg 1833w\" data-sizes=\"auto\" data-orig-sizes=\"(max-width: 1024px) 100vw, (max-width: 640px) 100vw, 600px\" \/><\/span><\/div><\/div><style type=\"text\/css\">.fusion-body .fusion-builder-column-1{width:50% !important;margin-top : 0px;margin-bottom : 20px;}.fusion-builder-column-1 > .fusion-column-wrapper {padding-top : 0px !important;padding-right : 0px !important;margin-right : 3.84%;padding-bottom : 0px !important;padding-left : 0px !important;margin-left : 3.84%;}@media only screen and (max-width:1024px) {.fusion-body .fusion-builder-column-1{width:100% !important;order : 0;}.fusion-builder-column-1 > .fusion-column-wrapper {margin-right : 1.92%;margin-left : 1.92%;}}@media only screen and (max-width:640px) {.fusion-body .fusion-builder-column-1{width:100% !important;order : 0;}.fusion-builder-column-1 > .fusion-column-wrapper {margin-right : 1.92%;margin-left : 1.92%;}}<\/style><\/div><div class=\"fusion-layout-column fusion_builder_column fusion-builder-column-2 fusion_builder_column_1_2 1_2 fusion-flex-column fusion-flex-align-self-center\"><div class=\"fusion-column-wrapper fusion-flex-justify-content-center fusion-content-layout-column\" style=\"background-position:left top;background-repeat:no-repeat;-webkit-background-size:cover;-moz-background-size:cover;-o-background-size:cover;background-size:cover;padding: 0px 0px 0px 0px;\"><div style=\"text-align:left;\"><span class=\" fusion-imageframe imageframe-none imageframe-2 hover-type-none\" style=\"width:100%;max-width:150px;\"><img decoding=\"async\" width=\"827\" height=\"381\" alt=\"Demeter\" title=\"Logo_Demeter_couleur_png\" src=\"https:\/\/www.loreedusabia.com\/wp-content\/uploads\/2024\/03\/Logo_Demeter_couleur_png.png\" data-orig-src=\"https:\/\/www.loreedusabia.com\/wp-content\/uploads\/2024\/03\/Logo_Demeter_couleur_png.png\" class=\"lazyload img-responsive wp-image-5547\" srcset=\"data:image\/svg+xml,%3Csvg%20xmlns%3D%27http%3A%2F%2Fwww.w3.org%2F2000%2Fsvg%27%20width%3D%27827%27%20height%3D%27381%27%20viewBox%3D%270%200%20827%20381%27%3E%3Crect%20width%3D%27827%27%20height%3D%27381%27%20fill-opacity%3D%220%22%2F%3E%3C%2Fsvg%3E\" data-srcset=\"https:\/\/www.loreedusabia.com\/wp-content\/uploads\/2024\/03\/Logo_Demeter_couleur_png-200x92.png 200w, https:\/\/www.loreedusabia.com\/wp-content\/uploads\/2024\/03\/Logo_Demeter_couleur_png-400x184.png 400w, https:\/\/www.loreedusabia.com\/wp-content\/uploads\/2024\/03\/Logo_Demeter_couleur_png-600x276.png 600w, https:\/\/www.loreedusabia.com\/wp-content\/uploads\/2024\/03\/Logo_Demeter_couleur_png-800x369.png 800w, https:\/\/www.loreedusabia.com\/wp-content\/uploads\/2024\/03\/Logo_Demeter_couleur_png.png 827w\" data-sizes=\"auto\" data-orig-sizes=\"(max-width: 1024px) 100vw, (max-width: 640px) 100vw, 600px\" \/><\/span><\/div><\/div><style type=\"text\/css\">.fusion-body .fusion-builder-column-2{width:50% !important;margin-top : 0px;margin-bottom : 20px;}.fusion-builder-column-2 > .fusion-column-wrapper {padding-top : 0px !important;padding-right : 0px !important;margin-right : 3.84%;padding-bottom : 0px !important;padding-left : 0px !important;margin-left : 3.84%;}@media only screen and (max-width:1024px) {.fusion-body .fusion-builder-column-2{width:100% !important;order : 0;}.fusion-builder-column-2 > .fusion-column-wrapper {margin-right : 1.92%;margin-left : 1.92%;}}@media only screen and (max-width:640px) {.fusion-body .fusion-builder-column-2{width:100% !important;order : 0;}.fusion-builder-column-2 > .fusion-column-wrapper {margin-right : 1.92%;margin-left : 1.92%;}}<\/style><\/div><\/div><style type=\"text\/css\">.fusion-body .fusion-flex-container.fusion-builder-row-2{ padding-top : 0px;margin-top : 0px;padding-right : 0px;padding-bottom : 0px;margin-bottom : 0px;padding-left : 0px;}<\/style><\/div><div class=\"fusion-fullwidth fullwidth-box fusion-builder-row-3 fusion-flex-container nonhundred-percent-fullwidth non-hundred-percent-height-scrolling\" style=\"background-color: #ffffff;background-position: center center;background-repeat: no-repeat;border-width: 0px 0px 0px 0px;border-color:#eae9e9;border-style:solid;\" ><div class=\"fusion-builder-row fusion-row fusion-flex-align-items-flex-start\" style=\"max-width:1279.2px;margin-left: calc(-4% \/ 2 );margin-right: calc(-4% \/ 2 );\"><\/div><style type=\"text\/css\">.fusion-body .fusion-flex-container.fusion-builder-row-3{ padding-top : 0px;margin-top : 0px;padding-right : 0px;padding-bottom : 0px;margin-bottom : 0px;padding-left : 0px;}<\/style><\/div><\/p>\n","protected":false},"excerpt":{"rendered":"","protected":false},"author":7,"featured_media":0,"parent":0,"menu_order":0,"comment_status":"open","ping_status":"closed","template":"100-width.php","meta":{"_acf_changed":false,"footnotes":""},"class_list":["post-1329","page","type-page","status-publish","hentry"],"acf":[],"yoast_head":"<!-- This site is optimized with the Yoast SEO plugin v24.3 - https:\/\/yoast.com\/wordpress\/plugins\/seo\/ -->\n<title>Home - L&#039;Or\u00e9e du Sabia - Vigneron Oc\u00e9anique<\/title>\n<meta name=\"description\" content=\"Biodynamic vineyard, Brem sur Mer,wine tasting, visit of the cellar and the vines reception, meetings, teambuilding, wine bar\" \/>\n<meta name=\"robots\" content=\"index, follow, max-snippet:-1, max-image-preview:large, max-video-preview:-1\" \/>\n<link rel=\"canonical\" href=\"https:\/\/www.loreedusabia.com\/en\/\" \/>\n<meta property=\"og:locale\" content=\"en_GB\" \/>\n<meta property=\"og:type\" content=\"article\" \/>\n<meta property=\"og:title\" content=\"Home - L&#039;Or\u00e9e du Sabia - Vigneron Oc\u00e9anique\" \/>\n<meta property=\"og:description\" content=\"Biodynamic vineyard, Brem sur Mer,wine tasting, visit of the cellar and the vines reception, meetings, teambuilding, wine bar\" \/>\n<meta property=\"og:url\" content=\"https:\/\/www.loreedusabia.com\/en\/\" \/>\n<meta property=\"og:site_name\" content=\"L&#039;Or\u00e9e du Sabia - Vigneron Oc\u00e9anique\" \/>\n<meta property=\"article:modified_time\" content=\"2024-04-05T13:25:12+00:00\" \/>\n<meta property=\"og:image\" content=\"https:\/\/www.loreedusabia.com\/wp-content\/uploads\/2014\/12\/hr.png\" \/>\n<meta name=\"twitter:card\" content=\"summary_large_image\" \/>\n<meta name=\"twitter:label1\" content=\"Estimated reading time\" \/>\n\t<meta name=\"twitter:data1\" content=\"4 minutes\" \/>\n<script type=\"application\/ld+json\" class=\"yoast-schema-graph\">{\"@context\":\"https:\/\/schema.org\",\"@graph\":[{\"@type\":\"WebPage\",\"@id\":\"https:\/\/www.loreedusabia.com\/en\/\",\"url\":\"https:\/\/www.loreedusabia.com\/en\/\",\"name\":\"Home - L&#039;Or\u00e9e du Sabia - Vigneron Oc\u00e9anique\",\"isPartOf\":{\"@id\":\"https:\/\/www.loreedusabia.com\/fr\/#website\"},\"primaryImageOfPage\":{\"@id\":\"https:\/\/www.loreedusabia.com\/en\/#primaryimage\"},\"image\":{\"@id\":\"https:\/\/www.loreedusabia.com\/en\/#primaryimage\"},\"thumbnailUrl\":\"https:\/\/www.loreedusabia.com\/wp-content\/uploads\/2014\/12\/hr.png\",\"datePublished\":\"2020-03-23T16:51:01+00:00\",\"dateModified\":\"2024-04-05T13:25:12+00:00\",\"description\":\"Biodynamic vineyard, Brem sur Mer,wine tasting, visit of the cellar and the vines reception, meetings, teambuilding, wine bar\",\"breadcrumb\":{\"@id\":\"https:\/\/www.loreedusabia.com\/en\/#breadcrumb\"},\"inLanguage\":\"en-GB\",\"potentialAction\":[{\"@type\":\"ReadAction\",\"target\":[\"https:\/\/www.loreedusabia.com\/en\/\"]}]},{\"@type\":\"ImageObject\",\"inLanguage\":\"en-GB\",\"@id\":\"https:\/\/www.loreedusabia.com\/en\/#primaryimage\",\"url\":\"https:\/\/www.loreedusabia.com\/wp-content\/uploads\/2014\/12\/hr.png\",\"contentUrl\":\"https:\/\/www.loreedusabia.com\/wp-content\/uploads\/2014\/12\/hr.png\"},{\"@type\":\"BreadcrumbList\",\"@id\":\"https:\/\/www.loreedusabia.com\/en\/#breadcrumb\",\"itemListElement\":[{\"@type\":\"ListItem\",\"position\":1,\"name\":\"Accueil\",\"item\":\"https:\/\/www.loreedusabia.com\/en\/\"},{\"@type\":\"ListItem\",\"position\":2,\"name\":\"Home\"}]},{\"@type\":\"WebSite\",\"@id\":\"https:\/\/www.loreedusabia.com\/fr\/#website\",\"url\":\"https:\/\/www.loreedusabia.com\/fr\/\",\"name\":\"L&#039;Or\u00e9e du Sabia - Vigneron Oc\u00e9anique\",\"description\":\"Brem-Sur-Mer - Vend\u00e9e\",\"publisher\":{\"@id\":\"https:\/\/www.loreedusabia.com\/fr\/#organization\"},\"potentialAction\":[{\"@type\":\"SearchAction\",\"target\":{\"@type\":\"EntryPoint\",\"urlTemplate\":\"https:\/\/www.loreedusabia.com\/fr\/?s={search_term_string}\"},\"query-input\":{\"@type\":\"PropertyValueSpecification\",\"valueRequired\":true,\"valueName\":\"search_term_string\"}}],\"inLanguage\":\"en-GB\"},{\"@type\":\"Organization\",\"@id\":\"https:\/\/www.loreedusabia.com\/fr\/#organization\",\"name\":\"L'Or\u00e9e du Sabia\",\"url\":\"https:\/\/www.loreedusabia.com\/fr\/\",\"logo\":{\"@type\":\"ImageObject\",\"inLanguage\":\"en-GB\",\"@id\":\"https:\/\/www.loreedusabia.com\/fr\/#\/schema\/logo\/image\/\",\"url\":\"https:\/\/www.loreedusabia.com\/wp-content\/uploads\/2020\/04\/logo_vert-oree-du-sabia@2x.png\",\"contentUrl\":\"https:\/\/www.loreedusabia.com\/wp-content\/uploads\/2020\/04\/logo_vert-oree-du-sabia@2x.png\",\"width\":600,\"height\":75,\"caption\":\"L'Or\u00e9e du Sabia\"},\"image\":{\"@id\":\"https:\/\/www.loreedusabia.com\/fr\/#\/schema\/logo\/image\/\"}}]}<\/script>\n<!-- \/ Yoast SEO plugin. -->","yoast_head_json":{"title":"Home - L&#039;Or\u00e9e du Sabia - Vigneron Oc\u00e9anique","description":"Biodynamic vineyard, Brem sur Mer,wine tasting, visit of the cellar and the vines reception, meetings, teambuilding, wine bar","robots":{"index":"index","follow":"follow","max-snippet":"max-snippet:-1","max-image-preview":"max-image-preview:large","max-video-preview":"max-video-preview:-1"},"canonical":"https:\/\/www.loreedusabia.com\/en\/","og_locale":"en_GB","og_type":"article","og_title":"Home - L&#039;Or\u00e9e du Sabia - Vigneron Oc\u00e9anique","og_description":"Biodynamic vineyard, Brem sur Mer,wine tasting, visit of the cellar and the vines reception, meetings, teambuilding, wine bar","og_url":"https:\/\/www.loreedusabia.com\/en\/","og_site_name":"L&#039;Or\u00e9e du Sabia - Vigneron Oc\u00e9anique","article_modified_time":"2024-04-05T13:25:12+00:00","og_image":[{"url":"https:\/\/www.loreedusabia.com\/wp-content\/uploads\/2014\/12\/hr.png","type":"","width":"","height":""}],"twitter_card":"summary_large_image","twitter_misc":{"Estimated reading time":"4 minutes"},"schema":{"@context":"https:\/\/schema.org","@graph":[{"@type":"WebPage","@id":"https:\/\/www.loreedusabia.com\/en\/","url":"https:\/\/www.loreedusabia.com\/en\/","name":"Home - L&#039;Or\u00e9e du Sabia - Vigneron Oc\u00e9anique","isPartOf":{"@id":"https:\/\/www.loreedusabia.com\/fr\/#website"},"primaryImageOfPage":{"@id":"https:\/\/www.loreedusabia.com\/en\/#primaryimage"},"image":{"@id":"https:\/\/www.loreedusabia.com\/en\/#primaryimage"},"thumbnailUrl":"https:\/\/www.loreedusabia.com\/wp-content\/uploads\/2014\/12\/hr.png","datePublished":"2020-03-23T16:51:01+00:00","dateModified":"2024-04-05T13:25:12+00:00","description":"Biodynamic vineyard, Brem sur Mer,wine tasting, visit of the cellar and the vines reception, meetings, teambuilding, wine bar","breadcrumb":{"@id":"https:\/\/www.loreedusabia.com\/en\/#breadcrumb"},"inLanguage":"en-GB","potentialAction":[{"@type":"ReadAction","target":["https:\/\/www.loreedusabia.com\/en\/"]}]},{"@type":"ImageObject","inLanguage":"en-GB","@id":"https:\/\/www.loreedusabia.com\/en\/#primaryimage","url":"https:\/\/www.loreedusabia.com\/wp-content\/uploads\/2014\/12\/hr.png","contentUrl":"https:\/\/www.loreedusabia.com\/wp-content\/uploads\/2014\/12\/hr.png"},{"@type":"BreadcrumbList","@id":"https:\/\/www.loreedusabia.com\/en\/#breadcrumb","itemListElement":[{"@type":"ListItem","position":1,"name":"Accueil","item":"https:\/\/www.loreedusabia.com\/en\/"},{"@type":"ListItem","position":2,"name":"Home"}]},{"@type":"WebSite","@id":"https:\/\/www.loreedusabia.com\/fr\/#website","url":"https:\/\/www.loreedusabia.com\/fr\/","name":"L&#039;Or\u00e9e du Sabia - Vigneron Oc\u00e9anique","description":"Brem-Sur-Mer - Vend\u00e9e","publisher":{"@id":"https:\/\/www.loreedusabia.com\/fr\/#organization"},"potentialAction":[{"@type":"SearchAction","target":{"@type":"EntryPoint","urlTemplate":"https:\/\/www.loreedusabia.com\/fr\/?s={search_term_string}"},"query-input":{"@type":"PropertyValueSpecification","valueRequired":true,"valueName":"search_term_string"}}],"inLanguage":"en-GB"},{"@type":"Organization","@id":"https:\/\/www.loreedusabia.com\/fr\/#organization","name":"L'Or\u00e9e du Sabia","url":"https:\/\/www.loreedusabia.com\/fr\/","logo":{"@type":"ImageObject","inLanguage":"en-GB","@id":"https:\/\/www.loreedusabia.com\/fr\/#\/schema\/logo\/image\/","url":"https:\/\/www.loreedusabia.com\/wp-content\/uploads\/2020\/04\/logo_vert-oree-du-sabia@2x.png","contentUrl":"https:\/\/www.loreedusabia.com\/wp-content\/uploads\/2020\/04\/logo_vert-oree-du-sabia@2x.png","width":600,"height":75,"caption":"L'Or\u00e9e du Sabia"},"image":{"@id":"https:\/\/www.loreedusabia.com\/fr\/#\/schema\/logo\/image\/"}}]}},"_links":{"self":[{"href":"https:\/\/www.loreedusabia.com\/en\/wp-json\/wp\/v2\/pages\/1329","targetHints":{"allow":["GET"]}}],"collection":[{"href":"https:\/\/www.loreedusabia.com\/en\/wp-json\/wp\/v2\/pages"}],"about":[{"href":"https:\/\/www.loreedusabia.com\/en\/wp-json\/wp\/v2\/types\/page"}],"author":[{"embeddable":true,"href":"https:\/\/www.loreedusabia.com\/en\/wp-json\/wp\/v2\/users\/7"}],"replies":[{"embeddable":true,"href":"https:\/\/www.loreedusabia.com\/en\/wp-json\/wp\/v2\/comments?post=1329"}],"version-history":[{"count":17,"href":"https:\/\/www.loreedusabia.com\/en\/wp-json\/wp\/v2\/pages\/1329\/revisions"}],"predecessor-version":[{"id":5572,"href":"https:\/\/www.loreedusabia.com\/en\/wp-json\/wp\/v2\/pages\/1329\/revisions\/5572"}],"wp:attachment":[{"href":"https:\/\/www.loreedusabia.com\/en\/wp-json\/wp\/v2\/media?parent=1329"}],"curies":[{"name":"wp","href":"https:\/\/api.w.org\/{rel}","templated":true}]}}